{"id":210705,"date":"2024-10-02T16:09:29","date_gmt":"2024-10-02T21:09:29","guid":{"rendered":"https:\/\/www.ucm.edu.co\/sii\/?page_id=210705"},"modified":"2024-10-02T16:09:30","modified_gmt":"2024-10-02T21:09:30","slug":"consejo-de-i-ps-facultad","status":"publish","type":"page","link":"https:\/\/www.ucm.edu.co\/sii\/consejo-de-i-ps-facultad\/","title":{"rendered":"Consejo de I + PS Facultad"},"content":{"rendered":"\n<p>Organismo encargado de gestionar, orientar y asesorar el desarrollo de actividades de tipo investigativo, cient\u00edfico y tecnol\u00f3gico; y de actividades relacionadas con la integraci\u00f3n institucional, la responsabilidad social, la internacionalizaci\u00f3n y la extensi\u00f3n en cada una de las facultades y el CIEDU, en el marco de las pol\u00edticas, planes y misi\u00f3n institucional. Subordina sus decisiones al Consejo Acad\u00e9mico.<\/p>\n\n\n\n<h2 class=\"wp-block-heading\"><\/h2>\n\n\n\n<h2 class=\"wp-block-heading\">Funciones<\/h2>\n\n\n\n<p><strong>Investigaci\u00f3n<\/strong><br>a. Cumplir y hacer cumplir las pol\u00edticas, planes y programas institucionales para el desarrollo investigativo de las facultades.<br>b. Dise\u00f1ar y promover estrategias para el desarrollo de las pol\u00edticas, planes y programas institucionales relacionados con la investigaci\u00f3n en las respectivas facultades y CIEDU, garantizando su integraci\u00f3n en din\u00e1micas curriculares.<br>c. Analizar y emitir concepto sobre planes estrat\u00e9gicos, l\u00edneas y proyectos de investigaci\u00f3n que se produzcan en la facultad, y decidir sobre los mismos t\u00e9rminos de aprobaci\u00f3n o desaprobaci\u00f3n.<br>d. Promover en la facultad los procesos de capacitaci\u00f3n docente orientados a la formaci\u00f3n de investigadores.<br>e. Programar la difusi\u00f3n de los productos investigativos interna y externamente.<br>f. Fomentar la creaci\u00f3n y consolidaci\u00f3n de grupos de investigaci\u00f3n.<br>g. Evaluar los procesos y resultados de investigaci\u00f3n de la facultad.<br>h. Apoyar la gesti\u00f3n de los l\u00edderes de l\u00edneas y grupos de investigaci\u00f3n.<br>i. Analizar y emitir concepto sobre los proyectos de investigaci\u00f3n que se produzcan en la facultad y decidir sobre los mismos t\u00e9rminos de aprobaci\u00f3n o desaprobaci\u00f3n.<br>j. Velar por el fortalecimiento de la investigaci\u00f3n docente y el desarrollo de la investigaci\u00f3n formativa de los estudiantes durante el proceso acad\u00e9mico.<br>k. Acompa\u00f1ar y asesorar a los grupos de investigaci\u00f3n de la facultad para que participen en las convocatorias internas y externas de acuerdo con sus \u00e1reas de conocimiento.<br>l. Promover los semilleros de investigaci\u00f3n para motivar la generaci\u00f3n de relevo.<\/p>\n\n\n\n<p><strong>Proyecci\u00f3n Social<\/strong><br>a. Cumplir y hacer cumplir las pol\u00edticas, planes y programas institucionales para el desarrollo de la Proyecci\u00f3n Social de las facultades.<br>b. Implementar estrategias para la articulaci\u00f3n de la Proyecci\u00f3n Social con la docencia y la&nbsp; investigaci\u00f3n.<br>c. Analizar, emitir conceptos y aprobar proyectos y acciones de Proyecci\u00f3n Social que surjan desde la facultad.<br>d. Promover y apoyar acciones de integraci\u00f3n e interacci\u00f3n de los programas acad\u00e9micos y grupos de investigaci\u00f3n con instituciones, redes y organizaciones del contexto social y productivo en \u00e1mbitos locales, nacionales e internacionales.<br>e. Velar porque las pol\u00edticas y lineamientos institucionales de Proyecci\u00f3n Social se reflejen en los procesos curriculares de los programas acad\u00e9micos.<br>f. Promover, estudiar y aprobar servicios de educaci\u00f3n continuada, asesor\u00eda, consultor\u00eda y proyectos de desarrollo y emprendimiento, dirigidos a actores internos y externos.<br>g. Evaluar los procesos y los resultados de la Proyecci\u00f3n Social de la facultad.<\/p>\n\n\n\n<h2 class=\"wp-block-heading\">Composici\u00f3n<\/h2>\n\n\n\n<p>\u2022 Decano de facultad, quien convoca y preside.<br>\u2022 Direcci\u00f3n Centro de Investigaci\u00f3n, Proyecci\u00f3n y Desarrollo<br>\u2022 Direcci\u00f3n de cada programa acad\u00e9mico de pregrado y postgrado<br>\u2022 Coordinaci\u00f3n Unidad de Proyecci\u00f3n Social<br>\u2022 Coordinaci\u00f3n Investigaci\u00f3n y Proyecci\u00f3n Social de facultad<br>\u2022 Coordinaci\u00f3n Investigaci\u00f3n en postgrado<br>\u2022 Representante de Coordinadores de Pr\u00e1ctica<br>\u2022 L\u00edder de cada Grupo de Investigaci\u00f3n de la Facultad<br>\u2022 Representante de Estudiantes de Semilleros designado por la Decanatura<\/p>\n\n\n\n<p>De acuerdo con la naturaleza de las sesiones, se podr\u00e1 contar con docentes y representantes de dependencias relacionadas con asuntos inherentes a la investigaci\u00f3n y proyecci\u00f3n social, seg\u00fan la naturaleza de los proyectos.<\/p>\n","protected":false},"excerpt":{"rendered":"<p>Organismo encargado de gestionar, orientar y asesorar el desarrollo de actividades de tipo investigativo, cient\u00edfico y tecnol\u00f3gico; y de actividades relacionadas con la integraci\u00f3n institucional, la responsabilidad social, la internacionalizaci\u00f3n [&hellip;]<\/p>\n","protected":false},"author":2,"featured_media":0,"parent":0,"menu_order":1,"comment_status":"closed","ping_status":"closed","template":"","meta":{"_et_pb_use_builder":"off","_et_pb_old_content":"","_et_gb_content_width":"","footnotes":""},"class_list":["post-210705","page","type-page","status-publish","hentry"],"_links":{"self":[{"href":"https:\/\/www.ucm.edu.co\/sii\/wp-json\/wp\/v2\/pages\/210705","targetHints":{"allow":["GET"]}}],"collection":[{"href":"https:\/\/www.ucm.edu.co\/sii\/wp-json\/wp\/v2\/pages"}],"about":[{"href":"https:\/\/www.ucm.edu.co\/sii\/wp-json\/wp\/v2\/types\/page"}],"author":[{"embeddable":true,"href":"https:\/\/www.ucm.edu.co\/sii\/wp-json\/wp\/v2\/users\/2"}],"replies":[{"embeddable":true,"href":"https:\/\/www.ucm.edu.co\/sii\/wp-json\/wp\/v2\/comments?post=210705"}],"version-history":[{"count":1,"href":"https:\/\/www.ucm.edu.co\/sii\/wp-json\/wp\/v2\/pages\/210705\/revisions"}],"predecessor-version":[{"id":210706,"href":"https:\/\/www.ucm.edu.co\/sii\/wp-json\/wp\/v2\/pages\/210705\/revisions\/210706"}],"wp:attachment":[{"href":"https:\/\/www.ucm.edu.co\/sii\/wp-json\/wp\/v2\/media?parent=210705"}],"curies":[{"name":"wp","href":"https:\/\/api.w.org\/{rel}","templated":true}]}}