{"id":210703,"date":"2024-10-02T16:08:50","date_gmt":"2024-10-02T21:08:50","guid":{"rendered":"https:\/\/www.ucm.edu.co\/sii\/?page_id=210703"},"modified":"2024-10-02T16:08:52","modified_gmt":"2024-10-02T21:08:52","slug":"comite-editorial","status":"publish","type":"page","link":"https:\/\/www.ucm.edu.co\/sii\/comite-editorial\/","title":{"rendered":"Comit\u00e9 Editorial"},"content":{"rendered":"\n<p>Instancia acad\u00e9mico-administrativa responsable de las decisiones institucionales alrededor de las obras cient\u00edficas y culturales susceptibles de ser publicadas por la instituci\u00f3n, siempre que se consideren en perspectiva de beneficio acad\u00e9mico, social y cultural.<\/p>\n\n\n\n<h2 class=\"wp-block-heading\">Funciones<\/h2>\n\n\n\n<p>Subcomit\u00e9 Cient\u00edfico y Acad\u00e9mico<br>a. Proponer estrategias para la promoci\u00f3n y cualificaci\u00f3n de la producci\u00f3n escrita en la Universidad.<br>b. Analizar y evaluar la producci\u00f3n escrita de la Universidad (revistas, libros, m\u00f3dulos y revistas electr\u00f3nicas).<br>c. Remitir la producci\u00f3n escrita de la Universidad a valoraci\u00f3n por parte de pares expertos.<br>d. Vigilar y proteger la propiedad intelectual de la Universidad y proponer regulaciones sobre derechos patrimoniales y morales de la producci\u00f3n escrita.<\/p>\n\n\n\n<h2 class=\"wp-block-heading\">Subcomit\u00e9 T\u00e9cnico<\/h2>\n\n\n\n<p>a. Elaborar planes estrat\u00e9gicos para la edici\u00f3n de la producci\u00f3n escrita (plan operativo y de inversiones) de la Universidad.<br>b. Diagramar, dise\u00f1ar y editar la producci\u00f3n escrita de la Universidad.<br>c. Acopiar y clasificar la producci\u00f3n escrita de la Universidad.<br>d. Garantizar la calidad en la correcci\u00f3n de estilo y la traducci\u00f3n a otras lenguas.<br>e. Aplicar normas de edici\u00f3n de alta calidad, con \u00e9nfasis en el car\u00e1cter t\u00e9cnico-cient\u00edfico de publicaciones especializadas.<br>f. Establecer estrategias de difusi\u00f3n y comercializaci\u00f3n de la producci\u00f3n escrita de la Universidad.<\/p>\n\n\n\n<h2 class=\"wp-block-heading\">Composici\u00f3n<\/h2>\n\n\n\n<p>El Comit\u00e9 Editorial est\u00e1 conformado por representantes de las siguientes instancias:<\/p>\n\n\n\n<p><strong>Subcomit\u00e9 Cient\u00edfico y Acad\u00e9mico<\/strong><br>\u2022 Vicerrector\u00eda Acad\u00e9mica<br>\u2022 Vicerrector\u00eda de Desarrollo Humano Cristiano<br>\u2022 Direcci\u00f3n Centro de Investigaci\u00f3n, Proyecci\u00f3n y Desarrollo<br>\u2022 Facultades<br>\u2022 Centro de Educaci\u00f3n Abierta y a Distancia CIEDU<br>\u2022 Maestr\u00eda en Educaci\u00f3n<br>\u2022 Docentes Investigadores<br>\u2022 Invitados expertos con t\u00edtulo de Doctor en diferentes campos del saber<\/p>\n\n\n\n<p>La Secretar\u00eda T\u00e9cnica del Comit\u00e9 est\u00e1 a cargo del Centro de Investigaci\u00f3n, Proyecci\u00f3n y Desarrollo.<\/p>\n\n\n\n<p><strong>Subcomit\u00e9 T\u00e9cnico<\/strong><br>\u2022 Direcci\u00f3n Jur\u00eddica y Administrativa de Personal<br>\u2022 Direcci\u00f3n Financiera<br>\u2022 Consejo de Investigaci\u00f3n por Facultad<br>\u2022 Direcci\u00f3n de Comunicaciones y Mercadeo<br>\u2022 Unidad de Sistemas<br>\u2022 Unidad de Capacitaci\u00f3n<br>\u2022 Centro de Idiomas<br>\u2022 Direcci\u00f3n de la Biblioteca<br>\u2022 Centro de Publicaciones<\/p>\n","protected":false},"excerpt":{"rendered":"<p>Instancia acad\u00e9mico-administrativa responsable de las decisiones institucionales alrededor de las obras cient\u00edficas y culturales susceptibles de ser publicadas por la instituci\u00f3n, siempre que se consideren en perspectiva de beneficio acad\u00e9mico, [&hellip;]<\/p>\n","protected":false},"author":2,"featured_media":0,"parent":0,"menu_order":3,"comment_status":"closed","ping_status":"closed","template":"","meta":{"_et_pb_use_builder":"off","_et_pb_old_content":"","_et_gb_content_width":"","footnotes":""},"class_list":["post-210703","page","type-page","status-publish","hentry"],"_links":{"self":[{"href":"https:\/\/www.ucm.edu.co\/sii\/wp-json\/wp\/v2\/pages\/210703","targetHints":{"allow":["GET"]}}],"collection":[{"href":"https:\/\/www.ucm.edu.co\/sii\/wp-json\/wp\/v2\/pages"}],"about":[{"href":"https:\/\/www.ucm.edu.co\/sii\/wp-json\/wp\/v2\/types\/page"}],"author":[{"embeddable":true,"href":"https:\/\/www.ucm.edu.co\/sii\/wp-json\/wp\/v2\/users\/2"}],"replies":[{"embeddable":true,"href":"https:\/\/www.ucm.edu.co\/sii\/wp-json\/wp\/v2\/comments?post=210703"}],"version-history":[{"count":1,"href":"https:\/\/www.ucm.edu.co\/sii\/wp-json\/wp\/v2\/pages\/210703\/revisions"}],"predecessor-version":[{"id":210704,"href":"https:\/\/www.ucm.edu.co\/sii\/wp-json\/wp\/v2\/pages\/210703\/revisions\/210704"}],"wp:attachment":[{"href":"https:\/\/www.ucm.edu.co\/sii\/wp-json\/wp\/v2\/media?parent=210703"}],"curies":[{"name":"wp","href":"https:\/\/api.w.org\/{rel}","templated":true}]}}