{"id":210701,"date":"2024-10-02T16:08:06","date_gmt":"2024-10-02T21:08:06","guid":{"rendered":"https:\/\/www.ucm.edu.co\/sii\/?page_id=210701"},"modified":"2024-10-02T16:08:07","modified_gmt":"2024-10-02T21:08:07","slug":"comite-etico-de-investigacion","status":"publish","type":"page","link":"https:\/\/www.ucm.edu.co\/sii\/comite-etico-de-investigacion\/","title":{"rendered":"Comit\u00e9 \u00c9tico de Investigaci\u00f3n"},"content":{"rendered":"\n<p>Organismo de asesor\u00eda y estudio, conformado por un grupo de personas de la comunidad acad\u00e9mica, que se propone velar porque se apliquen los principios \u00e9ticos y las normas cient\u00edficas, t\u00e9cnicas y administrativas acordes con la dignidad de los seres humanos y el respeto a la naturaleza; seg\u00fan se dispone en los c\u00f3digos nacionales e internacionales, en relaci\u00f3n con la investigaci\u00f3n.<\/p>\n\n\n\n<h2 class=\"wp-block-heading\">Funciones<\/h2>\n\n\n\n<p>\u2022 Establecer un referente \u00e9tico formativo para los proyectos de investigaci\u00f3n ydesarrollo.<br>\u2022 Promover el estudio de los principios y las normas \u00e9ticas nacionales e internacionales, en relaci\u00f3n con la investigaci\u00f3n.<br>\u2022 Elaborar, publicar y difundir los lineamientos y documentos orientadores para la inclusi\u00f3n del componente \u00e9tico en los proyectos de investigaci\u00f3n.<br>\u2022 Avalar las investigaciones, asegurando la aplicaci\u00f3n de los Principios \u00c9ticos en todos los procesos de investigaci\u00f3n:<\/p>\n\n\n\n<p>\u2013 Idoneidad del proyecto<br>\u2013 Competencia de los investigadores.<br>\u2013 Validez de los criterios de selecci\u00f3n de las personas y poblaci\u00f3n natural que ser\u00e1n estudiadas en la investigaci\u00f3n.<br>\u2013 Balance positivo entre beneficios y riesgos, salvaguardando la integridad gen\u00e9tica, f\u00edsica y funcional, y el bienestar de cada ser humano que interviene en la investigaci\u00f3n.<br>\u2013 Valoraci\u00f3n de la repercusi\u00f3n social de los resultados de la investigaci\u00f3n y la prioridad que tiene con respecto a las necesidades de la poblaci\u00f3n.<br>\u2013 Cumplimiento de todos los requisitos para el consentimiento informado.<br>\u2013 Cumplimiento de los principios de privacidad y confidencialidad en todo el proceso de investigaci\u00f3n y en la publicaci\u00f3n y manejo de los resultados.<br>\u2013 An\u00e1lisis de posibles efectos \u00e9ticos y jur\u00eddicos que pueden derivarse del proceso investigativo.<\/p>\n\n\n\n<p>\u2022 Asesorar, acompa\u00f1ar y orientar en la toma de decisiones \u00e9ticas a que se vean abocados los grupos de investigaci\u00f3n institucional.<br>\u2022 Asesorar a los investigadores para asegurar el cumplimiento de las normas \u00e9ticas nacionales e internacionales.<br>\u2022 Actuar\u00e1 como secretari@ uno de los miembros elegido por el Comit\u00e9.<\/p>\n\n\n\n<h2 class=\"wp-block-heading\">Composici\u00f3n<\/h2>\n\n\n\n<p>En el Comit\u00e9 \u00c9tico de Investigaciones participan los siguientes actores:<br>\u2022 El Director del Centro de Investigaci\u00f3n, Proyecci\u00f3n y Desarrollo, quien convoca y preside.<br>\u2022 Un representante del \u00c1rea de Formaci\u00f3n Humano-Cristiana con formaci\u00f3n filos\u00f3fica y \u00e9tica.<br>\u2022 Un representante por cada facultad.<br>\u2022 Un represente de los centros e institutos.<\/p>\n","protected":false},"excerpt":{"rendered":"<p>Organismo de asesor\u00eda y estudio, conformado por un grupo de personas de la comunidad acad\u00e9mica, que se propone velar porque se apliquen los principios \u00e9ticos y las normas cient\u00edficas, t\u00e9cnicas [&hellip;]<\/p>\n","protected":false},"author":2,"featured_media":0,"parent":0,"menu_order":4,"comment_status":"closed","ping_status":"closed","template":"","meta":{"_et_pb_use_builder":"off","_et_pb_old_content":"","_et_gb_content_width":"","footnotes":""},"class_list":["post-210701","page","type-page","status-publish","hentry"],"_links":{"self":[{"href":"https:\/\/www.ucm.edu.co\/sii\/wp-json\/wp\/v2\/pages\/210701","targetHints":{"allow":["GET"]}}],"collection":[{"href":"https:\/\/www.ucm.edu.co\/sii\/wp-json\/wp\/v2\/pages"}],"about":[{"href":"https:\/\/www.ucm.edu.co\/sii\/wp-json\/wp\/v2\/types\/page"}],"author":[{"embeddable":true,"href":"https:\/\/www.ucm.edu.co\/sii\/wp-json\/wp\/v2\/users\/2"}],"replies":[{"embeddable":true,"href":"https:\/\/www.ucm.edu.co\/sii\/wp-json\/wp\/v2\/comments?post=210701"}],"version-history":[{"count":1,"href":"https:\/\/www.ucm.edu.co\/sii\/wp-json\/wp\/v2\/pages\/210701\/revisions"}],"predecessor-version":[{"id":210702,"href":"https:\/\/www.ucm.edu.co\/sii\/wp-json\/wp\/v2\/pages\/210701\/revisions\/210702"}],"wp:attachment":[{"href":"https:\/\/www.ucm.edu.co\/sii\/wp-json\/wp\/v2\/media?parent=210701"}],"curies":[{"name":"wp","href":"https:\/\/api.w.org\/{rel}","templated":true}]}}