{"id":225,"date":"2023-04-18T11:27:51","date_gmt":"2023-04-18T16:27:51","guid":{"rendered":"https:\/\/www.ucm.edu.co\/radio\/?page_id=225"},"modified":"2023-05-26T08:23:13","modified_gmt":"2023-05-26T13:23:13","slug":"calendario","status":"publish","type":"page","link":"https:\/\/www.ucm.edu.co\/radio\/calendario\/","title":{"rendered":"Calendario"},"content":{"rendered":"<div id=\"contenedor_calendario\"class=\"contenedor_elementos_apilables\">\n\t<div id=\"barra_selectores_filtro\">\n\t\t<select id=\"filter_month\" class=\"isotope-filter\" name=\"filter_month\">\n\t\t\t<option value=\"\" selected>Cualquier fecha<\/option>\n\t\t\t\t\t\t\t<option value=\"m2024-09\">Septiembre - 2024<\/option>\n\t\t\t\t\t<\/select>\n\t<\/div>\n\n\t<div class=\"evento_lista isotope\">\n\t\t\t\t\t<div class=\"evento_listado elemento_apilable texto_azul_cuatro fondo_gris_uno enlace m2024-09\" data-enlace=\"https:\/\/www.ucm.edu.co\/radio\/event\/universidad-en-salida-para-organizar-la-esperanza\/\" data-month=\"2024-09\">\n\t\t\t\t<div class=\"imagen_evento_listado\">\n\t\t\t\t\t<img decoding=\"async\" src=\"https:\/\/www.ucm.edu.co\/radio\/wp-content\/uploads\/2024\/08\/Universidad_en_Salida_invitacion-2-300x0-c-f.jpg\">\n\t\t\t\t<\/div>\n\t\t\t\t<div class=\"fecha_evento_listado fondo_azul_cuatro\">\n\t\t\t\t\t<h2 class=\"texto_blanco\">\n\t\t\t\t\t\tSep 02\n\t\t\t\t\t\t de 2024\n\t\t\t\t\t<\/h2>\n\t\t\t\t<\/div>\n\t\t\t\t<div class=\"overlap_elemento_apilable\"><\/div>\n\t\t\t\t<div class=\"textos_elemento_apilable\">\n\t\t\t\t\t<h3>\n\t\t\t\t\t\t<a href=\"https:\/\/www.ucm.edu.co\/radio\/event\/universidad-en-salida-para-organizar-la-esperanza\/\">Universidad en salida para organizar la esperanza<\/a>\n\t\t\t\t\t<\/h3>\n\t\t\t\t\t<p class=\"texto_azul_tres\">La Pontificia Universidad Cat\u00f3lica de Puerto Rico nos acompa\u00f1ar\u00e1 este 2 de septiembre para hablar del fortalecimiento de nuestra identidad institucional, y en c\u00f3mo\u00a0nuestra Universidad se proyecta con esperanza&#8230;. acomp\u00e1\u00f1anos en esta conferencia que nos hace estar en sinton\u00eda con las otras Universidades Cat\u00f3licas y con perspectivas globales de evoluci\u00f3n.<\/p>\n\t\t\t\t<\/div>\n\t\t\t\t<span class=\"texto_azul_uno texto_grande texto_bold\">+<\/span>\n\t\t\t<\/div>\n\t\t\t<\/div>\n\n<\/div>\n\n\n\n\n<div style=\"height:40px\" aria-hidden=\"true\" class=\"wp-block-spacer\"><\/div>\n\n\n\n<div class=\"wp-block-buttons is-layout-flex wp-block-buttons-is-layout-flex\">\n<div class=\"wp-block-button\"><a class=\"boton_generico wp-block-button__link wp-element-button\" href=\"https:\/\/www.ucm.edu.co\/radio\/events\/\">Conoce nuestros eventos anteriores<\/a><\/div>\n<\/div>\n","protected":false},"excerpt":{"rendered":"","protected":false},"author":2,"featured_media":0,"parent":0,"menu_order":214,"comment_status":"closed","ping_status":"closed","template":"","meta":{"_et_pb_use_builder":"off","_et_pb_old_content":"","_et_gb_content_width":"","_monsterinsights_skip_tracking":false,"_monsterinsights_sitenote_active":false,"_monsterinsights_sitenote_note":"","_monsterinsights_sitenote_category":0,"footnotes":""},"class_list":["post-225","page","type-page","status-publish","hentry"],"_links":{"self":[{"href":"https:\/\/www.ucm.edu.co\/radio\/wp-json\/wp\/v2\/pages\/225","targetHints":{"allow":["GET"]}}],"collection":[{"href":"https:\/\/www.ucm.edu.co\/radio\/wp-json\/wp\/v2\/pages"}],"about":[{"href":"https:\/\/www.ucm.edu.co\/radio\/wp-json\/wp\/v2\/types\/page"}],"author":[{"embeddable":true,"href":"https:\/\/www.ucm.edu.co\/radio\/wp-json\/wp\/v2\/users\/2"}],"replies":[{"embeddable":true,"href":"https:\/\/www.ucm.edu.co\/radio\/wp-json\/wp\/v2\/comments?post=225"}],"version-history":[{"count":4,"href":"https:\/\/www.ucm.edu.co\/radio\/wp-json\/wp\/v2\/pages\/225\/revisions"}],"predecessor-version":[{"id":209502,"href":"https:\/\/www.ucm.edu.co\/radio\/wp-json\/wp\/v2\/pages\/225\/revisions\/209502"}],"wp:attachment":[{"href":"https:\/\/www.ucm.edu.co\/radio\/wp-json\/wp\/v2\/media?parent=225"}],"curies":[{"name":"wp","href":"https:\/\/api.w.org\/{rel}","templated":true}]}}