{"id":830,"date":"2026-03-20T17:12:50","date_gmt":"2026-03-20T22:12:50","guid":{"rendered":"https:\/\/www.ucm.edu.co\/pdi\/?page_id=830"},"modified":"2026-03-20T17:50:24","modified_gmt":"2026-03-20T22:50:24","slug":"jornadas-de-rendicion-de-cuentas","status":"publish","type":"page","link":"https:\/\/www.ucm.edu.co\/pdi\/jornadas-de-rendicion-de-cuentas\/","title":{"rendered":"Jornadas de Rendici\u00f3n de Cuentas"},"content":{"rendered":"\t\t<div data-elementor-type=\"wp-page\" data-elementor-id=\"830\" class=\"elementor elementor-830\" data-elementor-post-type=\"page\">\n\t\t\t\t<div class=\"elementor-element elementor-element-1d4de05 e-con-full e-flex e-con e-parent\" data-id=\"1d4de05\" data-element_type=\"container\" data-e-type=\"container\" data-settings=\"{&quot;background_background&quot;:&quot;video&quot;,&quot;background_video_link&quot;:&quot;https:\\\/\\\/www.ucm.edu.co\\\/pdi\\\/wp-content\\\/uploads\\\/2026\\\/03\\\/mural-ucm.mp4&quot;,&quot;background_play_on_mobile&quot;:&quot;yes&quot;}\">\n\t\t<div class=\"elementor-background-video-container\">\n\t\t\t\t\t\t\t<video class=\"elementor-background-video-hosted\" role=\"presentation\" autoplay muted playsinline loop><\/video>\n\t\t\t\t\t<\/div><div class=\"elementor-element elementor-element-fc5b0a6 e-flex e-con-boxed e-con e-child\" data-id=\"fc5b0a6\" data-element_type=\"container\" data-e-type=\"container\">\n\t\t\t\t\t<div class=\"e-con-inner\">\n\t\t\t\t<div class=\"elementor-element elementor-element-a9c4025 elementor-widget elementor-widget-heading\" data-id=\"a9c4025\" data-element_type=\"widget\" data-e-type=\"widget\" data-widget_type=\"heading.default\">\n\t\t\t\t\t<h1 class=\"elementor-heading-title elementor-size-default\">Rendici\u00f3n de cuentas<\/h1>\t\t\t\t<\/div>\n\t\t\t\t<div class=\"elementor-element elementor-element-9fad7fc elementor-widget__width-initial elementor-widget elementor-widget-heading\" data-id=\"9fad7fc\" data-element_type=\"widget\" data-e-type=\"widget\" data-widget_type=\"heading.default\">\n\t\t\t\t\t<h1 class=\"elementor-heading-title elementor-size-default\">Jornadas de Rendici\u00f3n de Cuentas<\/h1>\t\t\t\t<\/div>\n\t\t\t\t\t<\/div>\n\t\t\t\t<\/div>\n\t\t\t\t<\/div>\n\t\t<div class=\"elementor-element elementor-element-9ed2ced e-flex e-con-boxed e-con e-parent\" data-id=\"9ed2ced\" data-element_type=\"container\" data-e-type=\"container\">\n\t\t\t\t\t<div class=\"e-con-inner\">\n\t\t<div class=\"elementor-element elementor-element-bfe3f9e e-con-full e-flex e-con e-child\" data-id=\"bfe3f9e\" data-element_type=\"container\" data-e-type=\"container\">\n\t\t\t\t<div class=\"elementor-element elementor-element-f5d91b8 elementor-widget elementor-widget-image\" data-id=\"f5d91b8\" data-element_type=\"widget\" data-e-type=\"widget\" data-widget_type=\"image.default\">\n\t\t\t\t\t\t\t\t\t\t\t\t\t\t\t<img fetchpriority=\"high\" decoding=\"async\" width=\"800\" height=\"450\" src=\"https:\/\/www.ucm.edu.co\/pdi\/wp-content\/uploads\/2026\/03\/rendicion-de-cuentas-ucm-gestion-del-cambio.jpg\" class=\"attachment-large size-large wp-image-832\" alt=\"\" srcset=\"https:\/\/www.ucm.edu.co\/pdi\/wp-content\/uploads\/2026\/03\/rendicion-de-cuentas-ucm-gestion-del-cambio.jpg 800w, https:\/\/www.ucm.edu.co\/pdi\/wp-content\/uploads\/2026\/03\/rendicion-de-cuentas-ucm-gestion-del-cambio-300x169.jpg 300w, https:\/\/www.ucm.edu.co\/pdi\/wp-content\/uploads\/2026\/03\/rendicion-de-cuentas-ucm-gestion-del-cambio-768x432.jpg 768w\" sizes=\"(max-width: 800px) 100vw, 800px\" \/>\t\t\t\t\t\t\t\t\t\t\t\t\t\t\t<\/div>\n\t\t\t\t<\/div>\n\t\t<div class=\"elementor-element elementor-element-537f971 e-con-full e-flex e-con e-child\" data-id=\"537f971\" data-element_type=\"container\" data-e-type=\"container\">\n\t\t\t\t<div class=\"elementor-element elementor-element-66667ad elementor-widget elementor-widget-text-editor\" data-id=\"66667ad\" data-element_type=\"widget\" data-e-type=\"widget\" data-widget_type=\"text-editor.default\">\n\t\t\t\t\t\t\t\t\t<p>La Universidad Cat\u00f3lica de Manizales realiz\u00f3 su Rendici\u00f3n de Cuentas correspondiente al periodo 2025-2, socializando los avances de la gesti\u00f3n institucional, la Gesti\u00f3n del Cambio y las proyecciones del Plan de Desarrollo Institucional 2026\u20132030, en un ejercicio de transparencia, compromiso y construcci\u00f3n colectiva con la comunidad universitaria.<\/p>\t\t\t\t\t\t\t\t<\/div>\n\t\t\t\t<div class=\"elementor-element elementor-element-5d5e21c elementor-mobile-align-center elementor-widget elementor-widget-button\" data-id=\"5d5e21c\" data-element_type=\"widget\" data-e-type=\"widget\" data-widget_type=\"button.default\">\n\t\t\t\t\t\t\t\t\t\t<a class=\"elementor-button elementor-button-link elementor-size-sm\" href=\"https:\/\/www.ucm.edu.co\/la-ucm-fortalece-su-futuro-con-rendicion-de-cuentas-y-vision-estrategica\/\" target=\"_blank\">\n\t\t\t\t\t\t<span class=\"elementor-button-content-wrapper\">\n\t\t\t\t\t\t\t\t\t<span class=\"elementor-button-text\">Leer nota completa<\/span>\n\t\t\t\t\t<\/span>\n\t\t\t\t\t<\/a>\n\t\t\t\t\t\t\t\t<\/div>\n\t\t\t\t<\/div>\n\t\t\t\t\t<\/div>\n\t\t\t\t<\/div>\n\t\t<div class=\"elementor-element elementor-element-3771ab4 e-flex e-con-boxed e-con e-parent\" data-id=\"3771ab4\" data-element_type=\"container\" data-e-type=\"container\">\n\t\t\t\t\t<div class=\"e-con-inner\">\n\t\t\t\t<div class=\"elementor-element elementor-element-a82cc8b gallery-spacing-custom elementor-widget elementor-widget-image-gallery\" data-id=\"a82cc8b\" data-element_type=\"widget\" data-e-type=\"widget\" data-widget_type=\"image-gallery.default\">\n\t\t\t\t\t\t\t<div class=\"elementor-image-gallery\">\n\t\t\t<div id='gallery-1' class='gallery galleryid-830 gallery-columns-4 gallery-size-full'><figure class='gallery-item'>\n\t\t\t<div class='gallery-icon landscape'>\n\t\t\t\t<a data-elementor-open-lightbox=\"yes\" data-elementor-lightbox-slideshow=\"a82cc8b\" data-elementor-lightbox-title=\"jornada-rendicion-cuentas-01\" data-e-action-hash=\"#elementor-action%3Aaction%3Dlightbox%26settings%3DeyJpZCI6ODM4LCJ1cmwiOiJodHRwczpcL1wvd3d3LnVjbS5lZHUuY29cL3BkaVwvd3AtY29udGVudFwvdXBsb2Fkc1wvMjAyNlwvMDNcL2pvcm5hZGEtcmVuZGljaW9uLWN1ZW50YXMtMDEuanBnIiwic2xpZGVzaG93IjoiYTgyY2M4YiJ9\" href='https:\/\/www.ucm.edu.co\/pdi\/wp-content\/uploads\/2026\/03\/jornada-rendicion-cuentas-01.jpg'><img decoding=\"async\" width=\"1280\" height=\"853\" src=\"https:\/\/www.ucm.edu.co\/pdi\/wp-content\/uploads\/2026\/03\/jornada-rendicion-cuentas-01.jpg\" class=\"attachment-full size-full\" alt=\"\" srcset=\"https:\/\/www.ucm.edu.co\/pdi\/wp-content\/uploads\/2026\/03\/jornada-rendicion-cuentas-01.jpg 1280w, https:\/\/www.ucm.edu.co\/pdi\/wp-content\/uploads\/2026\/03\/jornada-rendicion-cuentas-01-300x200.jpg 300w, https:\/\/www.ucm.edu.co\/pdi\/wp-content\/uploads\/2026\/03\/jornada-rendicion-cuentas-01-1024x682.jpg 1024w, https:\/\/www.ucm.edu.co\/pdi\/wp-content\/uploads\/2026\/03\/jornada-rendicion-cuentas-01-768x512.jpg 768w\" sizes=\"(max-width: 1280px) 100vw, 1280px\" \/><\/a>\n\t\t\t<\/div><\/figure><figure class='gallery-item'>\n\t\t\t<div class='gallery-icon landscape'>\n\t\t\t\t<a data-elementor-open-lightbox=\"yes\" data-elementor-lightbox-slideshow=\"a82cc8b\" data-elementor-lightbox-title=\"jornada-rendicion-cuentas-02\" data-e-action-hash=\"#elementor-action%3Aaction%3Dlightbox%26settings%3DeyJpZCI6ODM5LCJ1cmwiOiJodHRwczpcL1wvd3d3LnVjbS5lZHUuY29cL3BkaVwvd3AtY29udGVudFwvdXBsb2Fkc1wvMjAyNlwvMDNcL2pvcm5hZGEtcmVuZGljaW9uLWN1ZW50YXMtMDIuanBnIiwic2xpZGVzaG93IjoiYTgyY2M4YiJ9\" href='https:\/\/www.ucm.edu.co\/pdi\/wp-content\/uploads\/2026\/03\/jornada-rendicion-cuentas-02.jpg'><img decoding=\"async\" width=\"1280\" height=\"853\" src=\"https:\/\/www.ucm.edu.co\/pdi\/wp-content\/uploads\/2026\/03\/jornada-rendicion-cuentas-02.jpg\" class=\"attachment-full size-full\" alt=\"\" srcset=\"https:\/\/www.ucm.edu.co\/pdi\/wp-content\/uploads\/2026\/03\/jornada-rendicion-cuentas-02.jpg 1280w, https:\/\/www.ucm.edu.co\/pdi\/wp-content\/uploads\/2026\/03\/jornada-rendicion-cuentas-02-300x200.jpg 300w, https:\/\/www.ucm.edu.co\/pdi\/wp-content\/uploads\/2026\/03\/jornada-rendicion-cuentas-02-1024x682.jpg 1024w, https:\/\/www.ucm.edu.co\/pdi\/wp-content\/uploads\/2026\/03\/jornada-rendicion-cuentas-02-768x512.jpg 768w\" sizes=\"(max-width: 1280px) 100vw, 1280px\" \/><\/a>\n\t\t\t<\/div><\/figure><figure class='gallery-item'>\n\t\t\t<div class='gallery-icon landscape'>\n\t\t\t\t<a data-elementor-open-lightbox=\"yes\" data-elementor-lightbox-slideshow=\"a82cc8b\" data-elementor-lightbox-title=\"jornada-rendicion-cuentas-03\" data-e-action-hash=\"#elementor-action%3Aaction%3Dlightbox%26settings%3DeyJpZCI6ODQwLCJ1cmwiOiJodHRwczpcL1wvd3d3LnVjbS5lZHUuY29cL3BkaVwvd3AtY29udGVudFwvdXBsb2Fkc1wvMjAyNlwvMDNcL2pvcm5hZGEtcmVuZGljaW9uLWN1ZW50YXMtMDMuanBnIiwic2xpZGVzaG93IjoiYTgyY2M4YiJ9\" href='https:\/\/www.ucm.edu.co\/pdi\/wp-content\/uploads\/2026\/03\/jornada-rendicion-cuentas-03.jpg'><img loading=\"lazy\" decoding=\"async\" width=\"1280\" height=\"853\" src=\"https:\/\/www.ucm.edu.co\/pdi\/wp-content\/uploads\/2026\/03\/jornada-rendicion-cuentas-03.jpg\" class=\"attachment-full size-full\" alt=\"\" srcset=\"https:\/\/www.ucm.edu.co\/pdi\/wp-content\/uploads\/2026\/03\/jornada-rendicion-cuentas-03.jpg 1280w, https:\/\/www.ucm.edu.co\/pdi\/wp-content\/uploads\/2026\/03\/jornada-rendicion-cuentas-03-300x200.jpg 300w, https:\/\/www.ucm.edu.co\/pdi\/wp-content\/uploads\/2026\/03\/jornada-rendicion-cuentas-03-1024x682.jpg 1024w, https:\/\/www.ucm.edu.co\/pdi\/wp-content\/uploads\/2026\/03\/jornada-rendicion-cuentas-03-768x512.jpg 768w\" sizes=\"(max-width: 1280px) 100vw, 1280px\" \/><\/a>\n\t\t\t<\/div><\/figure><figure class='gallery-item'>\n\t\t\t<div class='gallery-icon landscape'>\n\t\t\t\t<a data-elementor-open-lightbox=\"yes\" data-elementor-lightbox-slideshow=\"a82cc8b\" data-elementor-lightbox-title=\"jornada-rendicion-cuentas-04\" data-e-action-hash=\"#elementor-action%3Aaction%3Dlightbox%26settings%3DeyJpZCI6ODQxLCJ1cmwiOiJodHRwczpcL1wvd3d3LnVjbS5lZHUuY29cL3BkaVwvd3AtY29udGVudFwvdXBsb2Fkc1wvMjAyNlwvMDNcL2pvcm5hZGEtcmVuZGljaW9uLWN1ZW50YXMtMDQuanBnIiwic2xpZGVzaG93IjoiYTgyY2M4YiJ9\" href='https:\/\/www.ucm.edu.co\/pdi\/wp-content\/uploads\/2026\/03\/jornada-rendicion-cuentas-04.jpg'><img loading=\"lazy\" decoding=\"async\" width=\"1280\" height=\"853\" src=\"https:\/\/www.ucm.edu.co\/pdi\/wp-content\/uploads\/2026\/03\/jornada-rendicion-cuentas-04.jpg\" class=\"attachment-full size-full\" alt=\"\" srcset=\"https:\/\/www.ucm.edu.co\/pdi\/wp-content\/uploads\/2026\/03\/jornada-rendicion-cuentas-04.jpg 1280w, https:\/\/www.ucm.edu.co\/pdi\/wp-content\/uploads\/2026\/03\/jornada-rendicion-cuentas-04-300x200.jpg 300w, https:\/\/www.ucm.edu.co\/pdi\/wp-content\/uploads\/2026\/03\/jornada-rendicion-cuentas-04-1024x682.jpg 1024w, https:\/\/www.ucm.edu.co\/pdi\/wp-content\/uploads\/2026\/03\/jornada-rendicion-cuentas-04-768x512.jpg 768w\" sizes=\"(max-width: 1280px) 100vw, 1280px\" \/><\/a>\n\t\t\t<\/div><\/figure><figure class='gallery-item'>\n\t\t\t<div class='gallery-icon landscape'>\n\t\t\t\t<a data-elementor-open-lightbox=\"yes\" data-elementor-lightbox-slideshow=\"a82cc8b\" data-elementor-lightbox-title=\"jornada-rendicion-cuentas-05\" data-e-action-hash=\"#elementor-action%3Aaction%3Dlightbox%26settings%3DeyJpZCI6ODQyLCJ1cmwiOiJodHRwczpcL1wvd3d3LnVjbS5lZHUuY29cL3BkaVwvd3AtY29udGVudFwvdXBsb2Fkc1wvMjAyNlwvMDNcL2pvcm5hZGEtcmVuZGljaW9uLWN1ZW50YXMtMDUuanBnIiwic2xpZGVzaG93IjoiYTgyY2M4YiJ9\" href='https:\/\/www.ucm.edu.co\/pdi\/wp-content\/uploads\/2026\/03\/jornada-rendicion-cuentas-05.jpg'><img loading=\"lazy\" decoding=\"async\" width=\"1280\" height=\"720\" src=\"https:\/\/www.ucm.edu.co\/pdi\/wp-content\/uploads\/2026\/03\/jornada-rendicion-cuentas-05.jpg\" class=\"attachment-full size-full\" alt=\"\" srcset=\"https:\/\/www.ucm.edu.co\/pdi\/wp-content\/uploads\/2026\/03\/jornada-rendicion-cuentas-05.jpg 1280w, https:\/\/www.ucm.edu.co\/pdi\/wp-content\/uploads\/2026\/03\/jornada-rendicion-cuentas-05-300x169.jpg 300w, https:\/\/www.ucm.edu.co\/pdi\/wp-content\/uploads\/2026\/03\/jornada-rendicion-cuentas-05-1024x576.jpg 1024w, https:\/\/www.ucm.edu.co\/pdi\/wp-content\/uploads\/2026\/03\/jornada-rendicion-cuentas-05-768x432.jpg 768w\" sizes=\"(max-width: 1280px) 100vw, 1280px\" \/><\/a>\n\t\t\t<\/div><\/figure><figure class='gallery-item'>\n\t\t\t<div class='gallery-icon landscape'>\n\t\t\t\t<a data-elementor-open-lightbox=\"yes\" data-elementor-lightbox-slideshow=\"a82cc8b\" data-elementor-lightbox-title=\"jornada-rendicion-cuentas-06\" data-e-action-hash=\"#elementor-action%3Aaction%3Dlightbox%26settings%3DeyJpZCI6ODQzLCJ1cmwiOiJodHRwczpcL1wvd3d3LnVjbS5lZHUuY29cL3BkaVwvd3AtY29udGVudFwvdXBsb2Fkc1wvMjAyNlwvMDNcL2pvcm5hZGEtcmVuZGljaW9uLWN1ZW50YXMtMDYuanBnIiwic2xpZGVzaG93IjoiYTgyY2M4YiJ9\" href='https:\/\/www.ucm.edu.co\/pdi\/wp-content\/uploads\/2026\/03\/jornada-rendicion-cuentas-06.jpg'><img loading=\"lazy\" decoding=\"async\" width=\"1280\" height=\"720\" src=\"https:\/\/www.ucm.edu.co\/pdi\/wp-content\/uploads\/2026\/03\/jornada-rendicion-cuentas-06.jpg\" class=\"attachment-full size-full\" alt=\"\" srcset=\"https:\/\/www.ucm.edu.co\/pdi\/wp-content\/uploads\/2026\/03\/jornada-rendicion-cuentas-06.jpg 1280w, https:\/\/www.ucm.edu.co\/pdi\/wp-content\/uploads\/2026\/03\/jornada-rendicion-cuentas-06-300x169.jpg 300w, https:\/\/www.ucm.edu.co\/pdi\/wp-content\/uploads\/2026\/03\/jornada-rendicion-cuentas-06-1024x576.jpg 1024w, https:\/\/www.ucm.edu.co\/pdi\/wp-content\/uploads\/2026\/03\/jornada-rendicion-cuentas-06-768x432.jpg 768w\" sizes=\"(max-width: 1280px) 100vw, 1280px\" \/><\/a>\n\t\t\t<\/div><\/figure><figure class='gallery-item'>\n\t\t\t<div class='gallery-icon landscape'>\n\t\t\t\t<a data-elementor-open-lightbox=\"yes\" data-elementor-lightbox-slideshow=\"a82cc8b\" data-elementor-lightbox-title=\"jornada-rendicion-cuentas-07\" data-e-action-hash=\"#elementor-action%3Aaction%3Dlightbox%26settings%3DeyJpZCI6ODQ0LCJ1cmwiOiJodHRwczpcL1wvd3d3LnVjbS5lZHUuY29cL3BkaVwvd3AtY29udGVudFwvdXBsb2Fkc1wvMjAyNlwvMDNcL2pvcm5hZGEtcmVuZGljaW9uLWN1ZW50YXMtMDcuanBnIiwic2xpZGVzaG93IjoiYTgyY2M4YiJ9\" href='https:\/\/www.ucm.edu.co\/pdi\/wp-content\/uploads\/2026\/03\/jornada-rendicion-cuentas-07.jpg'><img loading=\"lazy\" decoding=\"async\" width=\"1280\" height=\"720\" src=\"https:\/\/www.ucm.edu.co\/pdi\/wp-content\/uploads\/2026\/03\/jornada-rendicion-cuentas-07.jpg\" class=\"attachment-full size-full\" alt=\"\" srcset=\"https:\/\/www.ucm.edu.co\/pdi\/wp-content\/uploads\/2026\/03\/jornada-rendicion-cuentas-07.jpg 1280w, https:\/\/www.ucm.edu.co\/pdi\/wp-content\/uploads\/2026\/03\/jornada-rendicion-cuentas-07-300x169.jpg 300w, https:\/\/www.ucm.edu.co\/pdi\/wp-content\/uploads\/2026\/03\/jornada-rendicion-cuentas-07-1024x576.jpg 1024w, https:\/\/www.ucm.edu.co\/pdi\/wp-content\/uploads\/2026\/03\/jornada-rendicion-cuentas-07-768x432.jpg 768w\" sizes=\"(max-width: 1280px) 100vw, 1280px\" \/><\/a>\n\t\t\t<\/div><\/figure><figure class='gallery-item'>\n\t\t\t<div class='gallery-icon landscape'>\n\t\t\t\t<a data-elementor-open-lightbox=\"yes\" data-elementor-lightbox-slideshow=\"a82cc8b\" data-elementor-lightbox-title=\"jornada-rendicion-cuentas-08\" data-e-action-hash=\"#elementor-action%3Aaction%3Dlightbox%26settings%3DeyJpZCI6ODQ1LCJ1cmwiOiJodHRwczpcL1wvd3d3LnVjbS5lZHUuY29cL3BkaVwvd3AtY29udGVudFwvdXBsb2Fkc1wvMjAyNlwvMDNcL2pvcm5hZGEtcmVuZGljaW9uLWN1ZW50YXMtMDguanBnIiwic2xpZGVzaG93IjoiYTgyY2M4YiJ9\" href='https:\/\/www.ucm.edu.co\/pdi\/wp-content\/uploads\/2026\/03\/jornada-rendicion-cuentas-08.jpg'><img loading=\"lazy\" decoding=\"async\" width=\"1280\" height=\"720\" src=\"https:\/\/www.ucm.edu.co\/pdi\/wp-content\/uploads\/2026\/03\/jornada-rendicion-cuentas-08.jpg\" class=\"attachment-full size-full\" alt=\"\" srcset=\"https:\/\/www.ucm.edu.co\/pdi\/wp-content\/uploads\/2026\/03\/jornada-rendicion-cuentas-08.jpg 1280w, https:\/\/www.ucm.edu.co\/pdi\/wp-content\/uploads\/2026\/03\/jornada-rendicion-cuentas-08-300x169.jpg 300w, https:\/\/www.ucm.edu.co\/pdi\/wp-content\/uploads\/2026\/03\/jornada-rendicion-cuentas-08-1024x576.jpg 1024w, https:\/\/www.ucm.edu.co\/pdi\/wp-content\/uploads\/2026\/03\/jornada-rendicion-cuentas-08-768x432.jpg 768w\" sizes=\"(max-width: 1280px) 100vw, 1280px\" \/><\/a>\n\t\t\t<\/div><\/figure><figure class='gallery-item'>\n\t\t\t<div class='gallery-icon landscape'>\n\t\t\t\t<a data-elementor-open-lightbox=\"yes\" data-elementor-lightbox-slideshow=\"a82cc8b\" data-elementor-lightbox-title=\"jornada-rendicion-cuentas-09\" data-e-action-hash=\"#elementor-action%3Aaction%3Dlightbox%26settings%3DeyJpZCI6ODQ2LCJ1cmwiOiJodHRwczpcL1wvd3d3LnVjbS5lZHUuY29cL3BkaVwvd3AtY29udGVudFwvdXBsb2Fkc1wvMjAyNlwvMDNcL2pvcm5hZGEtcmVuZGljaW9uLWN1ZW50YXMtMDkuanBnIiwic2xpZGVzaG93IjoiYTgyY2M4YiJ9\" href='https:\/\/www.ucm.edu.co\/pdi\/wp-content\/uploads\/2026\/03\/jornada-rendicion-cuentas-09.jpg'><img loading=\"lazy\" decoding=\"async\" width=\"1280\" height=\"720\" src=\"https:\/\/www.ucm.edu.co\/pdi\/wp-content\/uploads\/2026\/03\/jornada-rendicion-cuentas-09.jpg\" class=\"attachment-full size-full\" alt=\"\" srcset=\"https:\/\/www.ucm.edu.co\/pdi\/wp-content\/uploads\/2026\/03\/jornada-rendicion-cuentas-09.jpg 1280w, https:\/\/www.ucm.edu.co\/pdi\/wp-content\/uploads\/2026\/03\/jornada-rendicion-cuentas-09-300x169.jpg 300w, https:\/\/www.ucm.edu.co\/pdi\/wp-content\/uploads\/2026\/03\/jornada-rendicion-cuentas-09-1024x576.jpg 1024w, https:\/\/www.ucm.edu.co\/pdi\/wp-content\/uploads\/2026\/03\/jornada-rendicion-cuentas-09-768x432.jpg 768w\" sizes=\"(max-width: 1280px) 100vw, 1280px\" \/><\/a>\n\t\t\t<\/div><\/figure><figure class='gallery-item'>\n\t\t\t<div class='gallery-icon landscape'>\n\t\t\t\t<a data-elementor-open-lightbox=\"yes\" data-elementor-lightbox-slideshow=\"a82cc8b\" data-elementor-lightbox-title=\"jornada-rendicion-cuentas-10\" data-e-action-hash=\"#elementor-action%3Aaction%3Dlightbox%26settings%3DeyJpZCI6ODQ3LCJ1cmwiOiJodHRwczpcL1wvd3d3LnVjbS5lZHUuY29cL3BkaVwvd3AtY29udGVudFwvdXBsb2Fkc1wvMjAyNlwvMDNcL2pvcm5hZGEtcmVuZGljaW9uLWN1ZW50YXMtMTAuanBnIiwic2xpZGVzaG93IjoiYTgyY2M4YiJ9\" href='https:\/\/www.ucm.edu.co\/pdi\/wp-content\/uploads\/2026\/03\/jornada-rendicion-cuentas-10.jpg'><img loading=\"lazy\" decoding=\"async\" width=\"1280\" height=\"720\" src=\"https:\/\/www.ucm.edu.co\/pdi\/wp-content\/uploads\/2026\/03\/jornada-rendicion-cuentas-10.jpg\" class=\"attachment-full size-full\" alt=\"\" srcset=\"https:\/\/www.ucm.edu.co\/pdi\/wp-content\/uploads\/2026\/03\/jornada-rendicion-cuentas-10.jpg 1280w, https:\/\/www.ucm.edu.co\/pdi\/wp-content\/uploads\/2026\/03\/jornada-rendicion-cuentas-10-300x169.jpg 300w, https:\/\/www.ucm.edu.co\/pdi\/wp-content\/uploads\/2026\/03\/jornada-rendicion-cuentas-10-1024x576.jpg 1024w, https:\/\/www.ucm.edu.co\/pdi\/wp-content\/uploads\/2026\/03\/jornada-rendicion-cuentas-10-768x432.jpg 768w\" sizes=\"(max-width: 1280px) 100vw, 1280px\" \/><\/a>\n\t\t\t<\/div><\/figure><figure class='gallery-item'>\n\t\t\t<div class='gallery-icon landscape'>\n\t\t\t\t<a data-elementor-open-lightbox=\"yes\" data-elementor-lightbox-slideshow=\"a82cc8b\" data-elementor-lightbox-title=\"jornada-rendicion-cuentas-11\" data-e-action-hash=\"#elementor-action%3Aaction%3Dlightbox%26settings%3DeyJpZCI6ODQ4LCJ1cmwiOiJodHRwczpcL1wvd3d3LnVjbS5lZHUuY29cL3BkaVwvd3AtY29udGVudFwvdXBsb2Fkc1wvMjAyNlwvMDNcL2pvcm5hZGEtcmVuZGljaW9uLWN1ZW50YXMtMTEuanBnIiwic2xpZGVzaG93IjoiYTgyY2M4YiJ9\" href='https:\/\/www.ucm.edu.co\/pdi\/wp-content\/uploads\/2026\/03\/jornada-rendicion-cuentas-11.jpg'><img loading=\"lazy\" decoding=\"async\" width=\"1280\" height=\"720\" src=\"https:\/\/www.ucm.edu.co\/pdi\/wp-content\/uploads\/2026\/03\/jornada-rendicion-cuentas-11.jpg\" class=\"attachment-full size-full\" alt=\"\" srcset=\"https:\/\/www.ucm.edu.co\/pdi\/wp-content\/uploads\/2026\/03\/jornada-rendicion-cuentas-11.jpg 1280w, https:\/\/www.ucm.edu.co\/pdi\/wp-content\/uploads\/2026\/03\/jornada-rendicion-cuentas-11-300x169.jpg 300w, https:\/\/www.ucm.edu.co\/pdi\/wp-content\/uploads\/2026\/03\/jornada-rendicion-cuentas-11-1024x576.jpg 1024w, https:\/\/www.ucm.edu.co\/pdi\/wp-content\/uploads\/2026\/03\/jornada-rendicion-cuentas-11-768x432.jpg 768w\" sizes=\"(max-width: 1280px) 100vw, 1280px\" \/><\/a>\n\t\t\t<\/div><\/figure>\n\t\t<\/div>\n\t\t<\/div>\n\t\t\t\t\t\t<\/div>\n\t\t\t\t\t<\/div>\n\t\t\t\t<\/div>\n\t\t\t\t<\/div>\n\t\t","protected":false},"excerpt":{"rendered":"<p>Rendici\u00f3n de cuentas Jornadas de Rendici\u00f3n de Cuentas La Universidad Cat\u00f3lica de Manizales realiz\u00f3 su Rendici\u00f3n de Cuentas correspondiente al periodo 2025-2, socializando los avances de la gesti\u00f3n institucional, la Gesti\u00f3n del Cambio y las proyecciones del Plan de Desarrollo Institucional 2026\u20132030, en un ejercicio de transparencia, compromiso y construcci\u00f3n colectiva con la comunidad universitaria. [&hellip;]<\/p>\n","protected":false},"author":1,"featured_media":0,"parent":0,"menu_order":0,"comment_status":"closed","ping_status":"closed","template":"","meta":{"footnotes":""},"class_list":["post-830","page","type-page","status-publish","hentry"],"_links":{"self":[{"href":"https:\/\/www.ucm.edu.co\/pdi\/wp-json\/wp\/v2\/pages\/830","targetHints":{"allow":["GET"]}}],"collection":[{"href":"https:\/\/www.ucm.edu.co\/pdi\/wp-json\/wp\/v2\/pages"}],"about":[{"href":"https:\/\/www.ucm.edu.co\/pdi\/wp-json\/wp\/v2\/types\/page"}],"author":[{"embeddable":true,"href":"https:\/\/www.ucm.edu.co\/pdi\/wp-json\/wp\/v2\/users\/1"}],"replies":[{"embeddable":true,"href":"https:\/\/www.ucm.edu.co\/pdi\/wp-json\/wp\/v2\/comments?post=830"}],"version-history":[{"count":7,"href":"https:\/\/www.ucm.edu.co\/pdi\/wp-json\/wp\/v2\/pages\/830\/revisions"}],"predecessor-version":[{"id":851,"href":"https:\/\/www.ucm.edu.co\/pdi\/wp-json\/wp\/v2\/pages\/830\/revisions\/851"}],"wp:attachment":[{"href":"https:\/\/www.ucm.edu.co\/pdi\/wp-json\/wp\/v2\/media?parent=830"}],"curies":[{"name":"wp","href":"https:\/\/api.w.org\/{rel}","templated":true}]}}