{"id":806,"date":"2026-03-20T16:53:55","date_gmt":"2026-03-20T21:53:55","guid":{"rendered":"https:\/\/www.ucm.edu.co\/pdi\/?page_id=806"},"modified":"2026-03-20T17:09:12","modified_gmt":"2026-03-20T22:09:12","slug":"desempeno-en-rankings-internacionales","status":"publish","type":"page","link":"https:\/\/www.ucm.edu.co\/pdi\/desempeno-en-rankings-internacionales\/","title":{"rendered":"Desempe\u00f1o en rankings Internacionales"},"content":{"rendered":"\t\t<div data-elementor-type=\"wp-page\" data-elementor-id=\"806\" class=\"elementor elementor-806\" data-elementor-post-type=\"page\">\n\t\t\t\t<div class=\"elementor-element elementor-element-1d4de05 e-con-full e-flex e-con e-parent\" data-id=\"1d4de05\" data-element_type=\"container\" data-e-type=\"container\" data-settings=\"{&quot;background_background&quot;:&quot;video&quot;,&quot;background_video_link&quot;:&quot;https:\\\/\\\/www.ucm.edu.co\\\/pdi\\\/wp-content\\\/uploads\\\/2026\\\/03\\\/mural-ucm.mp4&quot;,&quot;background_play_on_mobile&quot;:&quot;yes&quot;}\">\n\t\t<div class=\"elementor-background-video-container\">\n\t\t\t\t\t\t\t<video class=\"elementor-background-video-hosted\" role=\"presentation\" autoplay muted playsinline loop><\/video>\n\t\t\t\t\t<\/div><div class=\"elementor-element elementor-element-fc5b0a6 e-flex e-con-boxed e-con e-child\" data-id=\"fc5b0a6\" data-element_type=\"container\" data-e-type=\"container\">\n\t\t\t\t\t<div class=\"e-con-inner\">\n\t\t\t\t<div class=\"elementor-element elementor-element-a9c4025 elementor-widget elementor-widget-heading\" data-id=\"a9c4025\" data-element_type=\"widget\" data-e-type=\"widget\" data-widget_type=\"heading.default\">\n\t\t\t\t\t<h1 class=\"elementor-heading-title elementor-size-default\">Rendici\u00f3n de cuentas<\/h1>\t\t\t\t<\/div>\n\t\t\t\t<div class=\"elementor-element elementor-element-9fad7fc elementor-widget__width-initial elementor-widget elementor-widget-heading\" data-id=\"9fad7fc\" data-element_type=\"widget\" data-e-type=\"widget\" data-widget_type=\"heading.default\">\n\t\t\t\t\t<h1 class=\"elementor-heading-title elementor-size-default\">Desempe\u00f1o en rankings Internacionales<\/h1>\t\t\t\t<\/div>\n\t\t\t\t\t<\/div>\n\t\t\t\t<\/div>\n\t\t\t\t<\/div>\n\t\t<div class=\"elementor-element elementor-element-4916196 e-flex e-con-boxed e-con e-parent\" data-id=\"4916196\" data-element_type=\"container\" data-e-type=\"container\">\n\t\t\t\t\t<div class=\"e-con-inner\">\n\t\t\t\t<div class=\"elementor-element elementor-element-c5d2e57 elementor-widget elementor-widget-heading\" data-id=\"c5d2e57\" data-element_type=\"widget\" data-e-type=\"widget\" data-widget_type=\"heading.default\">\n\t\t\t\t\t<h2 class=\"elementor-heading-title elementor-size-default\">QS WORLD UNIVERSITY RANKINGS\n(LATAM)<\/h2>\t\t\t\t<\/div>\n\t\t\t\t<div class=\"elementor-element elementor-element-b44033e elementor-widget elementor-widget-text-editor\" data-id=\"b44033e\" data-element_type=\"widget\" data-e-type=\"widget\" data-widget_type=\"text-editor.default\">\n\t\t\t\t\t\t\t\t\t<p>Quacquarelli Symonds (QS) es una organizaci\u00f3n inglesa que surge en 1990, especializada en educaci\u00f3n superior. En el a\u00f1o 2010 crea el sistema de clasificaci\u00f3n internacional de universidades QS World University Rankings, actualmente reconocido como uno de los rankings de universidades m\u00e1s prestigiosos del mundo.<\/p><p>A trav\u00e9s una metodolog\u00eda basada en criterios de rendimiento QS proporciona una evaluaci\u00f3n detallada de trav\u00e9s de indicadores de desempe\u00f1o que se distribuyen en cinco factores:<\/p><p>1. Reputaci\u00f3n acad\u00e9mica (40%)<\/p><p>2. Reputaci\u00f3n del empleador (10%)<\/p><p>3. Relaci\u00f3n estudiante &#8211; facultad (20%)<\/p><p>4. Citaciones por facultad (20%)<\/p><p>5. Relaci\u00f3n de catedr\u00e1ticos internacionales (5%) y estudiantes internacionales (5%)<\/p><p>\u00a0<\/p><p>Como resultado, la clasificaci\u00f3n QS posibilita la comparaci\u00f3n de m\u00e1s de 1.300 universidades que presentan caracter\u00edsticas similares.<\/p>\t\t\t\t\t\t\t\t<\/div>\n\t\t\t\t\t<\/div>\n\t\t\t\t<\/div>\n\t\t<div class=\"elementor-element elementor-element-226a8ae e-flex e-con-boxed e-con e-parent\" data-id=\"226a8ae\" data-element_type=\"container\" data-e-type=\"container\">\n\t\t\t\t\t<div class=\"e-con-inner\">\n\t\t\t\t<div class=\"elementor-element elementor-element-469de82 elementor-widget elementor-widget-image\" data-id=\"469de82\" data-element_type=\"widget\" data-e-type=\"widget\" data-widget_type=\"image.default\">\n\t\t\t\t\t\t\t\t\t\t\t\t\t\t\t\t<a href=\"https:\/\/www.topuniversities.com\/latin-america-caribbean-overall\" target=\"_blank\">\n\t\t\t\t\t\t\t<img fetchpriority=\"high\" decoding=\"async\" width=\"1200\" height=\"439\" src=\"https:\/\/www.ucm.edu.co\/pdi\/wp-content\/uploads\/2026\/03\/top-universities.jpg\" class=\"attachment-full size-full wp-image-813\" alt=\"\" srcset=\"https:\/\/www.ucm.edu.co\/pdi\/wp-content\/uploads\/2026\/03\/top-universities.jpg 1200w, https:\/\/www.ucm.edu.co\/pdi\/wp-content\/uploads\/2026\/03\/top-universities-300x110.jpg 300w, https:\/\/www.ucm.edu.co\/pdi\/wp-content\/uploads\/2026\/03\/top-universities-1024x375.jpg 1024w, https:\/\/www.ucm.edu.co\/pdi\/wp-content\/uploads\/2026\/03\/top-universities-768x281.jpg 768w\" sizes=\"(max-width: 1200px) 100vw, 1200px\" \/>\t\t\t\t\t\t\t\t<\/a>\n\t\t\t\t\t\t\t\t\t\t\t\t\t\t\t<\/div>\n\t\t\t\t<div class=\"elementor-element elementor-element-c6179a4 elementor-widget elementor-widget-image\" data-id=\"c6179a4\" data-element_type=\"widget\" data-e-type=\"widget\" data-widget_type=\"image.default\">\n\t\t\t\t\t\t\t\t\t\t\t\t\t\t\t\t<a href=\"https:\/\/www.topuniversities.com\/latin-america-caribbean-overall\" target=\"_blank\">\n\t\t\t\t\t\t\t<img decoding=\"async\" width=\"1280\" height=\"480\" src=\"https:\/\/www.ucm.edu.co\/pdi\/wp-content\/uploads\/2026\/03\/qs-metrics.jpg\" class=\"attachment-full size-full wp-image-823\" alt=\"\" srcset=\"https:\/\/www.ucm.edu.co\/pdi\/wp-content\/uploads\/2026\/03\/qs-metrics.jpg 1280w, https:\/\/www.ucm.edu.co\/pdi\/wp-content\/uploads\/2026\/03\/qs-metrics-300x113.jpg 300w, https:\/\/www.ucm.edu.co\/pdi\/wp-content\/uploads\/2026\/03\/qs-metrics-1024x384.jpg 1024w, https:\/\/www.ucm.edu.co\/pdi\/wp-content\/uploads\/2026\/03\/qs-metrics-768x288.jpg 768w\" sizes=\"(max-width: 1280px) 100vw, 1280px\" \/>\t\t\t\t\t\t\t\t<\/a>\n\t\t\t\t\t\t\t\t\t\t\t\t\t\t\t<\/div>\n\t\t\t\t\t<\/div>\n\t\t\t\t<\/div>\n\t\t<div class=\"elementor-element elementor-element-c82a602 e-flex e-con-boxed e-con e-parent\" data-id=\"c82a602\" data-element_type=\"container\" data-e-type=\"container\" data-settings=\"{&quot;background_background&quot;:&quot;classic&quot;}\">\n\t\t\t\t\t<div class=\"e-con-inner\">\n\t\t<div class=\"elementor-element elementor-element-d9c3636 e-con-full e-flex e-con e-child\" data-id=\"d9c3636\" data-element_type=\"container\" data-e-type=\"container\">\n\t\t\t\t<div class=\"elementor-element elementor-element-8a0d0b9 elementor-widget elementor-widget-image\" data-id=\"8a0d0b9\" data-element_type=\"widget\" data-e-type=\"widget\" data-widget_type=\"image.default\">\n\t\t\t\t\t\t\t\t\t\t\t\t\t\t\t\t<a href=\"https:\/\/uigreenmetric.com\/rankings\/university\/overall-rankings-2025\" target=\"_blank\">\n\t\t\t\t\t\t\t<img decoding=\"async\" width=\"800\" height=\"200\" src=\"https:\/\/www.ucm.edu.co\/pdi\/wp-content\/uploads\/2026\/03\/UI-GreenMetric-long-logo.png\" class=\"attachment-full size-full wp-image-817\" alt=\"\" srcset=\"https:\/\/www.ucm.edu.co\/pdi\/wp-content\/uploads\/2026\/03\/UI-GreenMetric-long-logo.png 800w, https:\/\/www.ucm.edu.co\/pdi\/wp-content\/uploads\/2026\/03\/UI-GreenMetric-long-logo-300x75.png 300w, https:\/\/www.ucm.edu.co\/pdi\/wp-content\/uploads\/2026\/03\/UI-GreenMetric-long-logo-768x192.png 768w\" sizes=\"(max-width: 800px) 100vw, 800px\" \/>\t\t\t\t\t\t\t\t<\/a>\n\t\t\t\t\t\t\t\t\t\t\t\t\t\t\t<\/div>\n\t\t\t\t<\/div>\n\t\t<div class=\"elementor-element elementor-element-27fc0c2 e-con-full e-flex e-con e-child\" data-id=\"27fc0c2\" data-element_type=\"container\" data-e-type=\"container\">\n\t\t\t\t<div class=\"elementor-element elementor-element-acaec3a elementor-widget elementor-widget-image\" data-id=\"acaec3a\" data-element_type=\"widget\" data-e-type=\"widget\" data-widget_type=\"image.default\">\n\t\t\t\t\t\t\t\t\t\t\t\t\t\t\t\t<a href=\"https:\/\/uigreenmetric.com\/rankings\/university\/overall-rankings-2025\" target=\"_blank\">\n\t\t\t\t\t\t\t<img loading=\"lazy\" decoding=\"async\" width=\"986\" height=\"106\" src=\"https:\/\/www.ucm.edu.co\/pdi\/wp-content\/uploads\/2026\/03\/ui-green-metric.jpg\" class=\"attachment-full size-full wp-image-818\" alt=\"\" srcset=\"https:\/\/www.ucm.edu.co\/pdi\/wp-content\/uploads\/2026\/03\/ui-green-metric.jpg 986w, https:\/\/www.ucm.edu.co\/pdi\/wp-content\/uploads\/2026\/03\/ui-green-metric-300x32.jpg 300w, https:\/\/www.ucm.edu.co\/pdi\/wp-content\/uploads\/2026\/03\/ui-green-metric-768x83.jpg 768w\" sizes=\"(max-width: 986px) 100vw, 986px\" \/>\t\t\t\t\t\t\t\t<\/a>\n\t\t\t\t\t\t\t\t\t\t\t\t\t\t\t<\/div>\n\t\t\t\t<\/div>\n\t\t\t\t\t<\/div>\n\t\t\t\t<\/div>\n\t\t\t\t<\/div>\n\t\t","protected":false},"excerpt":{"rendered":"<p>Rendici\u00f3n de cuentas Desempe\u00f1o en rankings Internacionales QS WORLD UNIVERSITY RANKINGS (LATAM) Quacquarelli Symonds (QS) es una organizaci\u00f3n inglesa que surge en 1990, especializada en educaci\u00f3n superior. En el a\u00f1o 2010 crea el sistema de clasificaci\u00f3n internacional de universidades QS World University Rankings, actualmente reconocido como uno de los rankings de universidades m\u00e1s prestigiosos del [&hellip;]<\/p>\n","protected":false},"author":1,"featured_media":0,"parent":0,"menu_order":0,"comment_status":"closed","ping_status":"closed","template":"","meta":{"footnotes":""},"class_list":["post-806","page","type-page","status-publish","hentry"],"_links":{"self":[{"href":"https:\/\/www.ucm.edu.co\/pdi\/wp-json\/wp\/v2\/pages\/806","targetHints":{"allow":["GET"]}}],"collection":[{"href":"https:\/\/www.ucm.edu.co\/pdi\/wp-json\/wp\/v2\/pages"}],"about":[{"href":"https:\/\/www.ucm.edu.co\/pdi\/wp-json\/wp\/v2\/types\/page"}],"author":[{"embeddable":true,"href":"https:\/\/www.ucm.edu.co\/pdi\/wp-json\/wp\/v2\/users\/1"}],"replies":[{"embeddable":true,"href":"https:\/\/www.ucm.edu.co\/pdi\/wp-json\/wp\/v2\/comments?post=806"}],"version-history":[{"count":16,"href":"https:\/\/www.ucm.edu.co\/pdi\/wp-json\/wp\/v2\/pages\/806\/revisions"}],"predecessor-version":[{"id":829,"href":"https:\/\/www.ucm.edu.co\/pdi\/wp-json\/wp\/v2\/pages\/806\/revisions\/829"}],"wp:attachment":[{"href":"https:\/\/www.ucm.edu.co\/pdi\/wp-json\/wp\/v2\/media?parent=806"}],"curies":[{"name":"wp","href":"https:\/\/api.w.org\/{rel}","templated":true}]}}