{"id":325,"date":"2026-03-12T01:35:03","date_gmt":"2026-03-12T06:35:03","guid":{"rendered":"https:\/\/www.ucm.edu.co\/pdi\/?page_id=325"},"modified":"2026-03-12T02:06:46","modified_gmt":"2026-03-12T07:06:46","slug":"ruta-metodologica","status":"publish","type":"page","link":"https:\/\/www.ucm.edu.co\/pdi\/ruta-metodologica\/","title":{"rendered":"Ruta metodol\u00f3gica\u00a0"},"content":{"rendered":"\t\t<div data-elementor-type=\"wp-page\" data-elementor-id=\"325\" class=\"elementor elementor-325\" data-elementor-post-type=\"page\">\n\t\t\t\t<div class=\"elementor-element elementor-element-3a62c01 e-flex e-con-boxed e-con e-parent\" data-id=\"3a62c01\" data-element_type=\"container\" data-e-type=\"container\" data-settings=\"{&quot;background_background&quot;:&quot;classic&quot;}\">\n\t\t\t\t\t<div class=\"e-con-inner\">\n\t\t\t\t<div class=\"elementor-element elementor-element-8aa6646 elementor-widget__width-initial elementor-widget elementor-widget-heading\" data-id=\"8aa6646\" data-element_type=\"widget\" data-e-type=\"widget\" data-widget_type=\"heading.default\">\n\t\t\t\t\t<h1 class=\"elementor-heading-title elementor-size-default\">Ruta metodol\u00f3gica <\/h1>\t\t\t\t<\/div>\n\t\t\t\t<div class=\"elementor-element elementor-element-71a8d42 elementor-widget elementor-widget-heading\" data-id=\"71a8d42\" data-element_type=\"widget\" data-e-type=\"widget\" data-widget_type=\"heading.default\">\n\t\t\t\t\t<h1 class=\"elementor-heading-title elementor-size-default\">PDI 2026-2030<\/h1>\t\t\t\t<\/div>\n\t\t\t\t\t<\/div>\n\t\t\t\t<\/div>\n\t\t<div class=\"elementor-element elementor-element-3aeb66c e-flex e-con-boxed e-con e-parent\" data-id=\"3aeb66c\" data-element_type=\"container\" data-e-type=\"container\">\n\t\t\t\t\t<div class=\"e-con-inner\">\n\t\t\t\t<div class=\"elementor-element elementor-element-81abe6a elementor-widget elementor-widget-heading\" data-id=\"81abe6a\" data-element_type=\"widget\" data-e-type=\"widget\" data-widget_type=\"heading.default\">\n\t\t\t\t\t<h2 class=\"elementor-heading-title elementor-size-default\">Charlas con Expertos<\/h2>\t\t\t\t<\/div>\n\t\t\t\t<div class=\"elementor-element elementor-element-433a11c elementor-widget elementor-widget-timeline-widget-addon\" data-id=\"433a11c\" data-element_type=\"widget\" data-e-type=\"widget\" data-widget_type=\"timeline-widget-addon.default\">\n\t\t\t\t<div class=\"elementor-widget-container\">\n\t\t\t\t\t<!-- ========= Timeline Widget Addon For Elementor 1.6.23 ========= -->\n<div id=\"twae-wrapper-433a11c\" class=\"twae-vertical twae-wrapper  twae-both-sided\">   \n    <div class=\"twae-start\"><\/div>    \n    <div id=\"twea-timeline-433a11c\" class=\"twae-timeline\" ><!-- Start of Story Repeater Content --><div id=\"story-2b69087\" class=\"twae-story twae-repeater-item twae-story-right twae-story-no-icon\"><!-- Story Label --><div class=\"twae-labels\"><div class=\"twae-label-big\">01<\/div><\/div><!-- Story Icon --><div class=\"twae-icon\"><i aria-hidden=\"true\" class=\"far fa-clock\"><\/i><\/div><!-- Story Arrow --><div class=\"twae-arrow\"><\/div><!-- Start of Story Content --><div class=\"twae-content\"><!-- Story Title --><div class=\"twae-title\">Balance institucional y an\u00e1lisis del entorno<\/div><!-- Story Image --><div class=\"twae-media large\"><img fetchpriority=\"high\" decoding=\"async\" width=\"800\" height=\"450\" src=\"https:\/\/www.ucm.edu.co\/pdi\/wp-content\/uploads\/2026\/03\/charlas-expertos-1024x576.jpg\" class=\"attachment-large size-large\" alt=\"\" srcset=\"https:\/\/www.ucm.edu.co\/pdi\/wp-content\/uploads\/2026\/03\/charlas-expertos-1024x576.jpg 1024w, https:\/\/www.ucm.edu.co\/pdi\/wp-content\/uploads\/2026\/03\/charlas-expertos-300x169.jpg 300w, https:\/\/www.ucm.edu.co\/pdi\/wp-content\/uploads\/2026\/03\/charlas-expertos-768x432.jpg 768w, https:\/\/www.ucm.edu.co\/pdi\/wp-content\/uploads\/2026\/03\/charlas-expertos.jpg 1280w\" sizes=\"(max-width: 800px) 100vw, 800px\" \/><\/div><!-- Story Description --><div class=\"twae-description\"><p>\u2022 Diagn\u00f3stico institucional<br \/>\u2022 Resultados PDI2018-2025<br \/>\u2022 Resultados de evaluaci\u00f3n externa<br \/>\u2022 Balance de capacidades<br \/>\u2022 Informe Cultura institucional<br \/>\u2022 Informe de competitividad<br \/>\u2022 <strong>Taller SWT<\/strong><\/p><\/div><\/div><\/div><!-- Start of Story Repeater Content --><div id=\"story-292c44b\" class=\"twae-story twae-repeater-item twae-story-left twae-story-no-icon\"><!-- Story Label --><div class=\"twae-labels\"><div class=\"twae-label-big\">02<\/div><\/div><!-- Story Icon --><div class=\"twae-icon\"><i aria-hidden=\"true\" class=\"far fa-clock\"><\/i><\/div><!-- Story Arrow --><div class=\"twae-arrow\"><\/div><!-- Start of Story Content --><div class=\"twae-content\"><!-- Story Title --><div class=\"twae-title\">Expectativas de transformaci\u00f3ny proyecci\u00f3n visi\u00f3n<\/div><!-- Story Image --><div class=\"twae-media large\"><img decoding=\"async\" width=\"800\" height=\"450\" src=\"https:\/\/www.ucm.edu.co\/pdi\/wp-content\/uploads\/2026\/03\/charlas-02-1024x576.jpg\" class=\"attachment-large size-large\" alt=\"\" srcset=\"https:\/\/www.ucm.edu.co\/pdi\/wp-content\/uploads\/2026\/03\/charlas-02-1024x576.jpg 1024w, https:\/\/www.ucm.edu.co\/pdi\/wp-content\/uploads\/2026\/03\/charlas-02-300x169.jpg 300w, https:\/\/www.ucm.edu.co\/pdi\/wp-content\/uploads\/2026\/03\/charlas-02-768x432.jpg 768w, https:\/\/www.ucm.edu.co\/pdi\/wp-content\/uploads\/2026\/03\/charlas-02.jpg 1280w\" sizes=\"(max-width: 800px) 100vw, 800px\" \/><\/div><!-- Story Description --><div class=\"twae-description\"><p>\u2022 Valoraci\u00f3n expectativas grupos inter\u00e9s<br \/>\u2022 <strong>Taller LSP<br \/><\/strong>\u2022 Proyecci\u00f3n Visi\u00f3n<\/p><\/div><\/div><\/div><!-- Start of Story Repeater Content --><div id=\"story-b874057\" class=\"twae-story twae-repeater-item twae-story-right twae-story-no-icon\"><!-- Story Label --><div class=\"twae-labels\"><div class=\"twae-label-big\">03<\/div><\/div><!-- Story Icon --><div class=\"twae-icon\"><i aria-hidden=\"true\" class=\"far fa-clock\"><\/i><\/div><!-- Story Arrow --><div class=\"twae-arrow\"><\/div><!-- Start of Story Content --><div class=\"twae-content\"><!-- Story Title --><div class=\"twae-title\">Alineaci\u00f3n estrat\u00e9gica<\/div><!-- Story Image --><div class=\"twae-media large\"><img decoding=\"async\" width=\"800\" height=\"450\" src=\"https:\/\/www.ucm.edu.co\/pdi\/wp-content\/uploads\/2026\/03\/charlas-03-1024x576.jpg\" class=\"attachment-large size-large\" alt=\"\" srcset=\"https:\/\/www.ucm.edu.co\/pdi\/wp-content\/uploads\/2026\/03\/charlas-03-1024x576.jpg 1024w, https:\/\/www.ucm.edu.co\/pdi\/wp-content\/uploads\/2026\/03\/charlas-03-300x169.jpg 300w, https:\/\/www.ucm.edu.co\/pdi\/wp-content\/uploads\/2026\/03\/charlas-03-768x432.jpg 768w, https:\/\/www.ucm.edu.co\/pdi\/wp-content\/uploads\/2026\/03\/charlas-03.jpg 1280w\" sizes=\"(max-width: 800px) 100vw, 800px\" \/><\/div><!-- Story Description --><div class=\"twae-description\"><div>\u2022 <strong>PEUP<\/strong><\/div><div>\u2022 Modelo de Planeaci\u00f3n<\/div><div>\u2022 KPI<\/div><div>\u2022 Estructuraci\u00f3n P.EFV unidades. Acad\u00e9micas y administrativas<\/div><div>\u2022 Gesti\u00f3n del cambio<\/div><\/div><\/div><\/div><!-- Start of Story Repeater Content --><div id=\"story-55e3121\" class=\"twae-story twae-repeater-item twae-story-left twae-story-no-icon\"><!-- Story Label --><div class=\"twae-labels\"><div class=\"twae-label-big\">04<\/div><\/div><!-- Story Icon --><div class=\"twae-icon\"><i aria-hidden=\"true\" class=\"far fa-clock\"><\/i><\/div><!-- Story Arrow --><div class=\"twae-arrow\"><\/div><!-- Start of Story Content --><div class=\"twae-content\"><!-- Story Title --><div class=\"twae-title\">Ejecuci\u00f3n, acompa\u00f1amiento y seguimiento al plan<\/div><!-- Story Image --><div class=\"twae-media large\"><img loading=\"lazy\" decoding=\"async\" width=\"800\" height=\"450\" src=\"https:\/\/www.ucm.edu.co\/pdi\/wp-content\/uploads\/2026\/03\/charlas-04-1024x576.jpg\" class=\"attachment-large size-large\" alt=\"\" srcset=\"https:\/\/www.ucm.edu.co\/pdi\/wp-content\/uploads\/2026\/03\/charlas-04-1024x576.jpg 1024w, https:\/\/www.ucm.edu.co\/pdi\/wp-content\/uploads\/2026\/03\/charlas-04-300x169.jpg 300w, https:\/\/www.ucm.edu.co\/pdi\/wp-content\/uploads\/2026\/03\/charlas-04-768x432.jpg 768w, https:\/\/www.ucm.edu.co\/pdi\/wp-content\/uploads\/2026\/03\/charlas-04.jpg 1280w\" sizes=\"(max-width: 800px) 100vw, 800px\" \/><\/div><!-- Story Description --><div class=\"twae-description\"><div><strong>\u2022 BSC \/ DATA DRIVEN<\/strong><\/div><div><div>\u2022 Tableros de control t\u00e1cticos y operativos (Seguimiento al plan)<\/div><div>\u2022 Configuraci\u00f3n \u00a0 \u00a0 \u00a0 \u00a0 \u00a0 mecanismos de\u00a0 acompa\u00f1amiento , seguimiento y rendici\u00f3n de cuentas<\/div><\/div><\/div><\/div><\/div><\/div>\n    <div class=\"twae-end\"><\/div>\n    <\/div><style type=\"text\/css\">@media (max-width: 1024px){ .twae-wrapper{--tw-ybx-size: 80px !important;}}@media (max-width: 767px){ .twae-wrapper{--tw-ybx-size: 80px !important}}<\/style>\t\t\t\t<\/div>\n\t\t\t\t<\/div>\n\t\t\t\t\t<\/div>\n\t\t\t\t<\/div>\n\t\t\t\t<\/div>\n\t\t","protected":false},"excerpt":{"rendered":"<p>Ruta metodol\u00f3gica PDI 2026-2030 Charlas con Expertos 01Balance institucional y an\u00e1lisis del entorno \u2022 Diagn\u00f3stico institucional\u2022 Resultados PDI2018-2025\u2022 Resultados de evaluaci\u00f3n externa\u2022 Balance de capacidades\u2022 Informe Cultura institucional\u2022 Informe de competitividad\u2022 Taller SWT 02Expectativas de transformaci\u00f3ny proyecci\u00f3n visi\u00f3n \u2022 Valoraci\u00f3n expectativas grupos inter\u00e9s\u2022 Taller LSP\u2022 Proyecci\u00f3n Visi\u00f3n 03Alineaci\u00f3n estrat\u00e9gica\u2022 PEUP\u2022 Modelo de Planeaci\u00f3n\u2022 KPI\u2022 Estructuraci\u00f3n [&hellip;]<\/p>\n","protected":false},"author":1,"featured_media":0,"parent":0,"menu_order":0,"comment_status":"closed","ping_status":"closed","template":"","meta":{"footnotes":""},"class_list":["post-325","page","type-page","status-publish","hentry"],"_links":{"self":[{"href":"https:\/\/www.ucm.edu.co\/pdi\/wp-json\/wp\/v2\/pages\/325","targetHints":{"allow":["GET"]}}],"collection":[{"href":"https:\/\/www.ucm.edu.co\/pdi\/wp-json\/wp\/v2\/pages"}],"about":[{"href":"https:\/\/www.ucm.edu.co\/pdi\/wp-json\/wp\/v2\/types\/page"}],"author":[{"embeddable":true,"href":"https:\/\/www.ucm.edu.co\/pdi\/wp-json\/wp\/v2\/users\/1"}],"replies":[{"embeddable":true,"href":"https:\/\/www.ucm.edu.co\/pdi\/wp-json\/wp\/v2\/comments?post=325"}],"version-history":[{"count":13,"href":"https:\/\/www.ucm.edu.co\/pdi\/wp-json\/wp\/v2\/pages\/325\/revisions"}],"predecessor-version":[{"id":344,"href":"https:\/\/www.ucm.edu.co\/pdi\/wp-json\/wp\/v2\/pages\/325\/revisions\/344"}],"wp:attachment":[{"href":"https:\/\/www.ucm.edu.co\/pdi\/wp-json\/wp\/v2\/media?parent=325"}],"curies":[{"name":"wp","href":"https:\/\/api.w.org\/{rel}","templated":true}]}}