{"id":1962,"date":"2022-10-24T13:47:29","date_gmt":"2022-10-24T13:47:29","guid":{"rendered":"https:\/\/theme.madsparrow.me\/most\/?page_id=1962"},"modified":"2025-02-21T11:08:38","modified_gmt":"2025-02-21T16:08:38","slug":"acerca-de-inneo","status":"publish","type":"page","link":"https:\/\/www.ucm.edu.co\/inneo\/acerca-de-inneo\/","title":{"rendered":"Acerca de Inneo"},"content":{"rendered":"\t\t<div data-elementor-type=\"wp-page\" data-elementor-id=\"1962\" class=\"elementor elementor-1962\">\n\t\t\t\t\t\t<section class=\"elementor-section elementor-top-section elementor-element elementor-element-5de3a1d elementor-section-boxed elementor-section-height-default elementor-section-height-default\" data-id=\"5de3a1d\" data-element_type=\"section\" data-settings=\"{&quot;background_background&quot;:&quot;classic&quot;}\">\n\t\t\t\t\t\t<div class=\"elementor-container elementor-column-gap-default\">\n\t\t\t\t\t<div class=\"elementor-column elementor-col-100 elementor-top-column elementor-element elementor-element-9557d6e\" data-id=\"9557d6e\" data-element_type=\"column\">\n\t\t\t<div class=\"elementor-widget-wrap elementor-element-populated\">\n\t\t\t\t\t\t<div class=\"elementor-element elementor-element-3499846 elementor-widget elementor-widget-spacer\" data-id=\"3499846\" data-element_type=\"widget\" data-widget_type=\"spacer.default\">\n\t\t\t\t<div class=\"elementor-widget-container\">\n\t\t\t\t\t\t\t<div class=\"elementor-spacer\">\n\t\t\t<div class=\"elementor-spacer-inner\"><\/div>\n\t\t<\/div>\n\t\t\t\t\t\t<\/div>\n\t\t\t\t<\/div>\n\t\t<div class=\"elementor-element elementor-element-670c9e0 e-grid e-con-boxed e-con e-parent\" data-id=\"670c9e0\" data-element_type=\"container\">\n\t\t\t\t\t<div class=\"e-con-inner\">\n\t\t\t\t<div class=\"elementor-element elementor-element-d9b88e8 elementor-widget elementor-widget-video\" data-id=\"d9b88e8\" data-element_type=\"widget\" data-settings=\"{&quot;youtube_url&quot;:&quot;https:\\\/\\\/youtu.be\\\/WK_22OSPsao&quot;,&quot;video_type&quot;:&quot;youtube&quot;,&quot;controls&quot;:&quot;yes&quot;}\" data-widget_type=\"video.default\">\n\t\t\t\t<div class=\"elementor-widget-container\">\n\t\t\t\t\t\t\t<div class=\"elementor-wrapper elementor-open-inline\">\n\t\t\t<div class=\"elementor-video\"><\/div>\t\t<\/div>\n\t\t\t\t\t\t<\/div>\n\t\t\t\t<\/div>\n\t\t\t\t<div class=\"elementor-element elementor-element-1a8bd89 elementor-widget elementor-widget-text-editor\" data-id=\"1a8bd89\" data-element_type=\"widget\" data-widget_type=\"text-editor.default\">\n\t\t\t\t<div class=\"elementor-widget-container\">\n\t\t\t\t\t\t\t\t\t<div><p>En la UCM <span style=\"text-decoration: underline;\"><strong><span style=\"color: #0074ff;\"><em>nos adaptamos al contexto <br \/><\/em><\/span><\/strong><\/span>y a los desaf\u00edos del mundo.\u200b<\/p><\/div>\t\t\t\t\t\t\t\t<\/div>\n\t\t\t\t<\/div>\n\t\t\t\t\t<\/div>\n\t\t\t\t<\/div>\n\t\t\t\t<div class=\"elementor-element elementor-element-06b3097 elementor-widget elementor-widget-spacer\" data-id=\"06b3097\" data-element_type=\"widget\" data-widget_type=\"spacer.default\">\n\t\t\t\t<div class=\"elementor-widget-container\">\n\t\t\t\t\t\t\t<div class=\"elementor-spacer\">\n\t\t\t<div class=\"elementor-spacer-inner\"><\/div>\n\t\t<\/div>\n\t\t\t\t\t\t<\/div>\n\t\t\t\t<\/div>\n\t\t\t\t\t<\/div>\n\t\t<\/div>\n\t\t\t\t\t<\/div>\n\t\t<\/section>\n\t\t\t\t<section class=\"elementor-section elementor-top-section elementor-element elementor-element-dc57ea0 elementor-hidden-mobile elementor-section-full_width elementor-section-height-default elementor-section-height-default\" data-id=\"dc57ea0\" data-element_type=\"section\">\n\t\t\t\t\t\t<div class=\"elementor-container elementor-column-gap-extended\">\n\t\t\t\t\t<div class=\"elementor-column elementor-col-100 elementor-top-column elementor-element elementor-element-cfda745\" data-id=\"cfda745\" data-element_type=\"column\">\n\t\t\t<div class=\"elementor-widget-wrap elementor-element-populated\">\n\t\t\t\t\t\t<div class=\"elementor-element elementor-element-295baf1 elementor-widget elementor-widget-image\" data-id=\"295baf1\" data-element_type=\"widget\" data-widget_type=\"image.default\">\n\t\t\t\t<div class=\"elementor-widget-container\">\n\t\t\t\t\t\t\t\t\t\t\t\t\t\t\t<img fetchpriority=\"high\" decoding=\"async\" width=\"2080\" height=\"950\" src=\"https:\/\/www.ucm.edu.co\/inneo\/wp-content\/uploads\/2025\/02\/acerca-de-inneo.png\" class=\"attachment-full size-full wp-image-3813\" alt=\"\" srcset=\"https:\/\/www.ucm.edu.co\/inneo\/wp-content\/uploads\/2025\/02\/acerca-de-inneo.png 2080w, https:\/\/www.ucm.edu.co\/inneo\/wp-content\/uploads\/2025\/02\/acerca-de-inneo-300x137.png 300w, https:\/\/www.ucm.edu.co\/inneo\/wp-content\/uploads\/2025\/02\/acerca-de-inneo-1024x468.png 1024w, https:\/\/www.ucm.edu.co\/inneo\/wp-content\/uploads\/2025\/02\/acerca-de-inneo-768x351.png 768w, https:\/\/www.ucm.edu.co\/inneo\/wp-content\/uploads\/2025\/02\/acerca-de-inneo-1536x702.png 1536w, https:\/\/www.ucm.edu.co\/inneo\/wp-content\/uploads\/2025\/02\/acerca-de-inneo-2048x935.png 2048w, https:\/\/www.ucm.edu.co\/inneo\/wp-content\/uploads\/2025\/02\/acerca-de-inneo-400x183.png 400w, https:\/\/www.ucm.edu.co\/inneo\/wp-content\/uploads\/2025\/02\/acerca-de-inneo-1120x512.png 1120w\" sizes=\"(max-width: 2080px) 100vw, 2080px\" \/>\t\t\t\t\t\t\t\t\t\t\t\t\t\t\t<\/div>\n\t\t\t\t<\/div>\n\t\t\t\t<div class=\"elementor-element elementor-element-8c3eb37 elementor-widget elementor-widget-spacer\" data-id=\"8c3eb37\" data-element_type=\"widget\" data-widget_type=\"spacer.default\">\n\t\t\t\t<div class=\"elementor-widget-container\">\n\t\t\t\t\t\t\t<div class=\"elementor-spacer\">\n\t\t\t<div class=\"elementor-spacer-inner\"><\/div>\n\t\t<\/div>\n\t\t\t\t\t\t<\/div>\n\t\t\t\t<\/div>\n\t\t\t\t\t<\/div>\n\t\t<\/div>\n\t\t\t\t\t<\/div>\n\t\t<\/section>\n\t\t\t\t<section class=\"elementor-section elementor-top-section elementor-element elementor-element-2ce74ed elementor-section-boxed elementor-section-height-default elementor-section-height-default\" data-id=\"2ce74ed\" data-element_type=\"section\">\n\t\t\t\t\t\t<div class=\"elementor-container elementor-column-gap-no\">\n\t\t\t\t\t<div class=\"elementor-column elementor-col-100 elementor-top-column elementor-element elementor-element-3388a90\" data-id=\"3388a90\" data-element_type=\"column\">\n\t\t\t<div class=\"elementor-widget-wrap elementor-element-populated\">\n\t\t\t\t\t\t<div class=\"elementor-element elementor-element-3829be3 elementor-widget elementor-widget-spacer\" data-id=\"3829be3\" data-element_type=\"widget\" data-widget_type=\"spacer.default\">\n\t\t\t\t<div class=\"elementor-widget-container\">\n\t\t\t\t\t\t\t<div class=\"elementor-spacer\">\n\t\t\t<div class=\"elementor-spacer-inner\"><\/div>\n\t\t<\/div>\n\t\t\t\t\t\t<\/div>\n\t\t\t\t<\/div>\n\t\t\t\t\t<\/div>\n\t\t<\/div>\n\t\t\t\t\t<\/div>\n\t\t<\/section>\n\t\t\t\t<section class=\"elementor-section elementor-top-section elementor-element elementor-element-1ad24ac elementor-section-boxed elementor-section-height-default elementor-section-height-default\" data-id=\"1ad24ac\" data-element_type=\"section\">\n\t\t\t\t\t\t<div class=\"elementor-container elementor-column-gap-extended\">\n\t\t\t\t\t<div class=\"elementor-column elementor-col-100 elementor-top-column elementor-element elementor-element-b75560f\" data-id=\"b75560f\" data-element_type=\"column\">\n\t\t\t<div class=\"elementor-widget-wrap elementor-element-populated\">\n\t\t\t\t\t\t<div class=\"elementor-element elementor-element-c82785d elementor-widget elementor-widget-spacer\" data-id=\"c82785d\" data-element_type=\"widget\" data-widget_type=\"spacer.default\">\n\t\t\t\t<div class=\"elementor-widget-container\">\n\t\t\t\t\t\t\t<div class=\"elementor-spacer\">\n\t\t\t<div class=\"elementor-spacer-inner\"><\/div>\n\t\t<\/div>\n\t\t\t\t\t\t<\/div>\n\t\t\t\t<\/div>\n\t\t\t\t<section class=\"elementor-section elementor-inner-section elementor-element elementor-element-c2bd627 elementor-section-full_width elementor-section-height-default elementor-section-height-default\" data-id=\"c2bd627\" data-element_type=\"section\">\n\t\t\t\t\t\t<div class=\"elementor-container elementor-column-gap-no\">\n\t\t\t\t\t<div class=\"elementor-column elementor-col-33 elementor-inner-column elementor-element elementor-element-ede9652\" data-id=\"ede9652\" data-element_type=\"column\">\n\t\t\t<div class=\"elementor-widget-wrap elementor-element-populated\">\n\t\t\t\t\t\t<div class=\"elementor-element elementor-element-18b7274 elementor-widget elementor-widget-image\" data-id=\"18b7274\" data-element_type=\"widget\" data-widget_type=\"image.default\">\n\t\t\t\t<div class=\"elementor-widget-container\">\n\t\t\t\t\t\t\t\t\t\t\t\t\t\t\t<img decoding=\"async\" width=\"1024\" height=\"576\" src=\"https:\/\/www.ucm.edu.co\/inneo\/wp-content\/uploads\/2024\/05\/inneo_ucm-01-1024x576.png\" class=\"attachment-large size-large wp-image-3345\" alt=\"\" srcset=\"https:\/\/www.ucm.edu.co\/inneo\/wp-content\/uploads\/2024\/05\/inneo_ucm-01-1024x576.png 1024w, https:\/\/www.ucm.edu.co\/inneo\/wp-content\/uploads\/2024\/05\/inneo_ucm-01-300x169.png 300w, https:\/\/www.ucm.edu.co\/inneo\/wp-content\/uploads\/2024\/05\/inneo_ucm-01-768x432.png 768w, https:\/\/www.ucm.edu.co\/inneo\/wp-content\/uploads\/2024\/05\/inneo_ucm-01-1536x864.png 1536w, https:\/\/www.ucm.edu.co\/inneo\/wp-content\/uploads\/2024\/05\/inneo_ucm-01-2048x1152.png 2048w, https:\/\/www.ucm.edu.co\/inneo\/wp-content\/uploads\/2024\/05\/inneo_ucm-01-400x225.png 400w, https:\/\/www.ucm.edu.co\/inneo\/wp-content\/uploads\/2024\/05\/inneo_ucm-01-1120x630.png 1120w\" sizes=\"(max-width: 1024px) 100vw, 1024px\" \/>\t\t\t\t\t\t\t\t\t\t\t\t\t\t\t<\/div>\n\t\t\t\t<\/div>\n\t\t\t\t\t<\/div>\n\t\t<\/div>\n\t\t\t\t<div class=\"elementor-column elementor-col-66 elementor-inner-column elementor-element elementor-element-de938f4\" data-id=\"de938f4\" data-element_type=\"column\">\n\t\t\t<div class=\"elementor-widget-wrap elementor-element-populated\">\n\t\t\t\t\t\t<div class=\"elementor-element elementor-element-ab8e8ef elementor-widget elementor-widget-heading\" data-id=\"ab8e8ef\" data-element_type=\"widget\" data-widget_type=\"heading.default\">\n\t\t\t\t<div class=\"elementor-widget-container\">\n\t\t\t\t\t<h1 class=\"elementor-heading-title elementor-size-default\">Somos Innovaci\u00f3n<br>\nSomos UCM<\/h1>\t\t\t\t<\/div>\n\t\t\t\t<\/div>\n\t\t\t\t\t<\/div>\n\t\t<\/div>\n\t\t\t\t\t<\/div>\n\t\t<\/section>\n\t\t\t\t<div class=\"elementor-element elementor-element-073cd0c elementor-widget elementor-widget-spacer\" data-id=\"073cd0c\" data-element_type=\"widget\" data-widget_type=\"spacer.default\">\n\t\t\t\t<div class=\"elementor-widget-container\">\n\t\t\t\t\t\t\t<div class=\"elementor-spacer\">\n\t\t\t<div class=\"elementor-spacer-inner\"><\/div>\n\t\t<\/div>\n\t\t\t\t\t\t<\/div>\n\t\t\t\t<\/div>\n\t\t\t\t<section class=\"elementor-section elementor-inner-section elementor-element elementor-element-c615cc9 elementor-section-full_width elementor-section-height-default elementor-section-height-default\" data-id=\"c615cc9\" data-element_type=\"section\">\n\t\t\t\t\t\t<div class=\"elementor-container elementor-column-gap-no\">\n\t\t\t\t\t<div class=\"elementor-column elementor-col-50 elementor-inner-column elementor-element elementor-element-fe3f406 elementor-hidden-tablet elementor-hidden-mobile\" data-id=\"fe3f406\" data-element_type=\"column\">\n\t\t\t<div class=\"elementor-widget-wrap\">\n\t\t\t\t\t\t\t<\/div>\n\t\t<\/div>\n\t\t\t\t<div class=\"elementor-column elementor-col-50 elementor-inner-column elementor-element elementor-element-d9cb8b6\" data-id=\"d9cb8b6\" data-element_type=\"column\">\n\t\t\t<div class=\"elementor-widget-wrap elementor-element-populated\">\n\t\t\t\t\t\t<div class=\"elementor-element elementor-element-54213fa elementor-widget elementor-widget-spacer\" data-id=\"54213fa\" data-element_type=\"widget\" data-widget_type=\"spacer.default\">\n\t\t\t\t<div class=\"elementor-widget-container\">\n\t\t\t\t\t\t\t<div class=\"elementor-spacer\">\n\t\t\t<div class=\"elementor-spacer-inner\"><\/div>\n\t\t<\/div>\n\t\t\t\t\t\t<\/div>\n\t\t\t\t<\/div>\n\t\t\t\t<div class=\"elementor-element elementor-element-9af9fee elementor-widget elementor-widget-heading\" data-id=\"9af9fee\" data-element_type=\"widget\" data-widget_type=\"heading.default\">\n\t\t\t\t<div class=\"elementor-widget-container\">\n\t\t\t\t\t<h2 class=\"elementor-heading-title elementor-size-default\">Qui\u00e9nes somos<\/h2>\t\t\t\t<\/div>\n\t\t\t\t<\/div>\n\t\t\t\t<div class=\"elementor-element elementor-element-d46ff9e elementor-widget elementor-widget-text-editor\" data-id=\"d46ff9e\" data-element_type=\"widget\" data-widget_type=\"text-editor.default\">\n\t\t\t\t<div class=\"elementor-widget-container\">\n\t\t\t\t\t\t\t\t\t<p>Siendo coherentes con nuestra misi\u00f3n y nuestro perfil social, en la UCM nos adaptamos al contexto y a los desaf\u00edos del mundo, y creamos el Centro de innovaci\u00f3n INNEO.<\/p><p>Por medio de la colaboraci\u00f3n de la comunidad universitaria con empresas, sociedad y estado, y en correspondencia con los Objetivos de Desarrollo Sostenible la universidad responde al gran reto de\u00a0<strong><em>\u201cSer fuerte y reconocida por la producci\u00f3n cient\u00edfica, la innovaci\u00f3n y el emprendimiento.<\/em><\/strong><\/p>\t\t\t\t\t\t\t\t<\/div>\n\t\t\t\t<\/div>\n\t\t\t\t<div class=\"elementor-element elementor-element-02e05c8 elementor-widget elementor-widget-text-editor\" data-id=\"02e05c8\" data-element_type=\"widget\" data-widget_type=\"text-editor.default\">\n\t\t\t\t<div class=\"elementor-widget-container\">\n\t\t\t\t\t\t\t\t\t<p><span style=\"font-weight: 400;\">Con el \u00e1nimo de fortalecer la innovaci\u00f3n en la UCM, se ha\u00a0 venido realizando un trabajo colaborativo con diferentes actores estrat\u00e9gicos de la Universidad, quienes han enriquecido\u00a0 las diferentes l\u00edneas de Inneo centro de Innovaci\u00f3n social. Adem\u00e1s, ha sido posible apreciar la Innovaci\u00f3n en la\u00a0 UCM no solo desde un componente social, sino tambi\u00e9n con una visi\u00f3n hol\u00edstica de los diferentes frentes de innovaci\u00f3n que se est\u00e1n desarrollando actualmente en la Instituci\u00f3n.<\/span><\/p><p>\u00a0<\/p><p><span style=\"font-weight: 400;\">De acuerdo a lo anterior, se ha logrado consolidar 3\u00a0 l\u00edneas adicionales de innovaci\u00f3n a trabajar desde la estrategia INNEO, estas son:<\/span><\/p><p>\u00a0<\/p><ul><li><span style=\"font-weight: 400;\"><strong>Innovaci\u00f3n social<\/strong>, liderado por\u00a0 Lina Marcela Fl\u00f3rez.<\/span><\/li><li><span style=\"font-weight: 400;\"><strong>Innovaci\u00f3n educativa<\/strong>, liderado por\u00a0 Lina Rosa Parra<\/span><\/li><li><span style=\"font-weight: 400;\"><strong>Innovaci\u00f3n en procesos<\/strong>, liderado por Cristian Camilo Guti\u00e9rrez<\/span><\/li><li><span style=\"font-weight: 400;\"><strong>Innovaci\u00f3n tecnol\u00f3gic<\/strong>a, liderado por Natalia Gaviria<\/span><\/li><\/ul><p>\u00a0<\/p><p><span style=\"font-weight: 400;\">Teniendo en cuenta,\u00a0 el trabajo articulado que se viene desarrollando alrededor de la Innovaci\u00f3n de la UCM, actualmente el equipo mencionado en compa\u00f1\u00eda de la Unidad de Marca y Comunicaciones ha venido trabajando en la campa\u00f1a de lanzamiento de la marca INNEO UCM, visibiliz\u00e1ndola como la gran marca o marca sombrilla para el abordaje de los diferentes tipos de innovaci\u00f3n. Con la conformaci\u00f3n de este equipo, se ha visto la posibilidad de ampliar las l\u00edneas de acci\u00f3n de lo que hasta ahora se ha llamado &#8220;INNEO Centro de Innovaci\u00f3n social UCM&#8221;.\u00a0<\/span><\/p><p>\u00a0<\/p><p><span style=\"font-weight: 400;\">Por lo tanto, surge la propuesta de\u00a0 renombrar\u00a0 esta estrategia como &#8220;INNEO Centro de Innovaci\u00f3n UCM&#8221;, dado que no solo se est\u00e1 hablando de la innovaci\u00f3n social, sino tambi\u00e9n de las dem\u00e1s l\u00edneas de innovaci\u00f3n que pretenden fortalecer y ampliar las l\u00edneas del Ecosistema de Innovaci\u00f3n en la UCM. Con esta resignificaci\u00f3n en el nombre de INNEO, ser\u00e1 posible que otros actores del ecosistema externo de Innovaci\u00f3n se vean identificados con esta estrategia, lo que permitir\u00e1 una participaci\u00f3n m\u00e1s activa al interior del centro, donde se pretende desarrollar espacios de co-creaci\u00f3n para solucionar los diferentes retos que vive actualmente la regi\u00f3n.<\/span><\/p>\t\t\t\t\t\t\t\t<\/div>\n\t\t\t\t<\/div>\n\t\t\t\t<div class=\"elementor-element elementor-element-53a783b elementor-widget elementor-widget-spacer\" data-id=\"53a783b\" data-element_type=\"widget\" data-widget_type=\"spacer.default\">\n\t\t\t\t<div class=\"elementor-widget-container\">\n\t\t\t\t\t\t\t<div class=\"elementor-spacer\">\n\t\t\t<div class=\"elementor-spacer-inner\"><\/div>\n\t\t<\/div>\n\t\t\t\t\t\t<\/div>\n\t\t\t\t<\/div>\n\t\t\t\t\t<\/div>\n\t\t<\/div>\n\t\t\t\t\t<\/div>\n\t\t<\/section>\n\t\t\t\t<div class=\"elementor-element elementor-element-ed01a98 elementor-widget elementor-widget-spacer\" data-id=\"ed01a98\" data-element_type=\"widget\" data-widget_type=\"spacer.default\">\n\t\t\t\t<div class=\"elementor-widget-container\">\n\t\t\t\t\t\t\t<div class=\"elementor-spacer\">\n\t\t\t<div class=\"elementor-spacer-inner\"><\/div>\n\t\t<\/div>\n\t\t\t\t\t\t<\/div>\n\t\t\t\t<\/div>\n\t\t\t\t\t<\/div>\n\t\t<\/div>\n\t\t\t\t\t<\/div>\n\t\t<\/section>\n\t\t\t\t<section class=\"elementor-section elementor-top-section elementor-element elementor-element-41da737 elementor-hidden-desktop elementor-hidden-tablet elementor-hidden-mobile elementor-section-boxed elementor-section-height-default elementor-section-height-default\" data-id=\"41da737\" data-element_type=\"section\">\n\t\t\t\t\t\t<div class=\"elementor-container elementor-column-gap-extended\">\n\t\t\t\t\t<div class=\"elementor-column elementor-col-100 elementor-top-column elementor-element elementor-element-81f7aee\" data-id=\"81f7aee\" data-element_type=\"column\">\n\t\t\t<div class=\"elementor-widget-wrap elementor-element-populated\">\n\t\t\t\t\t\t<div class=\"elementor-element elementor-element-c9384e1 elementor-widget elementor-widget-spacer\" data-id=\"c9384e1\" data-element_type=\"widget\" data-widget_type=\"spacer.default\">\n\t\t\t\t<div class=\"elementor-widget-container\">\n\t\t\t\t\t\t\t<div class=\"elementor-spacer\">\n\t\t\t<div class=\"elementor-spacer-inner\"><\/div>\n\t\t<\/div>\n\t\t\t\t\t\t<\/div>\n\t\t\t\t<\/div>\n\t\t\t\t<div class=\"elementor-element elementor-element-aa9c2bc elementor-widget elementor-widget-ms_gallery\" data-id=\"aa9c2bc\" data-element_type=\"widget\" data-widget_type=\"ms_gallery.default\">\n\t\t\t\t<div class=\"elementor-widget-container\">\n\t\t\t\t\t\r\n                <!-- Grid -->\r\n                <div class=\"ms-content--portfolio\" id=\"aa9c2bc\">\r\n                    <div class=\"row grid grid-content blockgallery h_s2\">\r\n                        <div class=\"grid-sizer col-xs-12 col-lg-2 col-md-3\"><\/div>\r\n                                                    <div class=\"grid-item col-6 col-lg-2 col-md-3\">\r\n                                                                                                <figure class=\"media-wrapper media-wrapper--4:3 mfp-none\">\r\n                                        <img decoding=\"async\" src=\"https:\/\/www.ucm.edu.co\/inneo\/wp-content\/uploads\/2022\/10\/most_logo_partner_8.png\" alt=\"most_logo_partner_8\" loading=\"lazy\"\/>\r\n                                    <\/figure>\r\n                                                            <\/div>\r\n                                                    <div class=\"grid-item col-6 col-lg-2 col-md-3\">\r\n                                                                                                <figure class=\"media-wrapper media-wrapper--4:3 mfp-none\">\r\n                                        <img decoding=\"async\" src=\"https:\/\/www.ucm.edu.co\/inneo\/wp-content\/uploads\/2022\/10\/most_logo_partner_9.png\" alt=\"most_logo_partner_9\" loading=\"lazy\"\/>\r\n                                    <\/figure>\r\n                                                            <\/div>\r\n                                                    <div class=\"grid-item col-6 col-lg-2 col-md-3\">\r\n                                                                                                <figure class=\"media-wrapper media-wrapper--4:3 mfp-none\">\r\n                                        <img decoding=\"async\" src=\"https:\/\/www.ucm.edu.co\/inneo\/wp-content\/uploads\/2022\/10\/most_logo_partner_6.png\" alt=\"most_logo_partner_6\" loading=\"lazy\"\/>\r\n                                    <\/figure>\r\n                                                            <\/div>\r\n                                                    <div class=\"grid-item col-6 col-lg-2 col-md-3\">\r\n                                                                                                <figure class=\"media-wrapper media-wrapper--4:3 mfp-none\">\r\n                                        <img decoding=\"async\" src=\"https:\/\/www.ucm.edu.co\/inneo\/wp-content\/uploads\/2022\/10\/most_logo_partner_5.png\" alt=\"most_logo_partner_5\" loading=\"lazy\"\/>\r\n                                    <\/figure>\r\n                                                            <\/div>\r\n                                                    <div class=\"grid-item col-6 col-lg-2 col-md-3\">\r\n                                                                                                <figure class=\"media-wrapper media-wrapper--4:3 mfp-none\">\r\n                                        <img decoding=\"async\" src=\"https:\/\/www.ucm.edu.co\/inneo\/wp-content\/uploads\/2022\/10\/most_logo_partner_7.png\" alt=\"most_logo_partner_7\" loading=\"lazy\"\/>\r\n                                    <\/figure>\r\n                                                            <\/div>\r\n                                                    <div class=\"grid-item col-6 col-lg-2 col-md-3\">\r\n                                                                                                <figure class=\"media-wrapper media-wrapper--4:3 mfp-none\">\r\n                                        <img decoding=\"async\" src=\"https:\/\/www.ucm.edu.co\/inneo\/wp-content\/uploads\/2022\/10\/most_logo_partner_4.png\" alt=\"most_logo_partner_4\" loading=\"lazy\"\/>\r\n                                    <\/figure>\r\n                                                            <\/div>\r\n                                                    <div class=\"grid-item col-6 col-lg-2 col-md-3\">\r\n                                                                                                <figure class=\"media-wrapper media-wrapper--4:3 mfp-none\">\r\n                                        <img decoding=\"async\" src=\"https:\/\/www.ucm.edu.co\/inneo\/wp-content\/uploads\/2022\/10\/most_logo_partner_3.png\" alt=\"most_logo_partner_3\" loading=\"lazy\"\/>\r\n                                    <\/figure>\r\n                                                            <\/div>\r\n                                                    <div class=\"grid-item col-6 col-lg-2 col-md-3\">\r\n                                                                                                <figure class=\"media-wrapper media-wrapper--4:3 mfp-none\">\r\n                                        <img decoding=\"async\" src=\"https:\/\/www.ucm.edu.co\/inneo\/wp-content\/uploads\/2022\/10\/most_logo_partner_2.png\" alt=\"most_logo_partner_2\" loading=\"lazy\"\/>\r\n                                    <\/figure>\r\n                                                            <\/div>\r\n                                                    <div class=\"grid-item col-6 col-lg-2 col-md-3\">\r\n                                                                                                <figure class=\"media-wrapper media-wrapper--4:3 mfp-none\">\r\n                                        <img decoding=\"async\" src=\"https:\/\/www.ucm.edu.co\/inneo\/wp-content\/uploads\/2022\/10\/most_logo_partner_1.png\" alt=\"most_logo_partner_1\" loading=\"lazy\"\/>\r\n                                    <\/figure>\r\n                                                            <\/div>\r\n                                            <\/div>\r\n                <\/div>\r\n\r\n            \t\t\t\t<\/div>\n\t\t\t\t<\/div>\n\t\t\t\t<div class=\"elementor-element elementor-element-6328860 elementor-widget elementor-widget-spacer\" data-id=\"6328860\" data-element_type=\"widget\" data-widget_type=\"spacer.default\">\n\t\t\t\t<div class=\"elementor-widget-container\">\n\t\t\t\t\t\t\t<div class=\"elementor-spacer\">\n\t\t\t<div class=\"elementor-spacer-inner\"><\/div>\n\t\t<\/div>\n\t\t\t\t\t\t<\/div>\n\t\t\t\t<\/div>\n\t\t\t\t\t<\/div>\n\t\t<\/div>\n\t\t\t\t\t<\/div>\n\t\t<\/section>\n\t\t\t\t<\/div>\n\t\t","protected":false},"excerpt":{"rendered":"<p>https:\/\/youtu.be\/WK_22OSPsao En la UCM nos adaptamos al contexto y a los desaf\u00edos del mundo.\u200b Somos Innovaci\u00f3n Somos UCM Qui\u00e9nes somos Siendo coherentes con nuestra [&hellip;]<\/p>\n","protected":false},"author":1,"featured_media":0,"parent":0,"menu_order":2,"comment_status":"closed","ping_status":"closed","template":"page-custom.php","meta":{"_monsterinsights_skip_tracking":false,"_monsterinsights_sitenote_active":false,"_monsterinsights_sitenote_note":"","_monsterinsights_sitenote_category":0,"footnotes":""},"class_list":["post-1962","page","type-page","status-publish","hentry"],"_links":{"self":[{"href":"https:\/\/www.ucm.edu.co\/inneo\/wp-json\/wp\/v2\/pages\/1962","targetHints":{"allow":["GET"]}}],"collection":[{"href":"https:\/\/www.ucm.edu.co\/inneo\/wp-json\/wp\/v2\/pages"}],"about":[{"href":"https:\/\/www.ucm.edu.co\/inneo\/wp-json\/wp\/v2\/types\/page"}],"author":[{"embeddable":true,"href":"https:\/\/www.ucm.edu.co\/inneo\/wp-json\/wp\/v2\/users\/1"}],"replies":[{"embeddable":true,"href":"https:\/\/www.ucm.edu.co\/inneo\/wp-json\/wp\/v2\/comments?post=1962"}],"version-history":[{"count":71,"href":"https:\/\/www.ucm.edu.co\/inneo\/wp-json\/wp\/v2\/pages\/1962\/revisions"}],"predecessor-version":[{"id":3979,"href":"https:\/\/www.ucm.edu.co\/inneo\/wp-json\/wp\/v2\/pages\/1962\/revisions\/3979"}],"wp:attachment":[{"href":"https:\/\/www.ucm.edu.co\/inneo\/wp-json\/wp\/v2\/media?parent=1962"}],"curies":[{"name":"wp","href":"https:\/\/api.w.org\/{rel}","templated":true}]}}