{"id":148,"date":"2022-08-23T10:37:56","date_gmt":"2022-08-23T10:37:56","guid":{"rendered":"https:\/\/theme.madsparrow.me\/most\/?page_id=148"},"modified":"2025-01-31T11:45:39","modified_gmt":"2025-01-31T16:45:39","slug":"blog-card","status":"publish","type":"page","link":"https:\/\/www.ucm.edu.co\/inneo\/blog-card\/","title":{"rendered":"Blog Card"},"content":{"rendered":"\t\t<div data-elementor-type=\"wp-page\" data-elementor-id=\"148\" class=\"elementor elementor-148\">\n\t\t\t\t\t\t<section class=\"elementor-section elementor-top-section elementor-element elementor-element-0f44892 elementor-section-height-min-height elementor-section-boxed elementor-section-height-default elementor-section-items-middle\" data-id=\"0f44892\" data-element_type=\"section\" data-settings=\"{&quot;background_background&quot;:&quot;classic&quot;}\">\n\t\t\t\t\t\t\t<div class=\"elementor-background-overlay\"><\/div>\n\t\t\t\t\t\t\t<div class=\"elementor-container elementor-column-gap-extended\">\n\t\t\t\t\t<div class=\"elementor-column elementor-col-100 elementor-top-column elementor-element elementor-element-f978a52\" data-id=\"f978a52\" data-element_type=\"column\">\n\t\t\t<div class=\"elementor-widget-wrap elementor-element-populated\">\n\t\t\t\t\t\t<div class=\"elementor-element elementor-element-c6e38a6 elementor-widget elementor-widget-heading\" data-id=\"c6e38a6\" data-element_type=\"widget\" data-widget_type=\"heading.default\">\n\t\t\t\t<div class=\"elementor-widget-container\">\n\t\t\t\t\t<h2 class=\"elementor-heading-title elementor-size-default\">Desde la Innovaci\u00f3n<\/h2>\t\t\t\t<\/div>\n\t\t\t\t<\/div>\n\t\t\t\t<div class=\"elementor-element elementor-element-67d76ab elementor-widget elementor-widget-heading\" data-id=\"67d76ab\" data-element_type=\"widget\" data-widget_type=\"heading.default\">\n\t\t\t\t<div class=\"elementor-widget-container\">\n\t\t\t\t\t<h1 class=\"elementor-heading-title elementor-size-default\">Creamos \n<br>Historias incre\u00edbles<\/h1>\t\t\t\t<\/div>\n\t\t\t\t<\/div>\n\t\t\t\t\t<\/div>\n\t\t<\/div>\n\t\t\t\t\t<\/div>\n\t\t<\/section>\n\t\t\t\t<section class=\"elementor-section elementor-top-section elementor-element elementor-element-6987337 elementor-section-boxed elementor-section-height-default elementor-section-height-default\" data-id=\"6987337\" data-element_type=\"section\">\n\t\t\t\t\t\t<div class=\"elementor-container elementor-column-gap-extended\">\n\t\t\t\t\t<div class=\"elementor-column elementor-col-100 elementor-top-column elementor-element elementor-element-c65574d\" data-id=\"c65574d\" data-element_type=\"column\">\n\t\t\t<div class=\"elementor-widget-wrap elementor-element-populated\">\n\t\t\t\t\t\t<div class=\"elementor-element elementor-element-a5657fb elementor-widget elementor-widget-ms_posts\" data-id=\"a5657fb\" data-element_type=\"widget\" data-widget_type=\"ms_posts.default\">\n\t\t\t\t<div class=\"elementor-widget-container\">\n\t\t\t\t\t\t\t\r\n\t\t<div class=\"ms-posts--wrap\">\r\n\t\t\t<div class=\"row ms-posts--card\" id=\"a5657fb\" data-order=\"\">\r\n\r\n\t\t\t\t\t\r\n\r\n\t\t\t\t\t\t\r\n<article id=\"post-3798\" class=\"grid-item col-sm-12 col-md-6 col-lg-4 post-3798 post type-post status-publish format-standard has-post-thumbnail hentry category-innovacion\">\r\n\r\n          <a href=\"https:\/\/www.ucm.edu.co\/inneo\/inneo-accion-la-cultura-de-la-innovacion-en-la-ucm\/\" aria-label=\"INNEO Acci\u00f3n: La cultura de la innovaci\u00f3n en la UCM\">\r\n        <figure class=\"media-wrapper media-wrapper--4:3\">\r\n          <img decoding=\"async\" src=\"https:\/\/www.ucm.edu.co\/inneo\/wp-content\/uploads\/2025\/01\/Inneo-Accion-2.jpeg\" alt=\"INNEO Acci\u00f3n: La cultura de la innovaci\u00f3n en la UCM\">\r\n        <\/figure>\r\n              <\/a>\r\n    \r\n    <div class=\"post-meta-cont\">\r\n\r\n      <div class=\"post-header\">\r\n                <div class=\"post-category\"><ul class=\"post-categories\">\n\t<li><a href=\"https:\/\/www.ucm.edu.co\/inneo\/category\/innovacion\/\" rel=\"category tag\">Innovaci\u00f3n<\/a><\/li><\/ul><\/div>\r\n      <\/div>\r\n\r\n      <a href=\"https:\/\/www.ucm.edu.co\/inneo\/inneo-accion-la-cultura-de-la-innovacion-en-la-ucm\/\" aria-label=\"INNEO Acci\u00f3n: La cultura de la innovaci\u00f3n en la UCM\">\r\n        <h3>INNEO Acci\u00f3n: La cultura de la innovaci\u00f3n en la UCM<\/h3>\r\n      <\/a>\r\n      \r\n              <p class=\"post-excerpt\">La Coordinaci\u00f3n de Investigaci\u00f3n e Innovaci\u00f3n ha dado inicio al programa&nbsp;INNEO ACCI\u00d3N, que tie...<\/p>            \r\n      <div class=\"post-meta-footer\">\r\n        <span class=\"post-footer--author\">\r\n          <img decoding=\"async\" src=\"https:\/\/secure.gravatar.com\/avatar\/34b90e630e46bbf85574cafae501997489ba87cafd5666a72ce1103ff4118f09?s=45&d=mm&r=g\" alt=\"marca_ucm\">\r\n          <div class=\"post-meta__info\">\r\n            <span class=\"post-meta__author\">marca_ucm<\/span>\r\n            <div class=\"card__footer\">\r\n              <span class=\"post-meta__date\">Oct 10, 2023<\/span>\r\n              <span class=\"ms-p--ttr\">2 min read<\/span>\r\n            <\/div>\r\n          <\/div>\r\n        <\/span>\r\n      <\/div>\r\n    <\/div>\r\n<\/article>\r\n\r\n\t\t\t\t\t\r\n\r\n\t\t\t\t\t\t\r\n<article id=\"post-3801\" class=\"grid-item col-sm-12 col-md-6 col-lg-4 post-3801 post type-post status-publish format-standard has-post-thumbnail hentry category-sin-categoria\">\r\n\r\n          <a href=\"https:\/\/www.ucm.edu.co\/inneo\/seleccion-de-participantes-programa-inneo-accion\/\" aria-label=\"Selecci\u00f3n de Participantes Programa Inneo-Acci\u00f3n\">\r\n        <figure class=\"media-wrapper media-wrapper--4:3\">\r\n          <img decoding=\"async\" src=\"https:\/\/www.ucm.edu.co\/inneo\/wp-content\/uploads\/2025\/01\/seleccion-participantes-inneo.png\" alt=\"Selecci\u00f3n de Participantes Programa Inneo-Acci\u00f3n\">\r\n        <\/figure>\r\n              <\/a>\r\n    \r\n    <div class=\"post-meta-cont\">\r\n\r\n      <div class=\"post-header\">\r\n                <div class=\"post-category\"><ul class=\"post-categories\">\n\t<li><a href=\"https:\/\/www.ucm.edu.co\/inneo\/category\/sin-categoria\/\" rel=\"category tag\">Sin categor\u00eda<\/a><\/li><\/ul><\/div>\r\n      <\/div>\r\n\r\n      <a href=\"https:\/\/www.ucm.edu.co\/inneo\/seleccion-de-participantes-programa-inneo-accion\/\" aria-label=\"Selecci\u00f3n de Participantes Programa Inneo-Acci\u00f3n\">\r\n        <h3>Selecci\u00f3n de Participantes Programa Inneo-Acci\u00f3n<\/h3>\r\n      <\/a>\r\n      \r\n              <p class=\"post-excerpt\">En representaci\u00f3n del equipo del programa INNEO-ACCI\u00d3N, deseamos expresar nuestro agradecimiento p...<\/p>            \r\n      <div class=\"post-meta-footer\">\r\n        <span class=\"post-footer--author\">\r\n          <img decoding=\"async\" src=\"https:\/\/secure.gravatar.com\/avatar\/34b90e630e46bbf85574cafae501997489ba87cafd5666a72ce1103ff4118f09?s=45&d=mm&r=g\" alt=\"marca_ucm\">\r\n          <div class=\"post-meta__info\">\r\n            <span class=\"post-meta__author\">marca_ucm<\/span>\r\n            <div class=\"card__footer\">\r\n              <span class=\"post-meta__date\">Sep 14, 2023<\/span>\r\n              <span class=\"ms-p--ttr\">2 min read<\/span>\r\n            <\/div>\r\n          <\/div>\r\n        <\/span>\r\n      <\/div>\r\n    <\/div>\r\n<\/article>\r\n\r\n\t\t\t\t\t\r\n\r\n\t\t\t\t\t\t\r\n<article id=\"post-3785\" class=\"grid-item col-sm-12 col-md-6 col-lg-4 post-3785 post type-post status-publish format-standard has-post-thumbnail hentry category-innovacion\">\r\n\r\n          <a href=\"https:\/\/www.ucm.edu.co\/inneo\/el-centro-de-innovacion-inneo-obtiene-su-registro-de-marca\/\" aria-label=\"El Centro de Innovaci\u00f3n INNEO obtiene su Registro de Marca\">\r\n        <figure class=\"media-wrapper media-wrapper--4:3\">\r\n          <img decoding=\"async\" src=\"https:\/\/www.ucm.edu.co\/inneo\/wp-content\/uploads\/2025\/01\/Centro-de-Innovacion-INNEO-UCM.jpg\" alt=\"El Centro de Innovaci\u00f3n INNEO obtiene su Registro de Marca\">\r\n        <\/figure>\r\n              <\/a>\r\n    \r\n    <div class=\"post-meta-cont\">\r\n\r\n      <div class=\"post-header\">\r\n                <div class=\"post-category\"><ul class=\"post-categories\">\n\t<li><a href=\"https:\/\/www.ucm.edu.co\/inneo\/category\/innovacion\/\" rel=\"category tag\">Innovaci\u00f3n<\/a><\/li><\/ul><\/div>\r\n      <\/div>\r\n\r\n      <a href=\"https:\/\/www.ucm.edu.co\/inneo\/el-centro-de-innovacion-inneo-obtiene-su-registro-de-marca\/\" aria-label=\"El Centro de Innovaci\u00f3n INNEO obtiene su Registro de Marca\">\r\n        <h3>El Centro de Innovaci\u00f3n INNEO obtiene su Registro de Marca<\/h3>\r\n      <\/a>\r\n      \r\n              <p class=\"post-excerpt\">El Centro de Innovaci\u00f3n INNEO UCM, inaugurado en enero de 2023, est\u00e1 ubicado sobre la Avenida S...<\/p>            \r\n      <div class=\"post-meta-footer\">\r\n        <span class=\"post-footer--author\">\r\n          <img decoding=\"async\" src=\"https:\/\/secure.gravatar.com\/avatar\/34b90e630e46bbf85574cafae501997489ba87cafd5666a72ce1103ff4118f09?s=45&d=mm&r=g\" alt=\"marca_ucm\">\r\n          <div class=\"post-meta__info\">\r\n            <span class=\"post-meta__author\">marca_ucm<\/span>\r\n            <div class=\"card__footer\">\r\n              <span class=\"post-meta__date\">Mar 22, 2023<\/span>\r\n              <span class=\"ms-p--ttr\">1 min read<\/span>\r\n            <\/div>\r\n          <\/div>\r\n        <\/span>\r\n      <\/div>\r\n    <\/div>\r\n<\/article>\r\n\r\n\t\t\t\t\t\r\n\t\t            \t        \t\t\t\t\t            \t\t\t<\/div>\r\n\t\t<\/div>\r\n\t\t\t\t\t\t<\/div>\n\t\t\t\t<\/div>\n\t\t\t\t\t<\/div>\n\t\t<\/div>\n\t\t\t\t\t<\/div>\n\t\t<\/section>\n\t\t\t\t<\/div>\n\t\t","protected":false},"excerpt":{"rendered":"<p>Desde la Innovaci\u00f3n Creamos Historias incre\u00edbles Innovaci\u00f3n INNEO Acci\u00f3n: La cultura de la innovaci\u00f3n en la UCM La Coordinaci\u00f3n de Investigaci\u00f3n e Innovaci\u00f3n ha [&hellip;]<\/p>\n","protected":false},"author":1,"featured_media":0,"parent":0,"menu_order":3,"comment_status":"closed","ping_status":"closed","template":"page-custom.php","meta":{"_monsterinsights_skip_tracking":false,"_monsterinsights_sitenote_active":false,"_monsterinsights_sitenote_note":"","_monsterinsights_sitenote_category":0,"footnotes":""},"class_list":["post-148","page","type-page","status-publish","hentry"],"_links":{"self":[{"href":"https:\/\/www.ucm.edu.co\/inneo\/wp-json\/wp\/v2\/pages\/148","targetHints":{"allow":["GET"]}}],"collection":[{"href":"https:\/\/www.ucm.edu.co\/inneo\/wp-json\/wp\/v2\/pages"}],"about":[{"href":"https:\/\/www.ucm.edu.co\/inneo\/wp-json\/wp\/v2\/types\/page"}],"author":[{"embeddable":true,"href":"https:\/\/www.ucm.edu.co\/inneo\/wp-json\/wp\/v2\/users\/1"}],"replies":[{"embeddable":true,"href":"https:\/\/www.ucm.edu.co\/inneo\/wp-json\/wp\/v2\/comments?post=148"}],"version-history":[{"count":10,"href":"https:\/\/www.ucm.edu.co\/inneo\/wp-json\/wp\/v2\/pages\/148\/revisions"}],"predecessor-version":[{"id":3809,"href":"https:\/\/www.ucm.edu.co\/inneo\/wp-json\/wp\/v2\/pages\/148\/revisions\/3809"}],"wp:attachment":[{"href":"https:\/\/www.ucm.edu.co\/inneo\/wp-json\/wp\/v2\/media?parent=148"}],"curies":[{"name":"wp","href":"https:\/\/api.w.org\/{rel}","templated":true}]}}