{"id":193749,"date":"2021-08-23T10:56:54","date_gmt":"2021-08-23T15:56:54","guid":{"rendered":"https:\/\/www.ucm.edu.co\/?page_id=193749"},"modified":"2023-06-06T10:47:55","modified_gmt":"2023-06-06T15:47:55","slug":"jornadas-democraticas","status":"publish","type":"page","link":"https:\/\/www.ucm.edu.co\/en\/jornadas-democraticas\/","title":{"rendered":"Democratic days"},"content":{"rendered":"<h2 class=\"wp-block-heading\">Postulaci\u00f3n&nbsp;<\/h2>\n\n\n\n<p>La Universidad Cat\u00f3lica de Manizales, convoca a la elecci\u00f3n de Representantes a Organismos de Gobierno y Direcci\u00f3n acad\u00e9mica de la Instituci\u00f3n, sustentada en un esp\u00edritu democr\u00e1tico y propendiendo por el fomento de la representaci\u00f3n y participaci\u00f3n.&nbsp;<\/p>\n\n\n\n<p>Los profesores, estudiantes y graduados de la instituci\u00f3n pueden postularse para representar a sus estamentos ante el Consejo Superior, el Consejo Acad\u00e9mico y los Consejos de Facultad, por un periodo de dos a\u00f1os a partir de la fecha de posesi\u00f3n.&nbsp;<\/p>\n\n\n\n<h3 class=\"wp-block-heading\"><strong>Conformaci\u00f3n de planchas:<\/strong><\/h3>\n\n\n\n<p>Para postularse, los candidatos deben conformar grupos de personas, conocidos como planchas.&nbsp;<\/p>\n\n\n\n<p>Las planchas de los candidatos de estudiantes,&nbsp;profesores y graduados&nbsp;&nbsp;ante el Consejo Acad\u00e9mico, Consejo de Facultad y Consejo Superior deber\u00e1n estar integradas&nbsp;por un titular y un suplente. Todas las planchas podr\u00e1n ser inter-programas o inter-facultades.<\/p>\n\n\n\n<div style=\"height:15px\" aria-hidden=\"true\" class=\"wp-block-spacer\"><\/div>\n\n\n\n<div class=\"wp-block-pb-accordion-item c-accordion__item js-accordion-item no-js\" data-initially-open=\"false\" data-click-to-close=\"true\" data-auto-close=\"true\" data-scroll=\"false\" data-scroll-offset=\"0\"><h2 id=\"at-1937490\" class=\"c-accordion__title js-accordion-controller\" role=\"button\">Requisitos<\/h2><div id=\"ac-1937490\" class=\"c-accordion__content\">\n<p><strong>Estudiantes:<\/strong><strong><\/strong><\/p>\n\n\n\n<ul class=\"listado_generico wp-block-list\">\n<li>Estar matriculado financiera y acad\u00e9micamente.<\/li>\n\n\n\n<li>Los estudiantes de pregrado deben tener un promedio no inferior a 3,5 y los estudiantes de posgrado deben tener un promedio no inferior a 4,0.&nbsp;<\/li>\n\n\n\n<li>Evidenciar un alto sentido de pertenencia por la UCM<\/li>\n\n\n\n<li>No tener sanciones disciplinarias<\/li>\n\n\n\n<li>No estar cursando uno de los dos semestres finales de su programa o proceso de formaci\u00f3n<\/li>\n\n\n\n<li>Contar con el aval del consejo de facultad.<\/li>\n<\/ul>\n\n\n\n<p><strong>&nbsp;Profesores:<\/strong><\/p>\n\n\n\n<ul class=\"listado_generico wp-block-list\">\n<li>Evidenciar un alto sentido de pertenencia por la UCM<\/li>\n\n\n\n<li>Evidenciar un alto puntaje de evaluaci\u00f3n en el SISVADE, no inferior al 75%<\/li>\n\n\n\n<li>No tener sanciones en su hoja de vida<\/li>\n\n\n\n<li>No tener llamados de atenci\u00f3n en su hoja de vida<\/li>\n\n\n\n<li>No haber cometido faltas leves o graves&nbsp;<\/li>\n\n\n\n<li>Contar con el aval del consejo de facultad<\/li>\n<\/ul>\n\n\n\n<p><strong>Graduados:<\/strong><strong><\/strong><\/p>\n\n\n\n<ul class=\"listado_generico wp-block-list\">\n<li>Evidenciar un alto sentido de pertenencia por la UCM<\/li>\n\n\n\n<li>No tener sanciones en su hoja de vida<\/li>\n\n\n\n<li>Contar con el aval del consejo de facultad<\/li>\n<\/ul>\n\n\n\n<p>*Adicionalmente a esto cada candidato tendr\u00e1 que contar con una carta de aval del consejo de la facultad a la que pertenece, que d\u00e9 cuenta de su idoneidad y cumplimiento de los requisitos antes mencionados.<\/p>\n\n\n\n<p>**Cada candidato tendr\u00e1 que aportar una foto tama\u00f1o c\u00e9dula&nbsp;<\/p>\n<\/div><\/div>\n\n\n\n<div style=\"height:5px\" aria-hidden=\"true\" class=\"wp-block-spacer\"><\/div>\n\n\n\n<div class=\"wp-block-pb-accordion-item c-accordion__item js-accordion-item no-js\" data-initially-open=\"false\" data-click-to-close=\"true\" data-auto-close=\"true\" data-scroll=\"false\" data-scroll-offset=\"0\"><h2 id=\"at-1937491\" class=\"c-accordion__title js-accordion-controller\" role=\"button\"><strong>Incentives<\/strong><\/h2><div id=\"ac-1937491\" class=\"c-accordion__content\">\n<p>Se reconocer\u00e1n los siguientes est\u00edmulos a quienes participen como representantes ante organismos de gobierno:<\/p>\n\n\n\n<p><em><strong>Profesores:<\/strong><\/em>&nbsp;se reconocer\u00e1 una hora semanal en la asignaci\u00f3n acad\u00e9mica para representantes a Consejo de Facultad y Consejo Superior; y para representantes a Consejo Acad\u00e9mico se reconocer\u00e1n 2 horas semanales.&nbsp;<br>Descuentos en matr\u00edcula para cursar programas UCM adicionales a los descuentos establecidos en la normativa vigente, los cuales se definir\u00e1n por la Vicerrector\u00eda Administrativa y Financiera.<\/p>\n\n\n\n<p><em><strong>Estudiantes:<\/strong><\/em>&nbsp;se realizar\u00e1 reconocimiento en su hoja de vida y se conceder\u00e1 un descuento del 10% en el valor de la matr\u00edcula durante el periodo de representaci\u00f3n.<\/p>\n\n\n\n<p><em><strong>Graduados:<\/strong><\/em>&nbsp;se reconocer\u00e1n descuentos en educaci\u00f3n continuada conforme lo estipulado por la Vicerrector\u00eda Administrativa y Financiera.<\/p>\n<\/div><\/div>\n\n\n\n<div style=\"height:20px\" aria-hidden=\"true\" class=\"wp-block-spacer\"><\/div>\n\n\n\n<p><strong>C\u00f3mo postularse:<\/strong><\/p>\n\n\n\n<p>Los interesados deben comunicarse directamente con la direcci\u00f3n de su programa acad\u00e9mico, expresando cumplir con los requisitos antes mencionados e indicando a que organismo de gobierno institucional desea postularse, si ya tiene definida una plancha de candidatos tambi\u00e9n debe informarla por este medio.<\/p>\n\n\n\n<div style=\"height:20px\" aria-hidden=\"true\" class=\"wp-block-spacer\"><\/div>\n\n\n\n<div class=\"wp-block-buttons is-layout-flex wp-block-buttons-is-layout-flex\">\n<div class=\"wp-block-button\"><a class=\"boton_generico wp-block-button__link\" href=\"https:\/\/www.ucm.edu.co\/en\/comunicaciones\/directorio-interno\/\" target=\"_blank\" rel=\"noreferrer noopener\">Consulta aqu\u00ed los datos de contacto de tu direcci\u00f3n de programa<\/a><\/div>\n<\/div>\n\n\n\n<div style=\"height:15px\" aria-hidden=\"true\" class=\"wp-block-spacer\"><\/div>\n\n\n\n<div class=\"wp-block-buttons is-layout-flex wp-block-buttons-is-layout-flex\">\n<div class=\"wp-block-button\"><a class=\"boton_generico wp-block-button__link wp-element-button\" href=\"https:\/\/www.ucm.edu.co\/wp-content\/uploads\/2023\/04\/14-Cronograma-organismos-de-Gobierno.pdf\" target=\"_blank\" rel=\"noreferrer noopener\">Conoce aqu\u00ed la resoluci\u00f3n<\/a><\/div>\n<\/div>\n\n\n\n<div style=\"height:15px\" aria-hidden=\"true\" class=\"wp-block-spacer\"><\/div>\n\n\n\n<div class=\"wp-block-buttons is-layout-flex wp-block-buttons-is-layout-flex\">\n<div class=\"wp-block-button\"><a class=\"boton_generico wp-block-button__link wp-element-button\" href=\"\" target=\"_blank\" rel=\"noreferrer noopener\">Normativa Elecciones<\/a><\/div>\n<\/div>\n\n\n\n<div style=\"height:20px\" aria-hidden=\"true\" class=\"wp-block-spacer\"><\/div>\n\n\n\n<div class=\"wp-block-columns is-layout-flex wp-container-core-columns-is-layout-9d6595d7 wp-block-columns-is-layout-flex\">\n<div class=\"wp-block-column is-layout-flow wp-block-column-is-layout-flow\">\n<h2 class=\"wp-block-heading\">\u00bfNecesitas ayuda? Tambi\u00e9n puedes contactarnos <\/h2>\n\n\n\n<p class=\".texto_grande\">Diana Marcela G\u00f3mez S\u00e1nchez<br> (6)8933050 Ext. 3203<br>digomez@ucm.edu.co<br>Hours of operation: Monday to Friday from 7:30 a.m. to 12:00 a.m. and from 2:00 to 6:30 p.m.<\/p>\n\n\n\n<div class=\"wp-block-buttons is-layout-flex wp-block-buttons-is-layout-flex\">\n<div class=\"wp-block-button .texto_grande\"><a class=\"wp-block-button__link has-white-color has-text-color has-background no-border-radius wp-element-button\" href=\"mailto:digomez@ucm.edu.co\" style=\"background-color:#f1573d\"><strong>Contact Us<\/strong><\/a><\/div>\n<\/div>\n\n\n\n<div style=\"height:20px\" aria-hidden=\"true\" class=\"wp-block-spacer\"><\/div>\n\n\n\n<p class=\".texto_grande\">Edwin Hernando Duque Meza&nbsp;<br>Profesor<br>eduque@ucm.edu.co <\/p>\n\n\n\n<div class=\"wp-block-buttons is-layout-flex wp-block-buttons-is-layout-flex\">\n<div class=\"wp-block-button .texto_grande\"><a class=\"wp-block-button__link has-white-color has-text-color has-background no-border-radius wp-element-button\" href=\"mailto:eduque@ucm.edu.co\" style=\"background-color:#f1573d\"><strong>Contact Us<\/strong><\/a><\/div>\n<\/div>\n<\/div>\n<\/div>","protected":false},"excerpt":{"rendered":"<p>Postulaci\u00f3n&nbsp; La Universidad Cat\u00f3lica de Manizales, convoca a la elecci\u00f3n de Representantes a Organismos de Gobierno y Direcci\u00f3n acad\u00e9mica de la Instituci\u00f3n, sustentada en un esp\u00edritu democr\u00e1tico y propendiendo por [&hellip;]<\/p>\n","protected":false},"author":8,"featured_media":208394,"parent":0,"menu_order":326,"comment_status":"closed","ping_status":"closed","template":"","meta":{"_et_pb_use_builder":"","_et_pb_old_content":"","_et_gb_content_width":"","content-type":"","_monsterinsights_skip_tracking":false,"_monsterinsights_sitenote_active":false,"_monsterinsights_sitenote_note":"","_monsterinsights_sitenote_category":0,"footnotes":""},"class_list":["post-193749","page","type-page","status-publish","has-post-thumbnail","hentry"],"yoast_head":"<!-- This site is optimized with the Yoast SEO plugin v27.6 - https:\/\/yoast.com\/product\/yoast-seo-wordpress\/ -->\n<title>Jornadas democr\u00e1ticas - UCM - Universidad Cat\u00f3lica de Manizales<\/title>\n<meta name=\"robots\" content=\"index, follow, max-snippet:-1, max-image-preview:large, max-video-preview:-1\" \/>\n<link rel=\"canonical\" href=\"https:\/\/www.ucm.edu.co\/en\/jornadas-democraticas\/\" \/>\n<meta property=\"og:locale\" content=\"en_US\" \/>\n<meta property=\"og:type\" content=\"article\" \/>\n<meta property=\"og:title\" content=\"Jornadas democr\u00e1ticas - UCM - Universidad Cat\u00f3lica de Manizales\" \/>\n<meta property=\"og:description\" content=\"Postulaci\u00f3n&nbsp; La Universidad Cat\u00f3lica de Manizales, convoca a la elecci\u00f3n de Representantes a Organismos de Gobierno y Direcci\u00f3n acad\u00e9mica de la Instituci\u00f3n, sustentada en un esp\u00edritu democr\u00e1tico y propendiendo por [&hellip;]\" \/>\n<meta property=\"og:url\" content=\"https:\/\/www.ucm.edu.co\/en\/jornadas-democraticas\/\" \/>\n<meta property=\"og:site_name\" content=\"UCM - Universidad Cat\u00f3lica de Manizales\" \/>\n<meta property=\"article:publisher\" content=\"https:\/\/www.facebook.com\/ucatolicamanizales\" \/>\n<meta property=\"article:modified_time\" content=\"2023-06-06T15:47:55+00:00\" \/>\n<meta property=\"og:image\" content=\"https:\/\/www.ucm.edu.co\/wp-content\/uploads\/2023\/04\/jornadas_democraticas_2023_cabezote.jpg\" \/>\n\t<meta property=\"og:image:width\" content=\"1500\" \/>\n\t<meta property=\"og:image:height\" content=\"480\" \/>\n\t<meta property=\"og:image:type\" content=\"image\/jpeg\" \/>\n<meta name=\"twitter:card\" content=\"summary_large_image\" \/>\n<meta name=\"twitter:site\" content=\"@ucm_manizales\" \/>\n<meta name=\"twitter:label1\" content=\"Est. reading time\" \/>\n\t<meta name=\"twitter:data1\" content=\"3 minutes\" \/>\n<script type=\"application\/ld+json\" class=\"yoast-schema-graph\">{\"@context\":\"https:\\\/\\\/schema.org\",\"@graph\":[{\"@type\":\"WebPage\",\"@id\":\"https:\\\/\\\/www.ucm.edu.co\\\/jornadas-democraticas\\\/\",\"url\":\"https:\\\/\\\/www.ucm.edu.co\\\/jornadas-democraticas\\\/\",\"name\":\"Jornadas democr\u00e1ticas - UCM - Universidad Cat\u00f3lica de Manizales\",\"isPartOf\":{\"@id\":\"https:\\\/\\\/www.ucm.edu.co\\\/#website\"},\"primaryImageOfPage\":{\"@id\":\"https:\\\/\\\/www.ucm.edu.co\\\/jornadas-democraticas\\\/#primaryimage\"},\"image\":{\"@id\":\"https:\\\/\\\/www.ucm.edu.co\\\/jornadas-democraticas\\\/#primaryimage\"},\"thumbnailUrl\":\"https:\\\/\\\/www.ucm.edu.co\\\/wp-content\\\/uploads\\\/2023\\\/04\\\/jornadas_democraticas_2023_cabezote.jpg\",\"datePublished\":\"2021-08-23T15:56:54+00:00\",\"dateModified\":\"2023-06-06T15:47:55+00:00\",\"breadcrumb\":{\"@id\":\"https:\\\/\\\/www.ucm.edu.co\\\/jornadas-democraticas\\\/#breadcrumb\"},\"inLanguage\":\"en-US\",\"potentialAction\":[{\"@type\":\"ReadAction\",\"target\":[\"https:\\\/\\\/www.ucm.edu.co\\\/jornadas-democraticas\\\/\"]}]},{\"@type\":\"ImageObject\",\"inLanguage\":\"en-US\",\"@id\":\"https:\\\/\\\/www.ucm.edu.co\\\/jornadas-democraticas\\\/#primaryimage\",\"url\":\"https:\\\/\\\/www.ucm.edu.co\\\/wp-content\\\/uploads\\\/2023\\\/04\\\/jornadas_democraticas_2023_cabezote.jpg\",\"contentUrl\":\"https:\\\/\\\/www.ucm.edu.co\\\/wp-content\\\/uploads\\\/2023\\\/04\\\/jornadas_democraticas_2023_cabezote.jpg\",\"width\":1500,\"height\":480},{\"@type\":\"BreadcrumbList\",\"@id\":\"https:\\\/\\\/www.ucm.edu.co\\\/jornadas-democraticas\\\/#breadcrumb\",\"itemListElement\":[{\"@type\":\"ListItem\",\"position\":1,\"name\":\"Portada\",\"item\":\"https:\\\/\\\/www.ucm.edu.co\\\/\"},{\"@type\":\"ListItem\",\"position\":2,\"name\":\"Jornadas democr\u00e1ticas\"}]},{\"@type\":\"WebSite\",\"@id\":\"https:\\\/\\\/www.ucm.edu.co\\\/#website\",\"url\":\"https:\\\/\\\/www.ucm.edu.co\\\/\",\"name\":\"UCM - Universidad Cat\u00f3lica de Manizales\",\"description\":\"Ven a ser quien quieres ser\",\"publisher\":{\"@id\":\"https:\\\/\\\/www.ucm.edu.co\\\/#organization\"},\"alternateName\":\"UCM\",\"potentialAction\":[{\"@type\":\"SearchAction\",\"target\":{\"@type\":\"EntryPoint\",\"urlTemplate\":\"https:\\\/\\\/www.ucm.edu.co\\\/?s={search_term_string}\"},\"query-input\":{\"@type\":\"PropertyValueSpecification\",\"valueRequired\":true,\"valueName\":\"search_term_string\"}}],\"inLanguage\":\"en-US\"},{\"@type\":\"Organization\",\"@id\":\"https:\\\/\\\/www.ucm.edu.co\\\/#organization\",\"name\":\"Universidad Cat\u00f3lica de Manizales\",\"alternateName\":\"UCM\",\"url\":\"https:\\\/\\\/www.ucm.edu.co\\\/\",\"logo\":{\"@type\":\"ImageObject\",\"inLanguage\":\"en-US\",\"@id\":\"https:\\\/\\\/www.ucm.edu.co\\\/#\\\/schema\\\/logo\\\/image\\\/\",\"url\":\"https:\\\/\\\/www.ucm.edu.co\\\/wp-content\\\/uploads\\\/2021\\\/03\\\/favicon_ucm.png\",\"contentUrl\":\"https:\\\/\\\/www.ucm.edu.co\\\/wp-content\\\/uploads\\\/2021\\\/03\\\/favicon_ucm.png\",\"width\":512,\"height\":512,\"caption\":\"Universidad Cat\u00f3lica de Manizales\"},\"image\":{\"@id\":\"https:\\\/\\\/www.ucm.edu.co\\\/#\\\/schema\\\/logo\\\/image\\\/\"},\"sameAs\":[\"https:\\\/\\\/www.facebook.com\\\/ucatolicamanizales\",\"https:\\\/\\\/x.com\\\/ucm_manizales\",\"https:\\\/\\\/www.instagram.com\\\/ucatolicamanizales\\\/\",\"https:\\\/\\\/co.linkedin.com\\\/school\\\/ucatolicamanizales\\\/\",\"https:\\\/\\\/www.youtube.com\\\/user\\\/UCMtelevision\"]}]}<\/script>\n<!-- \/ Yoast SEO plugin. -->","yoast_head_json":{"title":"Jornadas democr\u00e1ticas - UCM - Universidad Cat\u00f3lica de Manizales","robots":{"index":"index","follow":"follow","max-snippet":"max-snippet:-1","max-image-preview":"max-image-preview:large","max-video-preview":"max-video-preview:-1"},"canonical":"https:\/\/www.ucm.edu.co\/en\/jornadas-democraticas\/","og_locale":"en_US","og_type":"article","og_title":"Jornadas democr\u00e1ticas - UCM - Universidad Cat\u00f3lica de Manizales","og_description":"Postulaci\u00f3n&nbsp; La Universidad Cat\u00f3lica de Manizales, convoca a la elecci\u00f3n de Representantes a Organismos de Gobierno y Direcci\u00f3n acad\u00e9mica de la Instituci\u00f3n, sustentada en un esp\u00edritu democr\u00e1tico y propendiendo por [&hellip;]","og_url":"https:\/\/www.ucm.edu.co\/en\/jornadas-democraticas\/","og_site_name":"UCM - Universidad Cat\u00f3lica de Manizales","article_publisher":"https:\/\/www.facebook.com\/ucatolicamanizales","article_modified_time":"2023-06-06T15:47:55+00:00","og_image":[{"width":1500,"height":480,"url":"https:\/\/www.ucm.edu.co\/wp-content\/uploads\/2023\/04\/jornadas_democraticas_2023_cabezote.jpg","type":"image\/jpeg"}],"twitter_card":"summary_large_image","twitter_site":"@ucm_manizales","twitter_misc":{"Est. reading time":"3 minutes"},"schema":{"@context":"https:\/\/schema.org","@graph":[{"@type":"WebPage","@id":"https:\/\/www.ucm.edu.co\/jornadas-democraticas\/","url":"https:\/\/www.ucm.edu.co\/jornadas-democraticas\/","name":"Jornadas democr\u00e1ticas - UCM - Universidad Cat\u00f3lica de Manizales","isPartOf":{"@id":"https:\/\/www.ucm.edu.co\/#website"},"primaryImageOfPage":{"@id":"https:\/\/www.ucm.edu.co\/jornadas-democraticas\/#primaryimage"},"image":{"@id":"https:\/\/www.ucm.edu.co\/jornadas-democraticas\/#primaryimage"},"thumbnailUrl":"https:\/\/www.ucm.edu.co\/wp-content\/uploads\/2023\/04\/jornadas_democraticas_2023_cabezote.jpg","datePublished":"2021-08-23T15:56:54+00:00","dateModified":"2023-06-06T15:47:55+00:00","breadcrumb":{"@id":"https:\/\/www.ucm.edu.co\/jornadas-democraticas\/#breadcrumb"},"inLanguage":"en-US","potentialAction":[{"@type":"ReadAction","target":["https:\/\/www.ucm.edu.co\/jornadas-democraticas\/"]}]},{"@type":"ImageObject","inLanguage":"en-US","@id":"https:\/\/www.ucm.edu.co\/jornadas-democraticas\/#primaryimage","url":"https:\/\/www.ucm.edu.co\/wp-content\/uploads\/2023\/04\/jornadas_democraticas_2023_cabezote.jpg","contentUrl":"https:\/\/www.ucm.edu.co\/wp-content\/uploads\/2023\/04\/jornadas_democraticas_2023_cabezote.jpg","width":1500,"height":480},{"@type":"BreadcrumbList","@id":"https:\/\/www.ucm.edu.co\/jornadas-democraticas\/#breadcrumb","itemListElement":[{"@type":"ListItem","position":1,"name":"Portada","item":"https:\/\/www.ucm.edu.co\/"},{"@type":"ListItem","position":2,"name":"Jornadas democr\u00e1ticas"}]},{"@type":"WebSite","@id":"https:\/\/www.ucm.edu.co\/#website","url":"https:\/\/www.ucm.edu.co\/","name":"UCM - Universidad Cat\u00f3lica de Manizales","description":"Ven a ser quien quieres ser","publisher":{"@id":"https:\/\/www.ucm.edu.co\/#organization"},"alternateName":"UCM","potentialAction":[{"@type":"SearchAction","target":{"@type":"EntryPoint","urlTemplate":"https:\/\/www.ucm.edu.co\/?s={search_term_string}"},"query-input":{"@type":"PropertyValueSpecification","valueRequired":true,"valueName":"search_term_string"}}],"inLanguage":"en-US"},{"@type":"Organization","@id":"https:\/\/www.ucm.edu.co\/#organization","name":"Universidad Cat\u00f3lica de Manizales","alternateName":"UCM","url":"https:\/\/www.ucm.edu.co\/","logo":{"@type":"ImageObject","inLanguage":"en-US","@id":"https:\/\/www.ucm.edu.co\/#\/schema\/logo\/image\/","url":"https:\/\/www.ucm.edu.co\/wp-content\/uploads\/2021\/03\/favicon_ucm.png","contentUrl":"https:\/\/www.ucm.edu.co\/wp-content\/uploads\/2021\/03\/favicon_ucm.png","width":512,"height":512,"caption":"Universidad Cat\u00f3lica de Manizales"},"image":{"@id":"https:\/\/www.ucm.edu.co\/#\/schema\/logo\/image\/"},"sameAs":["https:\/\/www.facebook.com\/ucatolicamanizales","https:\/\/x.com\/ucm_manizales","https:\/\/www.instagram.com\/ucatolicamanizales\/","https:\/\/co.linkedin.com\/school\/ucatolicamanizales\/","https:\/\/www.youtube.com\/user\/UCMtelevision"]}]}},"_links":{"self":[{"href":"https:\/\/www.ucm.edu.co\/en\/wp-json\/wp\/v2\/pages\/193749","targetHints":{"allow":["GET"]}}],"collection":[{"href":"https:\/\/www.ucm.edu.co\/en\/wp-json\/wp\/v2\/pages"}],"about":[{"href":"https:\/\/www.ucm.edu.co\/en\/wp-json\/wp\/v2\/types\/page"}],"author":[{"embeddable":true,"href":"https:\/\/www.ucm.edu.co\/en\/wp-json\/wp\/v2\/users\/8"}],"replies":[{"embeddable":true,"href":"https:\/\/www.ucm.edu.co\/en\/wp-json\/wp\/v2\/comments?post=193749"}],"version-history":[{"count":18,"href":"https:\/\/www.ucm.edu.co\/en\/wp-json\/wp\/v2\/pages\/193749\/revisions"}],"predecessor-version":[{"id":209420,"href":"https:\/\/www.ucm.edu.co\/en\/wp-json\/wp\/v2\/pages\/193749\/revisions\/209420"}],"wp:featuredmedia":[{"embeddable":true,"href":"https:\/\/www.ucm.edu.co\/en\/wp-json\/wp\/v2\/media\/208394"}],"wp:attachment":[{"href":"https:\/\/www.ucm.edu.co\/en\/wp-json\/wp\/v2\/media?parent=193749"}],"curies":[{"name":"wp","href":"https:\/\/api.w.org\/{rel}","templated":true}]}}