{"id":188304,"date":"2021-03-30T01:51:18","date_gmt":"2021-03-30T06:51:18","guid":{"rendered":"https:\/\/www.ucm.edu.co\/?page_id=188304"},"modified":"2021-03-30T01:51:18","modified_gmt":"2021-03-30T06:51:18","slug":"adicion-materias-estudiantes-presenciales","status":"publish","type":"page","link":"https:\/\/www.ucm.edu.co\/en\/adicion-materias-estudiantes-presenciales\/","title":{"rendered":"Course Addition \u2013 On-campus Students"},"content":{"rendered":"<p>Para el c\u00e1lculo de las adiciones en programas presenciales se sigue el siguiente proceso: La adici\u00f3n de asignaturas se cobra solo si el estudiante supera los cr\u00e9ditos permitidos del semestre matriculado, y se cobra de acuerdo al n\u00famero de cr\u00e9ditos superados.<\/p>\n\n\n\n<p><strong>1.<\/strong>&nbsp;Se identifica el total de cr\u00e9ditos del semestre matriculado.<\/p>\n\n\n\n<p><strong>2.<\/strong>&nbsp;Se totalizan los cr\u00e9ditos matriculados.<\/p>\n\n\n\n<p><strong>3.<\/strong>&nbsp;El n\u00famero de cr\u00e9ditos a cancelar es la diferencia entre el total de cr\u00e9ditos matriculados y el total de cr\u00e9ditos del semestre matriculado.<\/p>\n\n\n\n<p><strong>4.<\/strong>&nbsp;El c\u00e1lculo se realiza de la siguiente forma: Se toma el valor del semestre en el que qued\u00f3 matriculado el estudiante y se divide entre&nbsp;el total de cr\u00e9ditos del semestre al que pertenece la asignatura a adicionar.<\/p>\n\n\n\n<p><strong>5.<\/strong>&nbsp;El valor resultante se multiplica por el n\u00famero de cr\u00e9ditos superados.<\/p>\n\n\n\n<p><strong>C<\/strong>&nbsp;= Costo o valor de la adici\u00f3n<\/p>\n\n\n\n<p><strong>Vs<\/strong>&nbsp;= Valor del semestre pagado por el estudiante<\/p>\n\n\n\n<p><strong>Nc<\/strong>&nbsp;= N\u00famero de cr\u00e9ditos del semestre del componente adicionado<\/p>\n\n\n\n<p><strong>Ha<\/strong>&nbsp;= N\u00famero de cr\u00e9ditos superados por la adici\u00f3n del componente<\/p>","protected":false},"excerpt":{"rendered":"<p>Para el c\u00e1lculo de las adiciones en programas presenciales se sigue el siguiente proceso: La adici\u00f3n de asignaturas se cobra solo si el estudiante supera los cr\u00e9ditos permitidos del semestre [&hellip;]<\/p>\n","protected":false},"author":8,"featured_media":0,"parent":0,"menu_order":372,"comment_status":"closed","ping_status":"closed","template":"","meta":{"_et_pb_use_builder":"","_et_pb_old_content":"","_et_gb_content_width":"","content-type":"","_monsterinsights_skip_tracking":false,"_monsterinsights_sitenote_active":false,"_monsterinsights_sitenote_note":"","_monsterinsights_sitenote_category":0,"footnotes":""},"class_list":["post-188304","page","type-page","status-publish","hentry"],"yoast_head":"<!-- This site is optimized with the Yoast SEO plugin v27.4 - https:\/\/yoast.com\/product\/yoast-seo-wordpress\/ -->\n<title>Adici\u00f3n materias \u2013 Estudiantes presenciales - UCM - Universidad Cat\u00f3lica de Manizales<\/title>\n<meta name=\"robots\" content=\"index, follow, max-snippet:-1, max-image-preview:large, max-video-preview:-1\" \/>\n<link rel=\"canonical\" href=\"https:\/\/www.ucm.edu.co\/en\/adicion-materias-estudiantes-presenciales\/\" \/>\n<meta property=\"og:locale\" content=\"en_US\" \/>\n<meta property=\"og:type\" content=\"article\" \/>\n<meta property=\"og:title\" content=\"Adici\u00f3n materias \u2013 Estudiantes presenciales - UCM - Universidad Cat\u00f3lica de Manizales\" \/>\n<meta property=\"og:description\" content=\"Para el c\u00e1lculo de las adiciones en programas presenciales se sigue el siguiente proceso: La adici\u00f3n de asignaturas se cobra solo si el estudiante supera los cr\u00e9ditos permitidos del semestre [&hellip;]\" \/>\n<meta property=\"og:url\" content=\"https:\/\/www.ucm.edu.co\/en\/adicion-materias-estudiantes-presenciales\/\" \/>\n<meta property=\"og:site_name\" content=\"UCM - Universidad Cat\u00f3lica de Manizales\" \/>\n<meta property=\"article:publisher\" content=\"https:\/\/www.facebook.com\/ucatolicamanizales\" \/>\n<meta name=\"twitter:card\" content=\"summary_large_image\" \/>\n<meta name=\"twitter:site\" content=\"@ucm_manizales\" \/>\n<meta name=\"twitter:label1\" content=\"Est. reading time\" \/>\n\t<meta name=\"twitter:data1\" content=\"1 minute\" \/>\n<script type=\"application\/ld+json\" class=\"yoast-schema-graph\">{\"@context\":\"https:\\\/\\\/schema.org\",\"@graph\":[{\"@type\":\"WebPage\",\"@id\":\"https:\\\/\\\/www.ucm.edu.co\\\/adicion-materias-estudiantes-presenciales\\\/\",\"url\":\"https:\\\/\\\/www.ucm.edu.co\\\/adicion-materias-estudiantes-presenciales\\\/\",\"name\":\"Adici\u00f3n materias \u2013 Estudiantes presenciales - UCM - Universidad Cat\u00f3lica de Manizales\",\"isPartOf\":{\"@id\":\"https:\\\/\\\/www.ucm.edu.co\\\/#website\"},\"datePublished\":\"2021-03-30T06:51:18+00:00\",\"breadcrumb\":{\"@id\":\"https:\\\/\\\/www.ucm.edu.co\\\/adicion-materias-estudiantes-presenciales\\\/#breadcrumb\"},\"inLanguage\":\"en-US\",\"potentialAction\":[{\"@type\":\"ReadAction\",\"target\":[\"https:\\\/\\\/www.ucm.edu.co\\\/adicion-materias-estudiantes-presenciales\\\/\"]}]},{\"@type\":\"BreadcrumbList\",\"@id\":\"https:\\\/\\\/www.ucm.edu.co\\\/adicion-materias-estudiantes-presenciales\\\/#breadcrumb\",\"itemListElement\":[{\"@type\":\"ListItem\",\"position\":1,\"name\":\"Portada\",\"item\":\"https:\\\/\\\/www.ucm.edu.co\\\/\"},{\"@type\":\"ListItem\",\"position\":2,\"name\":\"Adici\u00f3n materias \u2013 Estudiantes presenciales\"}]},{\"@type\":\"WebSite\",\"@id\":\"https:\\\/\\\/www.ucm.edu.co\\\/#website\",\"url\":\"https:\\\/\\\/www.ucm.edu.co\\\/\",\"name\":\"UCM - Universidad Cat\u00f3lica de Manizales\",\"description\":\"Ven a ser quien quieres ser\",\"publisher\":{\"@id\":\"https:\\\/\\\/www.ucm.edu.co\\\/#organization\"},\"alternateName\":\"UCM\",\"potentialAction\":[{\"@type\":\"SearchAction\",\"target\":{\"@type\":\"EntryPoint\",\"urlTemplate\":\"https:\\\/\\\/www.ucm.edu.co\\\/?s={search_term_string}\"},\"query-input\":{\"@type\":\"PropertyValueSpecification\",\"valueRequired\":true,\"valueName\":\"search_term_string\"}}],\"inLanguage\":\"en-US\"},{\"@type\":\"Organization\",\"@id\":\"https:\\\/\\\/www.ucm.edu.co\\\/#organization\",\"name\":\"Universidad Cat\u00f3lica de Manizales\",\"alternateName\":\"UCM\",\"url\":\"https:\\\/\\\/www.ucm.edu.co\\\/\",\"logo\":{\"@type\":\"ImageObject\",\"inLanguage\":\"en-US\",\"@id\":\"https:\\\/\\\/www.ucm.edu.co\\\/#\\\/schema\\\/logo\\\/image\\\/\",\"url\":\"https:\\\/\\\/www.ucm.edu.co\\\/wp-content\\\/uploads\\\/2021\\\/03\\\/favicon_ucm.png\",\"contentUrl\":\"https:\\\/\\\/www.ucm.edu.co\\\/wp-content\\\/uploads\\\/2021\\\/03\\\/favicon_ucm.png\",\"width\":512,\"height\":512,\"caption\":\"Universidad Cat\u00f3lica de Manizales\"},\"image\":{\"@id\":\"https:\\\/\\\/www.ucm.edu.co\\\/#\\\/schema\\\/logo\\\/image\\\/\"},\"sameAs\":[\"https:\\\/\\\/www.facebook.com\\\/ucatolicamanizales\",\"https:\\\/\\\/x.com\\\/ucm_manizales\",\"https:\\\/\\\/www.instagram.com\\\/ucatolicamanizales\\\/\",\"https:\\\/\\\/co.linkedin.com\\\/school\\\/ucatolicamanizales\\\/\",\"https:\\\/\\\/www.youtube.com\\\/user\\\/UCMtelevision\"]}]}<\/script>\n<!-- \/ Yoast SEO plugin. -->","yoast_head_json":{"title":"Adici\u00f3n materias \u2013 Estudiantes presenciales - UCM - Universidad Cat\u00f3lica de Manizales","robots":{"index":"index","follow":"follow","max-snippet":"max-snippet:-1","max-image-preview":"max-image-preview:large","max-video-preview":"max-video-preview:-1"},"canonical":"https:\/\/www.ucm.edu.co\/en\/adicion-materias-estudiantes-presenciales\/","og_locale":"en_US","og_type":"article","og_title":"Adici\u00f3n materias \u2013 Estudiantes presenciales - UCM - Universidad Cat\u00f3lica de Manizales","og_description":"Para el c\u00e1lculo de las adiciones en programas presenciales se sigue el siguiente proceso: La adici\u00f3n de asignaturas se cobra solo si el estudiante supera los cr\u00e9ditos permitidos del semestre [&hellip;]","og_url":"https:\/\/www.ucm.edu.co\/en\/adicion-materias-estudiantes-presenciales\/","og_site_name":"UCM - Universidad Cat\u00f3lica de Manizales","article_publisher":"https:\/\/www.facebook.com\/ucatolicamanizales","twitter_card":"summary_large_image","twitter_site":"@ucm_manizales","twitter_misc":{"Est. reading time":"1 minute"},"schema":{"@context":"https:\/\/schema.org","@graph":[{"@type":"WebPage","@id":"https:\/\/www.ucm.edu.co\/adicion-materias-estudiantes-presenciales\/","url":"https:\/\/www.ucm.edu.co\/adicion-materias-estudiantes-presenciales\/","name":"Adici\u00f3n materias \u2013 Estudiantes presenciales - UCM - Universidad Cat\u00f3lica de Manizales","isPartOf":{"@id":"https:\/\/www.ucm.edu.co\/#website"},"datePublished":"2021-03-30T06:51:18+00:00","breadcrumb":{"@id":"https:\/\/www.ucm.edu.co\/adicion-materias-estudiantes-presenciales\/#breadcrumb"},"inLanguage":"en-US","potentialAction":[{"@type":"ReadAction","target":["https:\/\/www.ucm.edu.co\/adicion-materias-estudiantes-presenciales\/"]}]},{"@type":"BreadcrumbList","@id":"https:\/\/www.ucm.edu.co\/adicion-materias-estudiantes-presenciales\/#breadcrumb","itemListElement":[{"@type":"ListItem","position":1,"name":"Portada","item":"https:\/\/www.ucm.edu.co\/"},{"@type":"ListItem","position":2,"name":"Adici\u00f3n materias \u2013 Estudiantes presenciales"}]},{"@type":"WebSite","@id":"https:\/\/www.ucm.edu.co\/#website","url":"https:\/\/www.ucm.edu.co\/","name":"UCM - Universidad Cat\u00f3lica de Manizales","description":"Ven a ser quien quieres ser","publisher":{"@id":"https:\/\/www.ucm.edu.co\/#organization"},"alternateName":"UCM","potentialAction":[{"@type":"SearchAction","target":{"@type":"EntryPoint","urlTemplate":"https:\/\/www.ucm.edu.co\/?s={search_term_string}"},"query-input":{"@type":"PropertyValueSpecification","valueRequired":true,"valueName":"search_term_string"}}],"inLanguage":"en-US"},{"@type":"Organization","@id":"https:\/\/www.ucm.edu.co\/#organization","name":"Universidad Cat\u00f3lica de Manizales","alternateName":"UCM","url":"https:\/\/www.ucm.edu.co\/","logo":{"@type":"ImageObject","inLanguage":"en-US","@id":"https:\/\/www.ucm.edu.co\/#\/schema\/logo\/image\/","url":"https:\/\/www.ucm.edu.co\/wp-content\/uploads\/2021\/03\/favicon_ucm.png","contentUrl":"https:\/\/www.ucm.edu.co\/wp-content\/uploads\/2021\/03\/favicon_ucm.png","width":512,"height":512,"caption":"Universidad Cat\u00f3lica de Manizales"},"image":{"@id":"https:\/\/www.ucm.edu.co\/#\/schema\/logo\/image\/"},"sameAs":["https:\/\/www.facebook.com\/ucatolicamanizales","https:\/\/x.com\/ucm_manizales","https:\/\/www.instagram.com\/ucatolicamanizales\/","https:\/\/co.linkedin.com\/school\/ucatolicamanizales\/","https:\/\/www.youtube.com\/user\/UCMtelevision"]}]}},"_links":{"self":[{"href":"https:\/\/www.ucm.edu.co\/en\/wp-json\/wp\/v2\/pages\/188304","targetHints":{"allow":["GET"]}}],"collection":[{"href":"https:\/\/www.ucm.edu.co\/en\/wp-json\/wp\/v2\/pages"}],"about":[{"href":"https:\/\/www.ucm.edu.co\/en\/wp-json\/wp\/v2\/types\/page"}],"author":[{"embeddable":true,"href":"https:\/\/www.ucm.edu.co\/en\/wp-json\/wp\/v2\/users\/8"}],"replies":[{"embeddable":true,"href":"https:\/\/www.ucm.edu.co\/en\/wp-json\/wp\/v2\/comments?post=188304"}],"version-history":[{"count":1,"href":"https:\/\/www.ucm.edu.co\/en\/wp-json\/wp\/v2\/pages\/188304\/revisions"}],"predecessor-version":[{"id":188305,"href":"https:\/\/www.ucm.edu.co\/en\/wp-json\/wp\/v2\/pages\/188304\/revisions\/188305"}],"wp:attachment":[{"href":"https:\/\/www.ucm.edu.co\/en\/wp-json\/wp\/v2\/media?parent=188304"}],"curies":[{"name":"wp","href":"https:\/\/api.w.org\/{rel}","templated":true}]}}