{"id":188266,"date":"2021-03-30T01:17:36","date_gmt":"2021-03-30T06:17:36","guid":{"rendered":"https:\/\/www.ucm.edu.co\/?page_id=188266"},"modified":"2025-02-17T16:59:23","modified_gmt":"2025-02-17T21:59:23","slug":"piscina","status":"publish","type":"page","link":"https:\/\/www.ucm.edu.co\/en\/servicios\/piscina\/","title":{"rendered":"Swimming pool"},"content":{"rendered":"<h2 class=\"wp-block-heading\">Swimming pool<\/h2>\n\n\n\n<div class=\"wp-block-columns is-layout-flex wp-container-core-columns-is-layout-9d6595d7 wp-block-columns-is-layout-flex\">\n<div class=\"wp-block-column is-vertically-aligned-center is-layout-flow wp-block-column-is-layout-flow\">\n<p>The Universidad Cat\u00f3lica de Manizales has a heated swimming pool, with an excellent location and highly trained instructors,<\/p>\n\n\n\n<p>UCM provides swimming pool services to internal and external clients under different modalities such as directed classes or free practice.<\/p>\n<\/div>\n\n\n\n<div class=\"wp-block-column is-layout-flow wp-block-column-is-layout-flow\">\n<figure class=\"wp-block-embed is-type-video is-provider-youtube wp-block-embed-youtube wp-embed-aspect-16-9 wp-has-aspect-ratio\"><div class=\"wp-block-embed__wrapper\">\n<iframe loading=\"lazy\" title=\"Servicios UCM | Piscina\" width=\"1080\" height=\"608\" src=\"https:\/\/www.youtube.com\/embed\/9o47kkDfN58?feature=oembed\"  allow=\"accelerometer; autoplay; clipboard-write; encrypted-media; gyroscope; picture-in-picture; web-share\" referrerpolicy=\"strict-origin-when-cross-origin\" allowfullscreen><\/iframe>\n<\/div><\/figure>\n<\/div>\n<\/div>\n\n\n\n<div style=\"height:15px\" aria-hidden=\"true\" class=\"wp-block-spacer\"><\/div>\n\n\n\n<hr class=\"wp-block-separator has-text-color has-cyan-bluish-gray-color has-alpha-channel-opacity has-cyan-bluish-gray-background-color has-background is-style-wide\"\/>\n\n\n\n<div style=\"height:20px\" aria-hidden=\"true\" class=\"wp-block-spacer\"><\/div>\n\n\n\n<ul class=\"wp-block-list\">\n<li><strong>Cursos regulares:<\/strong>\u00a010 clases con instructor, 1 vez a la semana, en diferentes horarios del d\u00eda, para ni\u00f1os, j\u00f3venes, adultos y adultos mayores. Los cursos de nataci\u00f3n se ofrecen para ni\u00f1os a partir de los 4 meses en adelante.<\/li>\n\n\n\n<li><strong>Cursos vacacionales:<\/strong>\u00a0finalizando el segundo semestre acad\u00e9mico se realizan cursos intensivos de nataci\u00f3n, una hora diaria durante dos semanas (10 horas). Este curso se ofrece para ni\u00f1os mayores de 4 a\u00f1os, adultos y adultos mayores.<\/li>\n\n\n\n<li><strong>Nadadores:<\/strong>\u00a015 clases, 2 veces a la semana. Se ofrece los d\u00edas martes y jueves a las 7:00 a.m. Para utilizar este servicio las personas deben saber nadar.<\/li>\n\n\n\n<li><strong>Franja libre de nataci\u00f3n:<\/strong>\u00a0cada sesi\u00f3n es de 50 minutos.<br>Lunes, mi\u00e9rcoles y viernes: De 7:00 a.m. a 7:50 a.m.<br>Martes y jueves: De 12:00 m. a 12:50 p.m.<br>Viernes: De 1:00 p.m. a 1:50 p.m.<br>Lunes: De 6:00 p.m. a 6:50 p.m.<br>Mi\u00e9rcoles: De 7:00 p.m. a 7:50 p.m.<br>Lunes, mi\u00e9coles y viernes (espacio para terapia): De 12:00 m. a 12:50 m.<\/li>\n<\/ul>\n\n\n\n<h3 class=\"wp-block-heading\">Horarios de atenci\u00f3n<\/h3>\n\n\n\n<p><strong>Lunes a Viernes<\/strong>:&nbsp;7:00 a.m. a&nbsp; 9:00 p.m. (Jornada continua)<br><strong>S\u00e1bado: <\/strong>8:00 a.m. a  8:00 p.m. (Jornada continua)<\/p>\n\n\n\n<figure class=\"wp-block-image alignleft size-large\"><img loading=\"lazy\" decoding=\"async\" width=\"800\" height=\"255\" src=\"https:\/\/www.ucm.edu.co\/wp-content\/uploads\/2021\/03\/psicina_1.jpg\" alt=\"\" class=\"wp-image-188268\"\/><\/figure>\n\n\n\n<div style=\"height:20px\" aria-hidden=\"true\" class=\"wp-block-spacer\"><\/div>\n\n\n\n<div class=\"wp-block-pb-accordion-item c-accordion__item js-accordion-item no-js\" data-initially-open=\"false\" data-click-to-close=\"true\" data-auto-close=\"true\" data-scroll=\"false\" data-scroll-offset=\"0\"><h3 id=\"at-1882661\" class=\"c-accordion__title js-accordion-controller\" role=\"button\">Tarifas<\/h3><div id=\"ac-1882661\" class=\"c-accordion__content\">\n<figure class=\"wp-block-table is-style-stripes tabla_generica\"><table><tbody><tr><th>Swimming pool<\/th><th>Tarifa 2025<\/th><\/tr><tr><td>Curso regular nataci\u00f3n 10 clases (1 clase por semana)<\/td><td>$133.000<\/td><\/tr><tr><td>Curso regular nataci\u00f3n 15 clases<\/td><td>$ 156.000<\/td><\/tr><tr><td>Curso vacacional nataci\u00f3n 10 clases<\/td><td>$ 161.000<\/td><\/tr><tr><td>Curso de nataci\u00f3n CONFA categor\u00eda A<\/td><td>$ 44.000<\/td><\/tr><tr><td>Curso de nataci\u00f3n CONFA categor\u00eda B<\/td><td>$ 57.000<\/td><\/tr><tr><td>Nadadores 15 sesiones (2 veces por semana)<\/td><td>$119.000<\/td><\/tr><tr><td>Curso regular nataci\u00f3n estudiantes y colaboradores UCM 15 clases<\/td><td>$ 78.000<\/td><\/tr><tr><td>Curso vacacional nataci\u00f3n estudiantes y colaboradores UCM 10 clases<\/td><td>$ 81.000<\/td><\/tr><tr><td>Certificado de nataci\u00f3n prueba aptitud<\/td><td>$ 79.000<\/td><\/tr><tr><td>Sesi\u00f3n grupal nataci\u00f3n (1 hora)<\/td><td>$ 125.000<\/td><\/tr><tr><td>Clase adicional<\/td><td>$ 10.000<\/td><\/tr><tr><td>Aporte clausura de nataci\u00f3n<\/td><td>$ 8.000<\/td><\/tr><\/tbody><\/table><\/figure>\n\n\n\n<p>*Todos los graduados de la UCM tienen 10% de descuento en las tarifas de piscina.<\/p>\n<\/div><\/div>\n\n\n\n<div style=\"height:20px\" aria-hidden=\"true\" class=\"wp-block-spacer\"><\/div>\n\n\n\n<h2 class=\"wp-block-heading\">Need more information? <\/h2>\n\n\n\n<p class=\".texto_grande\">H\u00e9ctor Quiroga<br>(6)8933050 Ext. 2401  <br>puntosdeservicio@ucm.edu.co<\/p>\n\n\n\n<div style=\"height:15px\" aria-hidden=\"true\" class=\"wp-block-spacer\"><\/div>\n\n\n\n<div class=\"wp-block-buttons is-layout-flex wp-block-buttons-is-layout-flex\">\n<div class=\"wp-block-button .texto_grande\"><a class=\"wp-block-button__link has-white-color has-text-color has-background wp-element-button\" href=\"mailto:puntosdeservicio@ucm.edu.co\" style=\"border-radius:0px;background-color:#f1573d\" target=\"_blank\" rel=\"noreferrer noopener\"><strong>Contact Us<\/strong><\/a><\/div>\n<\/div>","protected":false},"excerpt":{"rendered":"<p>Piscina La Universidad Cat\u00f3lica de Manizales, cuenta con una piscina climatizada, con una excelente ubicaci\u00f3n y con instructores altamente capacitados, La UCM, presta el servicio de piscina a clientes internos [&hellip;]<\/p>\n","protected":false},"author":8,"featured_media":0,"parent":185017,"menu_order":253,"comment_status":"closed","ping_status":"closed","template":"","meta":{"_et_pb_use_builder":"","_et_pb_old_content":"","_et_gb_content_width":"","content-type":"","_monsterinsights_skip_tracking":false,"_monsterinsights_sitenote_active":false,"_monsterinsights_sitenote_note":"","_monsterinsights_sitenote_category":0,"footnotes":""},"class_list":["post-188266","page","type-page","status-publish","hentry"],"yoast_head":"<!-- This site is optimized with the Yoast SEO plugin v27.5 - https:\/\/yoast.com\/product\/yoast-seo-wordpress\/ -->\n<title>Piscina - UCM - Universidad Cat\u00f3lica de Manizales<\/title>\n<meta name=\"robots\" content=\"index, follow, max-snippet:-1, max-image-preview:large, max-video-preview:-1\" \/>\n<link rel=\"canonical\" href=\"https:\/\/www.ucm.edu.co\/en\/servicios\/piscina\/\" \/>\n<meta property=\"og:locale\" content=\"en_US\" \/>\n<meta property=\"og:type\" content=\"article\" \/>\n<meta property=\"og:title\" content=\"Piscina - UCM - Universidad Cat\u00f3lica de Manizales\" \/>\n<meta property=\"og:description\" content=\"Piscina La Universidad Cat\u00f3lica de Manizales, cuenta con una piscina climatizada, con una excelente ubicaci\u00f3n y con instructores altamente capacitados, La UCM, presta el servicio de piscina a clientes internos [&hellip;]\" \/>\n<meta property=\"og:url\" content=\"https:\/\/www.ucm.edu.co\/en\/servicios\/piscina\/\" \/>\n<meta property=\"og:site_name\" content=\"UCM - Universidad Cat\u00f3lica de Manizales\" \/>\n<meta property=\"article:publisher\" content=\"https:\/\/www.facebook.com\/ucatolicamanizales\" \/>\n<meta property=\"article:modified_time\" content=\"2025-02-17T21:59:23+00:00\" \/>\n<meta property=\"og:image\" content=\"https:\/\/www.ucm.edu.co\/wp-content\/uploads\/2021\/03\/psicina_1.jpg\" \/>\n\t<meta property=\"og:image:width\" content=\"800\" \/>\n\t<meta property=\"og:image:height\" content=\"255\" \/>\n\t<meta property=\"og:image:type\" content=\"image\/jpeg\" \/>\n<meta name=\"twitter:card\" content=\"summary_large_image\" \/>\n<meta name=\"twitter:site\" content=\"@ucm_manizales\" \/>\n<meta name=\"twitter:label1\" content=\"Est. reading time\" \/>\n\t<meta name=\"twitter:data1\" content=\"2 minutes\" \/>\n<script type=\"application\/ld+json\" class=\"yoast-schema-graph\">{\"@context\":\"https:\\\/\\\/schema.org\",\"@graph\":[{\"@type\":\"WebPage\",\"@id\":\"https:\\\/\\\/www.ucm.edu.co\\\/servicios\\\/piscina\\\/\",\"url\":\"https:\\\/\\\/www.ucm.edu.co\\\/servicios\\\/piscina\\\/\",\"name\":\"Piscina - UCM - Universidad Cat\u00f3lica de Manizales\",\"isPartOf\":{\"@id\":\"https:\\\/\\\/www.ucm.edu.co\\\/#website\"},\"primaryImageOfPage\":{\"@id\":\"https:\\\/\\\/www.ucm.edu.co\\\/servicios\\\/piscina\\\/#primaryimage\"},\"image\":{\"@id\":\"https:\\\/\\\/www.ucm.edu.co\\\/servicios\\\/piscina\\\/#primaryimage\"},\"thumbnailUrl\":\"https:\\\/\\\/www.ucm.edu.co\\\/wp-content\\\/uploads\\\/2021\\\/03\\\/psicina_1.jpg\",\"datePublished\":\"2021-03-30T06:17:36+00:00\",\"dateModified\":\"2025-02-17T21:59:23+00:00\",\"breadcrumb\":{\"@id\":\"https:\\\/\\\/www.ucm.edu.co\\\/servicios\\\/piscina\\\/#breadcrumb\"},\"inLanguage\":\"en-US\",\"potentialAction\":[{\"@type\":\"ReadAction\",\"target\":[\"https:\\\/\\\/www.ucm.edu.co\\\/servicios\\\/piscina\\\/\"]}]},{\"@type\":\"ImageObject\",\"inLanguage\":\"en-US\",\"@id\":\"https:\\\/\\\/www.ucm.edu.co\\\/servicios\\\/piscina\\\/#primaryimage\",\"url\":\"https:\\\/\\\/www.ucm.edu.co\\\/wp-content\\\/uploads\\\/2021\\\/03\\\/psicina_1.jpg\",\"contentUrl\":\"https:\\\/\\\/www.ucm.edu.co\\\/wp-content\\\/uploads\\\/2021\\\/03\\\/psicina_1.jpg\"},{\"@type\":\"BreadcrumbList\",\"@id\":\"https:\\\/\\\/www.ucm.edu.co\\\/servicios\\\/piscina\\\/#breadcrumb\",\"itemListElement\":[{\"@type\":\"ListItem\",\"position\":1,\"name\":\"Portada\",\"item\":\"https:\\\/\\\/www.ucm.edu.co\\\/\"},{\"@type\":\"ListItem\",\"position\":2,\"name\":\"Servicios\",\"item\":\"https:\\\/\\\/www.ucm.edu.co\\\/servicios\\\/\"},{\"@type\":\"ListItem\",\"position\":3,\"name\":\"Piscina\"}]},{\"@type\":\"WebSite\",\"@id\":\"https:\\\/\\\/www.ucm.edu.co\\\/#website\",\"url\":\"https:\\\/\\\/www.ucm.edu.co\\\/\",\"name\":\"UCM - Universidad Cat\u00f3lica de Manizales\",\"description\":\"Ven a ser quien quieres ser\",\"publisher\":{\"@id\":\"https:\\\/\\\/www.ucm.edu.co\\\/#organization\"},\"alternateName\":\"UCM\",\"potentialAction\":[{\"@type\":\"SearchAction\",\"target\":{\"@type\":\"EntryPoint\",\"urlTemplate\":\"https:\\\/\\\/www.ucm.edu.co\\\/?s={search_term_string}\"},\"query-input\":{\"@type\":\"PropertyValueSpecification\",\"valueRequired\":true,\"valueName\":\"search_term_string\"}}],\"inLanguage\":\"en-US\"},{\"@type\":\"Organization\",\"@id\":\"https:\\\/\\\/www.ucm.edu.co\\\/#organization\",\"name\":\"Universidad Cat\u00f3lica de Manizales\",\"alternateName\":\"UCM\",\"url\":\"https:\\\/\\\/www.ucm.edu.co\\\/\",\"logo\":{\"@type\":\"ImageObject\",\"inLanguage\":\"en-US\",\"@id\":\"https:\\\/\\\/www.ucm.edu.co\\\/#\\\/schema\\\/logo\\\/image\\\/\",\"url\":\"https:\\\/\\\/www.ucm.edu.co\\\/wp-content\\\/uploads\\\/2021\\\/03\\\/favicon_ucm.png\",\"contentUrl\":\"https:\\\/\\\/www.ucm.edu.co\\\/wp-content\\\/uploads\\\/2021\\\/03\\\/favicon_ucm.png\",\"width\":512,\"height\":512,\"caption\":\"Universidad Cat\u00f3lica de Manizales\"},\"image\":{\"@id\":\"https:\\\/\\\/www.ucm.edu.co\\\/#\\\/schema\\\/logo\\\/image\\\/\"},\"sameAs\":[\"https:\\\/\\\/www.facebook.com\\\/ucatolicamanizales\",\"https:\\\/\\\/x.com\\\/ucm_manizales\",\"https:\\\/\\\/www.instagram.com\\\/ucatolicamanizales\\\/\",\"https:\\\/\\\/co.linkedin.com\\\/school\\\/ucatolicamanizales\\\/\",\"https:\\\/\\\/www.youtube.com\\\/user\\\/UCMtelevision\"]}]}<\/script>\n<!-- \/ Yoast SEO plugin. -->","yoast_head_json":{"title":"Piscina - UCM - Universidad Cat\u00f3lica de Manizales","robots":{"index":"index","follow":"follow","max-snippet":"max-snippet:-1","max-image-preview":"max-image-preview:large","max-video-preview":"max-video-preview:-1"},"canonical":"https:\/\/www.ucm.edu.co\/en\/servicios\/piscina\/","og_locale":"en_US","og_type":"article","og_title":"Piscina - UCM - Universidad Cat\u00f3lica de Manizales","og_description":"Piscina La Universidad Cat\u00f3lica de Manizales, cuenta con una piscina climatizada, con una excelente ubicaci\u00f3n y con instructores altamente capacitados, La UCM, presta el servicio de piscina a clientes internos [&hellip;]","og_url":"https:\/\/www.ucm.edu.co\/en\/servicios\/piscina\/","og_site_name":"UCM - Universidad Cat\u00f3lica de Manizales","article_publisher":"https:\/\/www.facebook.com\/ucatolicamanizales","article_modified_time":"2025-02-17T21:59:23+00:00","og_image":[{"width":800,"height":255,"url":"https:\/\/www.ucm.edu.co\/wp-content\/uploads\/2021\/03\/psicina_1.jpg","type":"image\/jpeg"}],"twitter_card":"summary_large_image","twitter_site":"@ucm_manizales","twitter_misc":{"Est. reading time":"2 minutes"},"schema":{"@context":"https:\/\/schema.org","@graph":[{"@type":"WebPage","@id":"https:\/\/www.ucm.edu.co\/servicios\/piscina\/","url":"https:\/\/www.ucm.edu.co\/servicios\/piscina\/","name":"Piscina - UCM - Universidad Cat\u00f3lica de Manizales","isPartOf":{"@id":"https:\/\/www.ucm.edu.co\/#website"},"primaryImageOfPage":{"@id":"https:\/\/www.ucm.edu.co\/servicios\/piscina\/#primaryimage"},"image":{"@id":"https:\/\/www.ucm.edu.co\/servicios\/piscina\/#primaryimage"},"thumbnailUrl":"https:\/\/www.ucm.edu.co\/wp-content\/uploads\/2021\/03\/psicina_1.jpg","datePublished":"2021-03-30T06:17:36+00:00","dateModified":"2025-02-17T21:59:23+00:00","breadcrumb":{"@id":"https:\/\/www.ucm.edu.co\/servicios\/piscina\/#breadcrumb"},"inLanguage":"en-US","potentialAction":[{"@type":"ReadAction","target":["https:\/\/www.ucm.edu.co\/servicios\/piscina\/"]}]},{"@type":"ImageObject","inLanguage":"en-US","@id":"https:\/\/www.ucm.edu.co\/servicios\/piscina\/#primaryimage","url":"https:\/\/www.ucm.edu.co\/wp-content\/uploads\/2021\/03\/psicina_1.jpg","contentUrl":"https:\/\/www.ucm.edu.co\/wp-content\/uploads\/2021\/03\/psicina_1.jpg"},{"@type":"BreadcrumbList","@id":"https:\/\/www.ucm.edu.co\/servicios\/piscina\/#breadcrumb","itemListElement":[{"@type":"ListItem","position":1,"name":"Portada","item":"https:\/\/www.ucm.edu.co\/"},{"@type":"ListItem","position":2,"name":"Servicios","item":"https:\/\/www.ucm.edu.co\/servicios\/"},{"@type":"ListItem","position":3,"name":"Piscina"}]},{"@type":"WebSite","@id":"https:\/\/www.ucm.edu.co\/#website","url":"https:\/\/www.ucm.edu.co\/","name":"UCM - Universidad Cat\u00f3lica de Manizales","description":"Ven a ser quien quieres ser","publisher":{"@id":"https:\/\/www.ucm.edu.co\/#organization"},"alternateName":"UCM","potentialAction":[{"@type":"SearchAction","target":{"@type":"EntryPoint","urlTemplate":"https:\/\/www.ucm.edu.co\/?s={search_term_string}"},"query-input":{"@type":"PropertyValueSpecification","valueRequired":true,"valueName":"search_term_string"}}],"inLanguage":"en-US"},{"@type":"Organization","@id":"https:\/\/www.ucm.edu.co\/#organization","name":"Universidad Cat\u00f3lica de Manizales","alternateName":"UCM","url":"https:\/\/www.ucm.edu.co\/","logo":{"@type":"ImageObject","inLanguage":"en-US","@id":"https:\/\/www.ucm.edu.co\/#\/schema\/logo\/image\/","url":"https:\/\/www.ucm.edu.co\/wp-content\/uploads\/2021\/03\/favicon_ucm.png","contentUrl":"https:\/\/www.ucm.edu.co\/wp-content\/uploads\/2021\/03\/favicon_ucm.png","width":512,"height":512,"caption":"Universidad Cat\u00f3lica de Manizales"},"image":{"@id":"https:\/\/www.ucm.edu.co\/#\/schema\/logo\/image\/"},"sameAs":["https:\/\/www.facebook.com\/ucatolicamanizales","https:\/\/x.com\/ucm_manizales","https:\/\/www.instagram.com\/ucatolicamanizales\/","https:\/\/co.linkedin.com\/school\/ucatolicamanizales\/","https:\/\/www.youtube.com\/user\/UCMtelevision"]}]}},"_links":{"self":[{"href":"https:\/\/www.ucm.edu.co\/en\/wp-json\/wp\/v2\/pages\/188266","targetHints":{"allow":["GET"]}}],"collection":[{"href":"https:\/\/www.ucm.edu.co\/en\/wp-json\/wp\/v2\/pages"}],"about":[{"href":"https:\/\/www.ucm.edu.co\/en\/wp-json\/wp\/v2\/types\/page"}],"author":[{"embeddable":true,"href":"https:\/\/www.ucm.edu.co\/en\/wp-json\/wp\/v2\/users\/8"}],"replies":[{"embeddable":true,"href":"https:\/\/www.ucm.edu.co\/en\/wp-json\/wp\/v2\/comments?post=188266"}],"version-history":[{"count":33,"href":"https:\/\/www.ucm.edu.co\/en\/wp-json\/wp\/v2\/pages\/188266\/revisions"}],"predecessor-version":[{"id":220586,"href":"https:\/\/www.ucm.edu.co\/en\/wp-json\/wp\/v2\/pages\/188266\/revisions\/220586"}],"up":[{"embeddable":true,"href":"https:\/\/www.ucm.edu.co\/en\/wp-json\/wp\/v2\/pages\/185017"}],"wp:attachment":[{"href":"https:\/\/www.ucm.edu.co\/en\/wp-json\/wp\/v2\/media?parent=188266"}],"curies":[{"name":"wp","href":"https:\/\/api.w.org\/{rel}","templated":true}]}}