{"id":187967,"date":"2021-03-29T22:20:54","date_gmt":"2021-03-30T03:20:54","guid":{"rendered":"https:\/\/www.ucm.edu.co\/?page_id=187967"},"modified":"2021-04-16T09:15:04","modified_gmt":"2021-04-16T14:15:04","slug":"en-mi-u","status":"publish","type":"page","link":"https:\/\/www.ucm.edu.co\/en\/comunicaciones\/en-mi-u\/","title":{"rendered":"At my university"},"content":{"rendered":"<p>El bolet\u00edn digital En Mi U aborda tem\u00e1ticas de cada programa acad\u00e9mico de la Universidad Cat\u00f3lica de Manizales -UCM- con el prop\u00f3sito de resaltar proyectos y perfiles en las \u00e1reas de proyecci\u00f3n social, investigaci\u00f3n, graduados y movilidad internacional, entre otros. Esta publicaci\u00f3n que circula de acuerdo a las necesidades institucionales trav\u00e9s de medios electr\u00f3nicos, tambi\u00e9n busca que toda la comunidad UCM conozca los avances y el trabajo acad\u00e9mico de las carreras que se ofertan en nuestra Instituci\u00f3n.<\/p>\n\n\n<div id=\"contenedor_calendario contenedor_elementos_apilables\">\n\t\t<div class=\"posts_lista isotope\">\n\t\t\t\t\t\t\t\t<div class=\"nota_archivo elemento_apilable texto_azul_cuatro fondo_gris_uno enlace\" data-enlace=\"https:\/\/www.ucm.edu.co\/en\/en-mi-u-ed-03\/\">\n\t\t\t\t<div class=\"imagen_nota_archivo\">\n\t\t\t\t\t<img decoding=\"async\" src=\"https:\/\/www.ucm.edu.co\/wp-content\/uploads\/2021\/11\/en_mi_u_ed_03-300x0-c-f.jpg\">\n\t\t\t\t<\/div>\n\t\t\t\t<div class=\"overlap_elemento_apilable fondo_cat_centro-de-ensenanza fondo_cat_en-mi-u fondo_cat_libros\"><\/div>\n\t\t\t\t<div class=\"textos_elemento_apilable\">\n\t\t\t\t\t<p class=\"texto_azul_cuatro texto_mini\">Centro de ense\u00f1anza \/ En mi U \/ Libros<\/p>\n\t\t\t\t\t<p class=\"texto_azul_cuatro texto_mini\">23 de November de 2021<\/p>\n\t\t\t\t\t<h3>\n\t\t\t\t\t\t<a href=\"https:\/\/www.ucm.edu.co\/en\/en-mi-u-ed-03\/\">En mi U Ed. 03<\/a>\n\t\t\t\t\t<\/h3>\n\t\t\t\t\t<p class=\"texto_azul_tres\">El nombre del Centro es en honor a la Hna. Mar\u00eda Aracelly Guti\u00e9rrez Escobar, por ser reconocida como una persona interesada en la academia, por pensar y repensar el carisma de Marie Poussepin. Con sus reflexiones y acciones como ejemplo, permiti\u00f3 reconocer su preocupaci\u00f3n por los procesos formativos en las instituciones donde laboraba (Colegios de la Presentaci\u00f3n y luego en la Universidad Cat\u00f3lica de Manizales), inculcando en su actuar procesos de humanidad, a partir de relaciones pedag\u00f3gicas vitales que se tej\u00edan en las comunidades de aprendizaje.<\/p>\n\t\t\t\t<\/div>\n\t\t\t\t<span class=\"texto_azul_uno texto_grande texto_bold\">+<\/span>\n\t\t\t<\/div>\n\t\t\t\t\t\t\t\t<div class=\"nota_archivo elemento_apilable texto_azul_cuatro fondo_gris_uno enlace\" data-enlace=\"https:\/\/www.ucm.edu.co\/en\/en-mi-u-ed-02\/\">\n\t\t\t\t<div class=\"imagen_nota_archivo\">\n\t\t\t\t\t<img decoding=\"async\" src=\"https:\/\/www.ucm.edu.co\/wp-content\/uploads\/2021\/03\/Destacados_EnmiU_02-300x0-c-f.jpg\">\n\t\t\t\t<\/div>\n\t\t\t\t<div class=\"overlap_elemento_apilable fondo_cat_en-mi-u fondo_cat_libros\"><\/div>\n\t\t\t\t<div class=\"textos_elemento_apilable\">\n\t\t\t\t\t<p class=\"texto_azul_cuatro texto_mini\">En mi U \/ Libros<\/p>\n\t\t\t\t\t<p class=\"texto_azul_cuatro texto_mini\">06 de November de 2018<\/p>\n\t\t\t\t\t<h3>\n\t\t\t\t\t\t<a href=\"https:\/\/www.ucm.edu.co\/en\/en-mi-u-ed-02\/\">En mi U Ed. 02<\/a>\n\t\t\t\t\t<\/h3>\n\t\t\t\t\t<p class=\"texto_azul_tres\">Durante la jornada se reuni\u00f3 la ciencia m\u00e1s actualizada en temas ambientales para dialogar con algunas de las ideas de la enc\u00edclica del Papa Francisco sobre el cuidado de la casa com\u00fan. Una oportunidad \u00fanica de escuchar y dialogar, aprender y ense\u00f1ar, reconociendo juntos las leg\u00edtimas diferencias en la manera como la ciencia y la fe se acercan a las cuestiones ambientales, pero tambi\u00e9n enriqueci\u00e9ndonos mutuamente con los aportes propios de cada una y estimul\u00e1ndonos a seguir pensando y buscando salidas a la grave situaci\u00f3n de nuestra casa com\u00fan.<\/p>\n\t\t\t\t<\/div>\n\t\t\t\t<span class=\"texto_azul_uno texto_grande texto_bold\">+<\/span>\n\t\t\t<\/div>\n\t\t\t<\/div>\n<\/div>","protected":false},"excerpt":{"rendered":"<p>El bolet\u00edn digital En Mi U aborda tem\u00e1ticas de cada programa acad\u00e9mico de la Universidad Cat\u00f3lica de Manizales -UCM- con el prop\u00f3sito de resaltar proyectos y perfiles en las \u00e1reas [&hellip;]<\/p>\n","protected":false},"author":8,"featured_media":0,"parent":187933,"menu_order":342,"comment_status":"closed","ping_status":"closed","template":"","meta":{"_et_pb_use_builder":"","_et_pb_old_content":"","_et_gb_content_width":"","content-type":"","_monsterinsights_skip_tracking":false,"_monsterinsights_sitenote_active":false,"_monsterinsights_sitenote_note":"","_monsterinsights_sitenote_category":0,"footnotes":""},"class_list":["post-187967","page","type-page","status-publish","hentry"],"yoast_head":"<!-- This site is optimized with the Yoast SEO plugin v27.5 - https:\/\/yoast.com\/product\/yoast-seo-wordpress\/ -->\n<title>En mi U - UCM - Universidad Cat\u00f3lica de Manizales<\/title>\n<meta name=\"robots\" content=\"index, follow, max-snippet:-1, max-image-preview:large, max-video-preview:-1\" \/>\n<link rel=\"canonical\" href=\"https:\/\/www.ucm.edu.co\/en\/comunicaciones\/en-mi-u\/\" \/>\n<meta property=\"og:locale\" content=\"en_US\" \/>\n<meta property=\"og:type\" content=\"article\" \/>\n<meta property=\"og:title\" content=\"En mi U - UCM - Universidad Cat\u00f3lica de Manizales\" \/>\n<meta property=\"og:description\" content=\"El bolet\u00edn digital En Mi U aborda tem\u00e1ticas de cada programa acad\u00e9mico de la Universidad Cat\u00f3lica de Manizales -UCM- con el prop\u00f3sito de resaltar proyectos y perfiles en las \u00e1reas [&hellip;]\" \/>\n<meta property=\"og:url\" content=\"https:\/\/www.ucm.edu.co\/en\/comunicaciones\/en-mi-u\/\" \/>\n<meta property=\"og:site_name\" content=\"UCM - Universidad Cat\u00f3lica de Manizales\" \/>\n<meta property=\"article:publisher\" content=\"https:\/\/www.facebook.com\/ucatolicamanizales\" \/>\n<meta property=\"article:modified_time\" content=\"2021-04-16T14:15:04+00:00\" \/>\n<meta name=\"twitter:card\" content=\"summary_large_image\" \/>\n<meta name=\"twitter:site\" content=\"@ucm_manizales\" \/>\n<script type=\"application\/ld+json\" class=\"yoast-schema-graph\">{\"@context\":\"https:\\\/\\\/schema.org\",\"@graph\":[{\"@type\":\"WebPage\",\"@id\":\"https:\\\/\\\/www.ucm.edu.co\\\/comunicaciones\\\/en-mi-u\\\/\",\"url\":\"https:\\\/\\\/www.ucm.edu.co\\\/comunicaciones\\\/en-mi-u\\\/\",\"name\":\"En mi U - UCM - Universidad Cat\u00f3lica de Manizales\",\"isPartOf\":{\"@id\":\"https:\\\/\\\/www.ucm.edu.co\\\/#website\"},\"datePublished\":\"2021-03-30T03:20:54+00:00\",\"dateModified\":\"2021-04-16T14:15:04+00:00\",\"breadcrumb\":{\"@id\":\"https:\\\/\\\/www.ucm.edu.co\\\/comunicaciones\\\/en-mi-u\\\/#breadcrumb\"},\"inLanguage\":\"en-US\",\"potentialAction\":[{\"@type\":\"ReadAction\",\"target\":[\"https:\\\/\\\/www.ucm.edu.co\\\/comunicaciones\\\/en-mi-u\\\/\"]}]},{\"@type\":\"BreadcrumbList\",\"@id\":\"https:\\\/\\\/www.ucm.edu.co\\\/comunicaciones\\\/en-mi-u\\\/#breadcrumb\",\"itemListElement\":[{\"@type\":\"ListItem\",\"position\":1,\"name\":\"Portada\",\"item\":\"https:\\\/\\\/www.ucm.edu.co\\\/\"},{\"@type\":\"ListItem\",\"position\":2,\"name\":\"Comunicaciones\",\"item\":\"https:\\\/\\\/www.ucm.edu.co\\\/comunicaciones\\\/\"},{\"@type\":\"ListItem\",\"position\":3,\"name\":\"En mi U\"}]},{\"@type\":\"WebSite\",\"@id\":\"https:\\\/\\\/www.ucm.edu.co\\\/#website\",\"url\":\"https:\\\/\\\/www.ucm.edu.co\\\/\",\"name\":\"UCM - Universidad Cat\u00f3lica de Manizales\",\"description\":\"Ven a ser quien quieres ser\",\"publisher\":{\"@id\":\"https:\\\/\\\/www.ucm.edu.co\\\/#organization\"},\"alternateName\":\"UCM\",\"potentialAction\":[{\"@type\":\"SearchAction\",\"target\":{\"@type\":\"EntryPoint\",\"urlTemplate\":\"https:\\\/\\\/www.ucm.edu.co\\\/?s={search_term_string}\"},\"query-input\":{\"@type\":\"PropertyValueSpecification\",\"valueRequired\":true,\"valueName\":\"search_term_string\"}}],\"inLanguage\":\"en-US\"},{\"@type\":\"Organization\",\"@id\":\"https:\\\/\\\/www.ucm.edu.co\\\/#organization\",\"name\":\"Universidad Cat\u00f3lica de Manizales\",\"alternateName\":\"UCM\",\"url\":\"https:\\\/\\\/www.ucm.edu.co\\\/\",\"logo\":{\"@type\":\"ImageObject\",\"inLanguage\":\"en-US\",\"@id\":\"https:\\\/\\\/www.ucm.edu.co\\\/#\\\/schema\\\/logo\\\/image\\\/\",\"url\":\"https:\\\/\\\/www.ucm.edu.co\\\/wp-content\\\/uploads\\\/2021\\\/03\\\/favicon_ucm.png\",\"contentUrl\":\"https:\\\/\\\/www.ucm.edu.co\\\/wp-content\\\/uploads\\\/2021\\\/03\\\/favicon_ucm.png\",\"width\":512,\"height\":512,\"caption\":\"Universidad Cat\u00f3lica de Manizales\"},\"image\":{\"@id\":\"https:\\\/\\\/www.ucm.edu.co\\\/#\\\/schema\\\/logo\\\/image\\\/\"},\"sameAs\":[\"https:\\\/\\\/www.facebook.com\\\/ucatolicamanizales\",\"https:\\\/\\\/x.com\\\/ucm_manizales\",\"https:\\\/\\\/www.instagram.com\\\/ucatolicamanizales\\\/\",\"https:\\\/\\\/co.linkedin.com\\\/school\\\/ucatolicamanizales\\\/\",\"https:\\\/\\\/www.youtube.com\\\/user\\\/UCMtelevision\"]}]}<\/script>\n<!-- \/ Yoast SEO plugin. -->","yoast_head_json":{"title":"En mi U - UCM - Universidad Cat\u00f3lica de Manizales","robots":{"index":"index","follow":"follow","max-snippet":"max-snippet:-1","max-image-preview":"max-image-preview:large","max-video-preview":"max-video-preview:-1"},"canonical":"https:\/\/www.ucm.edu.co\/en\/comunicaciones\/en-mi-u\/","og_locale":"en_US","og_type":"article","og_title":"En mi U - UCM - Universidad Cat\u00f3lica de Manizales","og_description":"El bolet\u00edn digital En Mi U aborda tem\u00e1ticas de cada programa acad\u00e9mico de la Universidad Cat\u00f3lica de Manizales -UCM- con el prop\u00f3sito de resaltar proyectos y perfiles en las \u00e1reas [&hellip;]","og_url":"https:\/\/www.ucm.edu.co\/en\/comunicaciones\/en-mi-u\/","og_site_name":"UCM - Universidad Cat\u00f3lica de Manizales","article_publisher":"https:\/\/www.facebook.com\/ucatolicamanizales","article_modified_time":"2021-04-16T14:15:04+00:00","twitter_card":"summary_large_image","twitter_site":"@ucm_manizales","schema":{"@context":"https:\/\/schema.org","@graph":[{"@type":"WebPage","@id":"https:\/\/www.ucm.edu.co\/comunicaciones\/en-mi-u\/","url":"https:\/\/www.ucm.edu.co\/comunicaciones\/en-mi-u\/","name":"En mi U - UCM - Universidad Cat\u00f3lica de Manizales","isPartOf":{"@id":"https:\/\/www.ucm.edu.co\/#website"},"datePublished":"2021-03-30T03:20:54+00:00","dateModified":"2021-04-16T14:15:04+00:00","breadcrumb":{"@id":"https:\/\/www.ucm.edu.co\/comunicaciones\/en-mi-u\/#breadcrumb"},"inLanguage":"en-US","potentialAction":[{"@type":"ReadAction","target":["https:\/\/www.ucm.edu.co\/comunicaciones\/en-mi-u\/"]}]},{"@type":"BreadcrumbList","@id":"https:\/\/www.ucm.edu.co\/comunicaciones\/en-mi-u\/#breadcrumb","itemListElement":[{"@type":"ListItem","position":1,"name":"Portada","item":"https:\/\/www.ucm.edu.co\/"},{"@type":"ListItem","position":2,"name":"Comunicaciones","item":"https:\/\/www.ucm.edu.co\/comunicaciones\/"},{"@type":"ListItem","position":3,"name":"En mi U"}]},{"@type":"WebSite","@id":"https:\/\/www.ucm.edu.co\/#website","url":"https:\/\/www.ucm.edu.co\/","name":"UCM - Universidad Cat\u00f3lica de Manizales","description":"Ven a ser quien quieres ser","publisher":{"@id":"https:\/\/www.ucm.edu.co\/#organization"},"alternateName":"UCM","potentialAction":[{"@type":"SearchAction","target":{"@type":"EntryPoint","urlTemplate":"https:\/\/www.ucm.edu.co\/?s={search_term_string}"},"query-input":{"@type":"PropertyValueSpecification","valueRequired":true,"valueName":"search_term_string"}}],"inLanguage":"en-US"},{"@type":"Organization","@id":"https:\/\/www.ucm.edu.co\/#organization","name":"Universidad Cat\u00f3lica de Manizales","alternateName":"UCM","url":"https:\/\/www.ucm.edu.co\/","logo":{"@type":"ImageObject","inLanguage":"en-US","@id":"https:\/\/www.ucm.edu.co\/#\/schema\/logo\/image\/","url":"https:\/\/www.ucm.edu.co\/wp-content\/uploads\/2021\/03\/favicon_ucm.png","contentUrl":"https:\/\/www.ucm.edu.co\/wp-content\/uploads\/2021\/03\/favicon_ucm.png","width":512,"height":512,"caption":"Universidad Cat\u00f3lica de Manizales"},"image":{"@id":"https:\/\/www.ucm.edu.co\/#\/schema\/logo\/image\/"},"sameAs":["https:\/\/www.facebook.com\/ucatolicamanizales","https:\/\/x.com\/ucm_manizales","https:\/\/www.instagram.com\/ucatolicamanizales\/","https:\/\/co.linkedin.com\/school\/ucatolicamanizales\/","https:\/\/www.youtube.com\/user\/UCMtelevision"]}]}},"_links":{"self":[{"href":"https:\/\/www.ucm.edu.co\/en\/wp-json\/wp\/v2\/pages\/187967","targetHints":{"allow":["GET"]}}],"collection":[{"href":"https:\/\/www.ucm.edu.co\/en\/wp-json\/wp\/v2\/pages"}],"about":[{"href":"https:\/\/www.ucm.edu.co\/en\/wp-json\/wp\/v2\/types\/page"}],"author":[{"embeddable":true,"href":"https:\/\/www.ucm.edu.co\/en\/wp-json\/wp\/v2\/users\/8"}],"replies":[{"embeddable":true,"href":"https:\/\/www.ucm.edu.co\/en\/wp-json\/wp\/v2\/comments?post=187967"}],"version-history":[{"count":3,"href":"https:\/\/www.ucm.edu.co\/en\/wp-json\/wp\/v2\/pages\/187967\/revisions"}],"predecessor-version":[{"id":190123,"href":"https:\/\/www.ucm.edu.co\/en\/wp-json\/wp\/v2\/pages\/187967\/revisions\/190123"}],"up":[{"embeddable":true,"href":"https:\/\/www.ucm.edu.co\/en\/wp-json\/wp\/v2\/pages\/187933"}],"wp:attachment":[{"href":"https:\/\/www.ucm.edu.co\/en\/wp-json\/wp\/v2\/media?parent=187967"}],"curies":[{"name":"wp","href":"https:\/\/api.w.org\/{rel}","templated":true}]}}