{"id":186216,"date":"2021-03-23T07:54:44","date_gmt":"2021-03-23T12:54:44","guid":{"rendered":"https:\/\/www.ucm.edu.co\/?page_id=186216"},"modified":"2025-02-25T09:25:45","modified_gmt":"2025-02-25T14:25:45","slug":"ucm-global","status":"publish","type":"page","link":"https:\/\/www.ucm.edu.co\/en\/ucm-global\/","title":{"rendered":"Global UCM"},"content":{"rendered":"<p>UCM Global es el programa institucional liderado por la Direcci\u00f3n de Relaciones Interinstitucionales e Internacionales de la Universidad Cat\u00f3lica de Manizales con el objetivo de desarrollar capacidades para un desempe\u00f1o global en la comunidad universitaria a trav\u00e9s de las siguientes iniciativas:<\/p>\n\n\n\n<p><\/p>\n\n\n\n<ul class=\"wp-block-list listado_generico\">\n<li>Aprendizaje Global Interactivo y Multicultural<\/li>\n\n\n\n<li>Ingl\u00e9s como Medio de Ense\u00f1anza en Educaci\u00f3n Superior<\/li>\n\n\n\n<li>Desarrollo Profesional para la Internacionalizaci\u00f3n<\/li>\n\n\n\n<li>Semestres de Intercambio Acad\u00e9mico<\/li>\n\n\n\n<li>Pr\u00e1cticas Internacionales<\/li>\n\n\n\n<li>Estancias de docencia, investigaci\u00f3n, proyecci\u00f3n social y gesti\u00f3n administrativa<\/li>\n\n\n\n<li>Voluntariados y misiones<\/li>\n\n\n\n<li>Espa\u00f1ol para extranjeros<\/li>\n\n\n\n<li>Movilidad virtual<\/li>\n\n\n\n<li>Certificaci\u00f3n en Ciudadan\u00eda Global y Multicultural UCM<\/li>\n<\/ul>\n\n\n\n<div class=\"wp-block-pb-accordion-item c-accordion__item js-accordion-item no-js\" data-initially-open=\"false\" data-click-to-close=\"true\" data-auto-close=\"true\" data-scroll=\"false\" data-scroll-offset=\"0\"><h2 id=\"at-1862160\" class=\"c-accordion__title js-accordion-controller\" role=\"button\"><strong>Datos destacados de la Universidad Cat\u00f3lica de Manizales 2018-2022<\/strong><\/h2><div id=\"ac-1862160\" class=\"c-accordion__content\">\n<ul class=\"wp-block-list listado_generico\">\n<li>Ganadora de cuatro (4) proyectos de internacionalizaci\u00f3n desde 2019 con financiaci\u00f3n del Departamento de Estado de los Estados Unidos, el Gobierno de Canad\u00e1 e ICETEX-RCI-ASCUN por medio de los programas 100,000 Strong in the Americas, Universities Canada y peque\u00f1as subvenciones para la reconfiguraci\u00f3n de la Educaci\u00f3n Internacional en Colombia.<\/li>\n\n\n\n<li>Miembro asociado del Grupo Coordinador de la Comunidad de Expertos en Internacionalizaci\u00f3n en Casa para la Asociaci\u00f3n Europea de Educaci\u00f3n Internacional EAIE.<\/li>\n\n\n\n<li>Coordinadora de tres (3) programas de la Organizaci\u00f3n de Universidades Cat\u00f3licas de Am\u00e9rica Latina: Augere Universitas para pasant\u00edas internacionales de profesores, investigadores y administrativos; Pastoral Universitaria Intercontinental; Red Juvenil de Responsabilidad Social Universitaria.<\/li>\n\n\n\n<li>Experto Nacional en los lineamientos e indicadores para la Internacionalizaci\u00f3n de la Educaci\u00f3n Superior en Colombia (Nota Orientadora para la Internacionalizaci\u00f3n), en el marco del convenio 0270 de 2020 suscrito entre el Ministerio de Educaci\u00f3n Nacional y la Universidad EAN.<\/li>\n\n\n\n<li>Autor de la Gu\u00eda de Internacionalizaci\u00f3n del Curr\u00edculo y de Buenas Pr\u00e1cticas de Internacionalizaci\u00f3n del Curr\u00edculo de la Plataforma de Internacionalizaci\u00f3n de la Educaci\u00f3n Superior en Colombia \u201cGlobalEdColombia\u201d (https:\/\/www.globaledcolombia.co\/), proyecto financiado por la convocatoria Micro Funds for Development and Transfer 2021 del DAAD (Servicio Alem\u00e1n de Intercambio Acad\u00e9mico).<\/li>\n\n\n\n<li>Universidad con mayor contribuci\u00f3n a los Objetivos de Desarrollo Sostenible en Manizales, seg\u00fan Times Higher Education Impact Ranking 2021 y 2022.<\/li>\n\n\n\n<li>Universidad comprometida con la Responsabilidad Social y el medio ambiente reconocida por el Marco Newman de la Federaci\u00f3n Internacional de Universidades Cat\u00f3licas (FIUC) con estrellas en gobernanza, medio ambiente, pr\u00e1cticas sociales e identidad cat\u00f3lica en 2021.<\/li>\n\n\n\n<li>Puesto 28 en Colombia y 463 Global en Ranking mundial de universidades sostenibles UI Green Metric World University Rankings 2021.<\/li>\n\n\n\n<li>150 proyectos de Aprendizaje Global Interactivo y Multicultural (Aulas Globales COIL, Clases Espejo, Intercambio Virtual de Idiomas\u2026) con 34 instituciones de educaci\u00f3n superior de 13 pa\u00edses entre 2019 y 2022-I.<\/li>\n\n\n\n<li>262 proyectos de Fortalecimiento de Lengua Extranjera: ingl\u00e9s, asociados a la Internacionalizaci\u00f3n del Curr\u00edculo entre 2019 y 2022-I.<\/li>\n\n\n\n<li>10 componentes acad\u00e9micos EMI (English-Medium Instruction) orientados completamente en ingl\u00e9s desde los programas de Publicidad, Ingenier\u00eda Ambiental, Arquitectura, Licenciatura en Matem\u00e1ticas y la Unidad Acad\u00e9mica de Formaci\u00f3n Humano Cristiana.<\/li>\n\n\n\n<li>797 estudiantes en movilidad presencial entrante y saliente y 220 estudiantes en movilidad asistida por las TIC, entre 2018 y 2022-I.<\/li>\n\n\n\n<li>343 profesores en movilidad presencial entrante y saliente y 310 profesores en movilidad asistida por las TIC entre 2018 y 2022-I.<\/li>\n\n\n\n<li>173 experiencias de desarrollo profesional en internacionalizaci\u00f3n entre 2018 y 2022-I.<\/li>\n\n\n\n<li>138 colaboradores UCM formados en ingl\u00e9s como lengua extranjera por el Centro de Idiomas entre 2018 y Abril 2022.<\/li>\n\n\n\n<li>106 profesores UCM con insignias de internacionalizaci\u00f3n, 39 de ellos con galardones asociados a su conciencia, interacci\u00f3n, compromiso y acci\u00f3n global, y 4 certificados como profesores globales y multiculturales UCM entre 2018 y 2021.<\/li>\n\n\n\n<li>1514 estudiantes UCM con logros de internacionalizaci\u00f3n, 182 de ellos con galardones asociados a su conciencia, interacci\u00f3n, compromiso y acci\u00f3n global, y 2 certificados como estudiantes globales y multiculturales UCM entre 2018 y 2021.<\/li>\n\n\n\n<li>91.07% de los estudiantes de la UCM encuestados (m=1763) valoran que han desarrollado sus capacidades para un desempe\u00f1o global en alto grado y plenamente por medio de las estrategias de Internacionalizaci\u00f3n del Curr\u00edculo implementadas en los componentes acad\u00e9micos cursados.<\/li>\n\n\n\n<li>91.04% de los estudiantes nacionales e internacionales encuestados (m=819) valoran que han desarrollado sus capacidades para un desempe\u00f1o global en alto grado y plenamente a trav\u00e9s de los proyectos de Aprendizaje Global Interactivo y Multicultural y de los componentes acad\u00e9micos asistidos por las TIC.<\/li>\n\n\n\n<li>91.33% de los profesores de la UCM encuestados (m=186) valoran que han desarrollado capacidades globales en alto grado y plenamente por medio de las estrategias de Internacionalizaci\u00f3n del Curr\u00edculo implementadas en sus componentes acad\u00e9micos orientados.<\/li>\n\n\n\n<li>28 proyectos de investigaci\u00f3n conjunta internacional y 30 publicaciones en coautor\u00eda internacional como resultado de investigaci\u00f3n entre 2018 y 2022-I.<\/li>\n\n\n\n<li>97 art\u00edculos de investigaci\u00f3n en revistas indexadas internacionalmente y 13 publicaciones de libros y cap\u00edtulos de libro entre 2018 y 2021.<\/li>\n\n\n\n<li>Menci\u00f3n de Honor a la Calidad del Posgrado en Iberoam\u00e9rica concedido a la Maestr\u00eda en Educaci\u00f3n por la Asociaci\u00f3n Universitaria Iberoamericana de Posgrado (AUIP).<strong><\/strong><\/li>\n<\/ul>\n<\/div><\/div>\n\n\n\n<div style=\"height:5px\" aria-hidden=\"true\" class=\"wp-block-spacer\"><\/div>\n\n\n\n<div class=\"wp-block-pb-accordion-item c-accordion__item js-accordion-item no-js\" data-initially-open=\"false\" data-click-to-close=\"true\" data-auto-close=\"true\" data-scroll=\"false\" data-scroll-offset=\"0\"><h2 id=\"at-1862161\" class=\"c-accordion__title js-accordion-controller\" role=\"button\"><strong><strong>Datos destacados de Manizales: ciudad universitaria de Colombia<\/strong><\/strong><\/h2><div id=\"ac-1862161\" class=\"c-accordion__content\">\n<ul class=\"wp-block-list listado_generico\">\n<li>Ciudad con las mejores condiciones para adelantar estudios universitarios seg\u00fan el \u00cdndice de Ciudades Universitarias.<\/li>\n\n\n\n<li>Ciudad con m\u00e1s de 400.000 habitantes, de los cuales alrededor de 40.000 son estudiantes universitarios, y m\u00e1s de la mitad de los estudiantes provienen de otras regiones y otros pa\u00edses.<\/li>\n\n\n\n<li>Conocida como la Ciudad de las Puertas Abiertas por su simpat\u00eda y su cultura.<\/li>\n\n\n\n<li>Ubicada en la mitad de las monta\u00f1as, con bosques de niebla donde sale el calor de los paisajes cafeteros, que le dan el reconocimiento de ser parte del Paisaje Cultural Cafetero seg\u00fan la UNESCO.<\/li>\n\n\n\n<li>Declarada como Ciudad del Aprendizaje seg\u00fan la UNESCO (2019).<\/li>\n\n\n\n<li>Mayor proporci\u00f3n de universidades con acreditaci\u00f3n de alta calidad en el pa\u00eds.<\/li>\n\n\n\n<li>Primera ciudad en calidad de vida en Colombia (Informe C\u00f3mo Vamos 2019).<\/li>\n\n\n\n<li>Mejor ciudad para estudiar seg\u00fan el \u00cdndice de Ciudades Universitarias (2019).<\/li>\n\n\n\n<li>Ciudad con mayor percepci\u00f3n de seguridad en Colombia.<\/li>\n\n\n\n<li>Mayor proporci\u00f3n de universidades con acreditaci\u00f3n de alta calidad en Colombia.<\/li>\n\n\n\n<li>Movilidad acad\u00e9mica entre universidades: semestres y asignaturas en una universidad diferente sin pagar ning\u00fan valor adicional, por medio del Sistema Universitario de Manizales (SUMA).<\/li>\n\n\n\n<li>Primera ciudad en tolerancia e inclusi\u00f3n.<\/li>\n\n\n\n<li>F\u00e1cil movilidad con sistema integrado de bicicletas p\u00fablicas.<\/li>\n\n\n\n<li>Tarjeta zona de Manizales Campus Universitario con prioridades y descuentos.<\/li>\n\n\n\n<li>Manizales Campus Universitario es el sue\u00f1o de una regi\u00f3n y toda una experiencia de vida acad\u00e9mica para propios y extranjeros.<\/li>\n<\/ul>\n<\/div><\/div>\n\n\n\n<div style=\"height:15px\" aria-hidden=\"true\" class=\"wp-block-spacer\"><\/div>\n\n\n\n<div class=\"wp-block-columns is-layout-flex wp-container-core-columns-is-layout-9d6595d7 wp-block-columns-is-layout-flex\">\n<div class=\"wp-block-column is-layout-flow wp-block-column-is-layout-flow\">\n<figure class=\"wp-block-embed is-type-video is-provider-youtube wp-block-embed-youtube wp-embed-aspect-16-9 wp-has-aspect-ratio\"><div class=\"wp-block-embed__wrapper\">\n<iframe loading=\"lazy\" title=\"UCM Internacional\" width=\"1080\" height=\"608\" src=\"https:\/\/www.youtube.com\/embed\/-BMsFSGGpmg?feature=oembed\"  allow=\"accelerometer; autoplay; clipboard-write; encrypted-media; gyroscope; picture-in-picture; web-share\" referrerpolicy=\"strict-origin-when-cross-origin\" allowfullscreen><\/iframe>\n<\/div><\/figure>\n<\/div>\n\n\n\n<div class=\"wp-block-column is-layout-flow wp-block-column-is-layout-flow\">\n<figure class=\"wp-block-embed is-type-video is-provider-youtube wp-block-embed-youtube wp-embed-aspect-16-9 wp-has-aspect-ratio\"><div class=\"wp-block-embed__wrapper\">\n<iframe loading=\"lazy\" title=\"Internacionaliza\u00e7\u00e3o UCM\" width=\"1080\" height=\"608\" src=\"https:\/\/www.youtube.com\/embed\/nNmrewP27ww?feature=oembed\"  allow=\"accelerometer; autoplay; clipboard-write; encrypted-media; gyroscope; picture-in-picture; web-share\" referrerpolicy=\"strict-origin-when-cross-origin\" allowfullscreen><\/iframe>\n<\/div><\/figure>\n<\/div>\n<\/div>","protected":false},"excerpt":{"rendered":"<p>UCM Global es el programa institucional liderado por la Direcci\u00f3n de Relaciones Interinstitucionales e Internacionales de la Universidad Cat\u00f3lica de Manizales con el objetivo de desarrollar capacidades para un desempe\u00f1o [&hellip;]<\/p>\n","protected":false},"author":8,"featured_media":189528,"parent":0,"menu_order":398,"comment_status":"closed","ping_status":"closed","template":"","meta":{"_et_pb_use_builder":"off","_et_pb_old_content":"","_et_gb_content_width":"","content-type":"","_monsterinsights_skip_tracking":false,"_monsterinsights_sitenote_active":false,"_monsterinsights_sitenote_note":"","_monsterinsights_sitenote_category":0,"footnotes":""},"class_list":["post-186216","page","type-page","status-publish","has-post-thumbnail","hentry"],"yoast_head":"<!-- This site is optimized with the Yoast SEO plugin v27.4 - https:\/\/yoast.com\/product\/yoast-seo-wordpress\/ -->\n<title>UCM Global - UCM - Universidad Cat\u00f3lica de Manizales<\/title>\n<meta name=\"robots\" content=\"index, follow, max-snippet:-1, max-image-preview:large, max-video-preview:-1\" \/>\n<link rel=\"canonical\" href=\"https:\/\/www.ucm.edu.co\/en\/ucm-global\/\" \/>\n<meta property=\"og:locale\" content=\"en_US\" \/>\n<meta property=\"og:type\" content=\"article\" \/>\n<meta property=\"og:title\" content=\"UCM Global - UCM - Universidad Cat\u00f3lica de Manizales\" \/>\n<meta property=\"og:description\" content=\"UCM Global es el programa institucional liderado por la Direcci\u00f3n de Relaciones Interinstitucionales e Internacionales de la Universidad Cat\u00f3lica de Manizales con el objetivo de desarrollar capacidades para un desempe\u00f1o [&hellip;]\" \/>\n<meta property=\"og:url\" content=\"https:\/\/www.ucm.edu.co\/en\/ucm-global\/\" \/>\n<meta property=\"og:site_name\" content=\"UCM - Universidad Cat\u00f3lica de Manizales\" \/>\n<meta property=\"article:publisher\" content=\"https:\/\/www.facebook.com\/ucatolicamanizales\" \/>\n<meta property=\"article:modified_time\" content=\"2025-02-25T14:25:45+00:00\" \/>\n<meta property=\"og:image\" content=\"https:\/\/www.ucm.edu.co\/wp-content\/uploads\/2021\/04\/ucm-internacional.jpg\" \/>\n\t<meta property=\"og:image:width\" content=\"1500\" \/>\n\t<meta property=\"og:image:height\" content=\"480\" \/>\n\t<meta property=\"og:image:type\" content=\"image\/jpeg\" \/>\n<meta name=\"twitter:card\" content=\"summary_large_image\" \/>\n<meta name=\"twitter:site\" content=\"@ucm_manizales\" \/>\n<meta name=\"twitter:label1\" content=\"Est. reading time\" \/>\n\t<meta name=\"twitter:data1\" content=\"5 minutes\" \/>\n<script type=\"application\/ld+json\" class=\"yoast-schema-graph\">{\"@context\":\"https:\\\/\\\/schema.org\",\"@graph\":[{\"@type\":\"WebPage\",\"@id\":\"https:\\\/\\\/www.ucm.edu.co\\\/ucm-global\\\/\",\"url\":\"https:\\\/\\\/www.ucm.edu.co\\\/ucm-global\\\/\",\"name\":\"UCM Global - UCM - Universidad Cat\u00f3lica de Manizales\",\"isPartOf\":{\"@id\":\"https:\\\/\\\/www.ucm.edu.co\\\/#website\"},\"primaryImageOfPage\":{\"@id\":\"https:\\\/\\\/www.ucm.edu.co\\\/ucm-global\\\/#primaryimage\"},\"image\":{\"@id\":\"https:\\\/\\\/www.ucm.edu.co\\\/ucm-global\\\/#primaryimage\"},\"thumbnailUrl\":\"https:\\\/\\\/www.ucm.edu.co\\\/wp-content\\\/uploads\\\/2021\\\/04\\\/ucm-internacional.jpg\",\"datePublished\":\"2021-03-23T12:54:44+00:00\",\"dateModified\":\"2025-02-25T14:25:45+00:00\",\"breadcrumb\":{\"@id\":\"https:\\\/\\\/www.ucm.edu.co\\\/ucm-global\\\/#breadcrumb\"},\"inLanguage\":\"en-US\",\"potentialAction\":[{\"@type\":\"ReadAction\",\"target\":[\"https:\\\/\\\/www.ucm.edu.co\\\/ucm-global\\\/\"]}]},{\"@type\":\"ImageObject\",\"inLanguage\":\"en-US\",\"@id\":\"https:\\\/\\\/www.ucm.edu.co\\\/ucm-global\\\/#primaryimage\",\"url\":\"https:\\\/\\\/www.ucm.edu.co\\\/wp-content\\\/uploads\\\/2021\\\/04\\\/ucm-internacional.jpg\",\"contentUrl\":\"https:\\\/\\\/www.ucm.edu.co\\\/wp-content\\\/uploads\\\/2021\\\/04\\\/ucm-internacional.jpg\",\"width\":1500,\"height\":480,\"caption\":\"La Direcci\u00f3n de Relaciones Interinstitucionales e Internacionales de la UCM invita a la comunidad de Profesores para realizar esta modalidad presencial en la Universidad de Dalhousie, Canad\u00e1, del 10 al 28 de junio de 2024.\"},{\"@type\":\"BreadcrumbList\",\"@id\":\"https:\\\/\\\/www.ucm.edu.co\\\/ucm-global\\\/#breadcrumb\",\"itemListElement\":[{\"@type\":\"ListItem\",\"position\":1,\"name\":\"Portada\",\"item\":\"https:\\\/\\\/www.ucm.edu.co\\\/\"},{\"@type\":\"ListItem\",\"position\":2,\"name\":\"UCM Global\"}]},{\"@type\":\"WebSite\",\"@id\":\"https:\\\/\\\/www.ucm.edu.co\\\/#website\",\"url\":\"https:\\\/\\\/www.ucm.edu.co\\\/\",\"name\":\"UCM - Universidad Cat\u00f3lica de Manizales\",\"description\":\"Ven a ser quien quieres ser\",\"publisher\":{\"@id\":\"https:\\\/\\\/www.ucm.edu.co\\\/#organization\"},\"alternateName\":\"UCM\",\"potentialAction\":[{\"@type\":\"SearchAction\",\"target\":{\"@type\":\"EntryPoint\",\"urlTemplate\":\"https:\\\/\\\/www.ucm.edu.co\\\/?s={search_term_string}\"},\"query-input\":{\"@type\":\"PropertyValueSpecification\",\"valueRequired\":true,\"valueName\":\"search_term_string\"}}],\"inLanguage\":\"en-US\"},{\"@type\":\"Organization\",\"@id\":\"https:\\\/\\\/www.ucm.edu.co\\\/#organization\",\"name\":\"Universidad Cat\u00f3lica de Manizales\",\"alternateName\":\"UCM\",\"url\":\"https:\\\/\\\/www.ucm.edu.co\\\/\",\"logo\":{\"@type\":\"ImageObject\",\"inLanguage\":\"en-US\",\"@id\":\"https:\\\/\\\/www.ucm.edu.co\\\/#\\\/schema\\\/logo\\\/image\\\/\",\"url\":\"https:\\\/\\\/www.ucm.edu.co\\\/wp-content\\\/uploads\\\/2021\\\/03\\\/favicon_ucm.png\",\"contentUrl\":\"https:\\\/\\\/www.ucm.edu.co\\\/wp-content\\\/uploads\\\/2021\\\/03\\\/favicon_ucm.png\",\"width\":512,\"height\":512,\"caption\":\"Universidad Cat\u00f3lica de Manizales\"},\"image\":{\"@id\":\"https:\\\/\\\/www.ucm.edu.co\\\/#\\\/schema\\\/logo\\\/image\\\/\"},\"sameAs\":[\"https:\\\/\\\/www.facebook.com\\\/ucatolicamanizales\",\"https:\\\/\\\/x.com\\\/ucm_manizales\",\"https:\\\/\\\/www.instagram.com\\\/ucatolicamanizales\\\/\",\"https:\\\/\\\/co.linkedin.com\\\/school\\\/ucatolicamanizales\\\/\",\"https:\\\/\\\/www.youtube.com\\\/user\\\/UCMtelevision\"]}]}<\/script>\n<!-- \/ Yoast SEO plugin. -->","yoast_head_json":{"title":"UCM Global - UCM - Universidad Cat\u00f3lica de Manizales","robots":{"index":"index","follow":"follow","max-snippet":"max-snippet:-1","max-image-preview":"max-image-preview:large","max-video-preview":"max-video-preview:-1"},"canonical":"https:\/\/www.ucm.edu.co\/en\/ucm-global\/","og_locale":"en_US","og_type":"article","og_title":"UCM Global - UCM - Universidad Cat\u00f3lica de Manizales","og_description":"UCM Global es el programa institucional liderado por la Direcci\u00f3n de Relaciones Interinstitucionales e Internacionales de la Universidad Cat\u00f3lica de Manizales con el objetivo de desarrollar capacidades para un desempe\u00f1o [&hellip;]","og_url":"https:\/\/www.ucm.edu.co\/en\/ucm-global\/","og_site_name":"UCM - Universidad Cat\u00f3lica de Manizales","article_publisher":"https:\/\/www.facebook.com\/ucatolicamanizales","article_modified_time":"2025-02-25T14:25:45+00:00","og_image":[{"width":1500,"height":480,"url":"https:\/\/www.ucm.edu.co\/wp-content\/uploads\/2021\/04\/ucm-internacional.jpg","type":"image\/jpeg"}],"twitter_card":"summary_large_image","twitter_site":"@ucm_manizales","twitter_misc":{"Est. reading time":"5 minutes"},"schema":{"@context":"https:\/\/schema.org","@graph":[{"@type":"WebPage","@id":"https:\/\/www.ucm.edu.co\/ucm-global\/","url":"https:\/\/www.ucm.edu.co\/ucm-global\/","name":"UCM Global - UCM - Universidad Cat\u00f3lica de Manizales","isPartOf":{"@id":"https:\/\/www.ucm.edu.co\/#website"},"primaryImageOfPage":{"@id":"https:\/\/www.ucm.edu.co\/ucm-global\/#primaryimage"},"image":{"@id":"https:\/\/www.ucm.edu.co\/ucm-global\/#primaryimage"},"thumbnailUrl":"https:\/\/www.ucm.edu.co\/wp-content\/uploads\/2021\/04\/ucm-internacional.jpg","datePublished":"2021-03-23T12:54:44+00:00","dateModified":"2025-02-25T14:25:45+00:00","breadcrumb":{"@id":"https:\/\/www.ucm.edu.co\/ucm-global\/#breadcrumb"},"inLanguage":"en-US","potentialAction":[{"@type":"ReadAction","target":["https:\/\/www.ucm.edu.co\/ucm-global\/"]}]},{"@type":"ImageObject","inLanguage":"en-US","@id":"https:\/\/www.ucm.edu.co\/ucm-global\/#primaryimage","url":"https:\/\/www.ucm.edu.co\/wp-content\/uploads\/2021\/04\/ucm-internacional.jpg","contentUrl":"https:\/\/www.ucm.edu.co\/wp-content\/uploads\/2021\/04\/ucm-internacional.jpg","width":1500,"height":480,"caption":"La Direcci\u00f3n de Relaciones Interinstitucionales e Internacionales de la UCM invita a la comunidad de Profesores para realizar esta modalidad presencial en la Universidad de Dalhousie, Canad\u00e1, del 10 al 28 de junio de 2024."},{"@type":"BreadcrumbList","@id":"https:\/\/www.ucm.edu.co\/ucm-global\/#breadcrumb","itemListElement":[{"@type":"ListItem","position":1,"name":"Portada","item":"https:\/\/www.ucm.edu.co\/"},{"@type":"ListItem","position":2,"name":"UCM Global"}]},{"@type":"WebSite","@id":"https:\/\/www.ucm.edu.co\/#website","url":"https:\/\/www.ucm.edu.co\/","name":"UCM - Universidad Cat\u00f3lica de Manizales","description":"Ven a ser quien quieres ser","publisher":{"@id":"https:\/\/www.ucm.edu.co\/#organization"},"alternateName":"UCM","potentialAction":[{"@type":"SearchAction","target":{"@type":"EntryPoint","urlTemplate":"https:\/\/www.ucm.edu.co\/?s={search_term_string}"},"query-input":{"@type":"PropertyValueSpecification","valueRequired":true,"valueName":"search_term_string"}}],"inLanguage":"en-US"},{"@type":"Organization","@id":"https:\/\/www.ucm.edu.co\/#organization","name":"Universidad Cat\u00f3lica de Manizales","alternateName":"UCM","url":"https:\/\/www.ucm.edu.co\/","logo":{"@type":"ImageObject","inLanguage":"en-US","@id":"https:\/\/www.ucm.edu.co\/#\/schema\/logo\/image\/","url":"https:\/\/www.ucm.edu.co\/wp-content\/uploads\/2021\/03\/favicon_ucm.png","contentUrl":"https:\/\/www.ucm.edu.co\/wp-content\/uploads\/2021\/03\/favicon_ucm.png","width":512,"height":512,"caption":"Universidad Cat\u00f3lica de Manizales"},"image":{"@id":"https:\/\/www.ucm.edu.co\/#\/schema\/logo\/image\/"},"sameAs":["https:\/\/www.facebook.com\/ucatolicamanizales","https:\/\/x.com\/ucm_manizales","https:\/\/www.instagram.com\/ucatolicamanizales\/","https:\/\/co.linkedin.com\/school\/ucatolicamanizales\/","https:\/\/www.youtube.com\/user\/UCMtelevision"]}]}},"_links":{"self":[{"href":"https:\/\/www.ucm.edu.co\/en\/wp-json\/wp\/v2\/pages\/186216","targetHints":{"allow":["GET"]}}],"collection":[{"href":"https:\/\/www.ucm.edu.co\/en\/wp-json\/wp\/v2\/pages"}],"about":[{"href":"https:\/\/www.ucm.edu.co\/en\/wp-json\/wp\/v2\/types\/page"}],"author":[{"embeddable":true,"href":"https:\/\/www.ucm.edu.co\/en\/wp-json\/wp\/v2\/users\/8"}],"replies":[{"embeddable":true,"href":"https:\/\/www.ucm.edu.co\/en\/wp-json\/wp\/v2\/comments?post=186216"}],"version-history":[{"count":14,"href":"https:\/\/www.ucm.edu.co\/en\/wp-json\/wp\/v2\/pages\/186216\/revisions"}],"predecessor-version":[{"id":220750,"href":"https:\/\/www.ucm.edu.co\/en\/wp-json\/wp\/v2\/pages\/186216\/revisions\/220750"}],"wp:featuredmedia":[{"embeddable":true,"href":"https:\/\/www.ucm.edu.co\/en\/wp-json\/wp\/v2\/media\/189528"}],"wp:attachment":[{"href":"https:\/\/www.ucm.edu.co\/en\/wp-json\/wp\/v2\/media?parent=186216"}],"curies":[{"name":"wp","href":"https:\/\/api.w.org\/{rel}","templated":true}]}}