{"id":185196,"date":"2021-03-11T06:53:43","date_gmt":"2021-03-11T11:53:43","guid":{"rendered":"https:\/\/www.ucm.edu.co\/?page_id=185196"},"modified":"2024-04-25T07:57:06","modified_gmt":"2024-04-25T12:57:06","slug":"estimulos","status":"publish","type":"page","link":"https:\/\/www.ucm.edu.co\/en\/extension-y-proyeccion-social\/estimulos\/","title":{"rendered":"Incentives"},"content":{"rendered":"<p>Para fortalecer el compromiso y la responsabilidad social, la universidad promueve est\u00edmulos y reconocimientos a las expresiones y vivencias del perfil social UCM.<\/p>\n\n\n\n<div style=\"height:15px\" aria-hidden=\"true\" class=\"wp-block-spacer\"><\/div>\n\n\n\n<div class=\"wp-block-media-text alignwide is-stacked-on-mobile\"><figure class=\"wp-block-media-text__media\"><img loading=\"lazy\" decoding=\"async\" width=\"600\" height=\"347\" src=\"https:\/\/www.ucm.edu.co\/wp-content\/uploads\/2023\/04\/convocatoria-Premio-Hna-Maria-Aracely-Gutierrez-Escobar.jpg\" alt=\"\" class=\"wp-image-208629 size-full\" srcset=\"https:\/\/www.ucm.edu.co\/wp-content\/uploads\/2023\/04\/convocatoria-Premio-Hna-Maria-Aracely-Gutierrez-Escobar.jpg 600w, https:\/\/www.ucm.edu.co\/wp-content\/uploads\/2023\/04\/convocatoria-Premio-Hna-Maria-Aracely-Gutierrez-Escobar-480x278.jpg 480w\" sizes=\"(min-width: 0px) and (max-width: 480px) 480px, (min-width: 481px) 600px, 100vw\" \/><\/figure><div class=\"wp-block-media-text__content\">\n<h2 class=\"wp-block-heading\"><strong>Convocatoria Premio Hna. Mar\u00eda Aracely Guti\u00e9rrez Escobar<\/strong><\/h2>\n\n\n\n<p>Reconocimiento al profesorado que a trav\u00e9s de la docencia como pr\u00e1ctica social y cultural, contribuyen con el sue\u00f1o institucional de forjar hombres y mujeres integrales en la construcci\u00f3n de una nueva humanidad.<\/p>\n\n\n\n<div style=\"height:10px\" aria-hidden=\"true\" class=\"wp-block-spacer\"><\/div>\n\n\n\n<div class=\"wp-block-buttons is-layout-flex wp-block-buttons-is-layout-flex\">\n<div class=\"wp-block-button\"><a class=\"boton_generico wp-block-button__link wp-element-button\" href=\"https:\/\/www.ucm.edu.co\/en\/premio-hna-maria-aracely-gutierrez-escobar\/\" target=\"_blank\" rel=\"noreferrer noopener\">T\u00e9rminos de referencia <\/a><\/div>\n<\/div>\n<\/div><\/div>\n\n\n\n<div style=\"height:15px\" aria-hidden=\"true\" class=\"wp-block-spacer\"><\/div>\n\n\n\n<div class=\"wp-block-media-text alignwide is-stacked-on-mobile\"><figure class=\"wp-block-media-text__media\"><img loading=\"lazy\" decoding=\"async\" width=\"600\" height=\"347\" src=\"https:\/\/www.ucm.edu.co\/wp-content\/uploads\/2022\/03\/convocatoria_proyectos_sociales_2021-06-1-1.png\" alt=\"\" class=\"wp-image-199240 size-full\"\/><\/figure><div class=\"wp-block-media-text__content\">\n<h2 class=\"wp-block-heading\"><strong>Convocatoria para la financiaci\u00f3n de proyectos sociales de desarrollo<\/strong><\/h2>\n\n\n\n<p>La convocatoria tiene por objetivos responder a las necesidades de grupos poblacionales espec\u00edficos como expresi\u00f3n de responsabilidad social universitaria; promover el desarrollo de proyectos sociales, para contribuir a la consolidaci\u00f3n de capacidades de intervenci\u00f3n y gesti\u00f3n social de profesores, estudiantes y\/o colaboradores; a la apropiaci\u00f3n social del conocimiento por parte las comunidades y al incremento de la producci\u00f3n de los grupos de investigaci\u00f3n.<\/p>\n\n\n\n<div style=\"height:10px\" aria-hidden=\"true\" class=\"wp-block-spacer\"><\/div>\n\n\n\n<div class=\"wp-block-buttons is-layout-flex wp-block-buttons-is-layout-flex\">\n<div class=\"wp-block-button\"><a class=\"boton_generico wp-block-button__link\" href=\"https:\/\/www.ucm.edu.co\/wp-content\/uploads\/2022\/03\/Terminos_de_referencia_Convocatoria_Financiacion_PSD_2023.pdf\" target=\"_blank\" rel=\"noreferrer noopener\">T\u00e9rminos de referencia <\/a><\/div>\n<\/div>\n<\/div><\/div>\n\n\n\n<div style=\"height:15px\" aria-hidden=\"true\" class=\"wp-block-spacer\"><\/div>\n\n\n\n<div class=\"wp-block-media-text alignwide is-stacked-on-mobile\"><figure class=\"wp-block-media-text__media\"><img loading=\"lazy\" decoding=\"async\" width=\"450\" height=\"300\" src=\"https:\/\/www.ucm.edu.co\/wp-content\/uploads\/2021\/03\/premio-marie-poussepin.png\" alt=\"\" class=\"wp-image-185208 size-full\"\/><\/figure><div class=\"wp-block-media-text__content\">\n<h2 class=\"wp-block-heading\"><strong>Convocatoria Premio Marie&nbsp;Poussepin&nbsp;<\/strong><\/h2>\n\n\n\n<p>La Convocatoria, se celebra en el mes de octubre, en el marco del natalicio de Marie Poussepin, para reconocer y exaltar a profesor\/colaborador y graduado que haya ejecutado y culminado un ejercicio de proyecci\u00f3n social que responda a los postulados y legado pedag\u00f3gico de Marie Poussepin, ap\u00f3stol Social de la Iglesia y que cumpla con los criterios de responsabilidad, impacto, pertinencia, calidad y sostenibilidad.<\/p>\n\n\n\n<div style=\"height:13px\" aria-hidden=\"true\" class=\"wp-block-spacer\"><\/div>\n\n\n\n<div class=\"wp-block-buttons is-layout-flex wp-block-buttons-is-layout-flex\">\n<div class=\"wp-block-button\"><a class=\"boton_generico wp-block-button__link wp-element-button\" href=\"https:\/\/www.ucm.edu.co\/en\/convocatoria-premio-marie-poussepin\/\">T\u00e9rminos de referencia<\/a><\/div>\n<\/div>\n<\/div><\/div>\n\n\n\n<div style=\"height:15px\" aria-hidden=\"true\" class=\"wp-block-spacer\"><\/div>\n\n\n\n<div class=\"wp-block-media-text alignwide is-stacked-on-mobile\"><figure class=\"wp-block-media-text__media\"><img loading=\"lazy\" decoding=\"async\" width=\"800\" height=\"547\" src=\"https:\/\/www.ucm.edu.co\/wp-content\/uploads\/2021\/04\/premio_santo_domingo_guzman.jpg\" alt=\"\" class=\"wp-image-190077 size-full\"\/><\/figure><div class=\"wp-block-media-text__content\">\n<h2 class=\"wp-block-heading\"><strong><strong>Premio Santo Domingo de Guzm\u00e1n<\/strong><\/strong><\/h2>\n\n\n\n<p>Tiene por objetivo reconocer y exaltar estudiantes y\/o reci\u00e9n graduados con pr\u00e1cticas acad\u00e9micas generadoras de valor social.<\/p>\n\n\n\n<div style=\"height:22px\" aria-hidden=\"true\" class=\"wp-block-spacer\"><\/div>\n\n\n\n<div class=\"wp-block-buttons is-layout-flex wp-block-buttons-is-layout-flex\">\n<div class=\"wp-block-button\"><a class=\"boton_generico wp-block-button__link\" href=\"https:\/\/www.ucm.edu.co\/wp-content\/uploads\/2022\/05\/TR-Convocatoria-Premio-Santo-Domingo-de-Guzman-2022.pdf\" target=\"_blank\" rel=\"noreferrer noopener\">T\u00e9rminos de referencia<\/a><\/div>\n<\/div>\n<\/div><\/div>","protected":false},"excerpt":{"rendered":"<p>Para fortalecer el compromiso y la responsabilidad social, la universidad promueve est\u00edmulos y reconocimientos a las expresiones y vivencias del perfil social UCM.<\/p>","protected":false},"author":8,"featured_media":0,"parent":185122,"menu_order":361,"comment_status":"closed","ping_status":"closed","template":"","meta":{"_et_pb_use_builder":"off","_et_pb_old_content":"","_et_gb_content_width":"","content-type":"","_monsterinsights_skip_tracking":false,"_monsterinsights_sitenote_active":false,"_monsterinsights_sitenote_note":"","_monsterinsights_sitenote_category":0,"footnotes":""},"class_list":["post-185196","page","type-page","status-publish","hentry"],"yoast_head":"<!-- This site is optimized with the Yoast SEO plugin v27.5 - https:\/\/yoast.com\/product\/yoast-seo-wordpress\/ -->\n<title>Est\u00edmulos - UCM - Universidad Cat\u00f3lica de Manizales<\/title>\n<meta name=\"robots\" content=\"index, follow, max-snippet:-1, max-image-preview:large, max-video-preview:-1\" \/>\n<link rel=\"canonical\" href=\"https:\/\/www.ucm.edu.co\/en\/extension-y-proyeccion-social\/estimulos\/\" \/>\n<meta property=\"og:locale\" content=\"en_US\" \/>\n<meta property=\"og:type\" content=\"article\" \/>\n<meta property=\"og:title\" content=\"Est\u00edmulos - UCM - Universidad Cat\u00f3lica de Manizales\" \/>\n<meta property=\"og:description\" content=\"Para fortalecer el compromiso y la responsabilidad social, la universidad promueve est\u00edmulos y reconocimientos a las expresiones y vivencias del perfil social UCM.\" \/>\n<meta property=\"og:url\" content=\"https:\/\/www.ucm.edu.co\/en\/extension-y-proyeccion-social\/estimulos\/\" \/>\n<meta property=\"og:site_name\" content=\"UCM - Universidad Cat\u00f3lica de Manizales\" \/>\n<meta property=\"article:publisher\" content=\"https:\/\/www.facebook.com\/ucatolicamanizales\" \/>\n<meta property=\"article:modified_time\" content=\"2024-04-25T12:57:06+00:00\" \/>\n<meta property=\"og:image\" content=\"https:\/\/www.ucm.edu.co\/wp-content\/uploads\/2023\/04\/convocatoria-Premio-Hna-Maria-Aracely-Gutierrez-Escobar.jpg\" \/>\n<meta name=\"twitter:card\" content=\"summary_large_image\" \/>\n<meta name=\"twitter:site\" content=\"@ucm_manizales\" \/>\n<meta name=\"twitter:label1\" content=\"Est. reading time\" \/>\n\t<meta name=\"twitter:data1\" content=\"2 minutes\" \/>\n<script type=\"application\/ld+json\" class=\"yoast-schema-graph\">{\"@context\":\"https:\\\/\\\/schema.org\",\"@graph\":[{\"@type\":\"WebPage\",\"@id\":\"https:\\\/\\\/www.ucm.edu.co\\\/extension-y-proyeccion-social\\\/estimulos\\\/\",\"url\":\"https:\\\/\\\/www.ucm.edu.co\\\/extension-y-proyeccion-social\\\/estimulos\\\/\",\"name\":\"Est\u00edmulos - UCM - Universidad Cat\u00f3lica de Manizales\",\"isPartOf\":{\"@id\":\"https:\\\/\\\/www.ucm.edu.co\\\/#website\"},\"primaryImageOfPage\":{\"@id\":\"https:\\\/\\\/www.ucm.edu.co\\\/extension-y-proyeccion-social\\\/estimulos\\\/#primaryimage\"},\"image\":{\"@id\":\"https:\\\/\\\/www.ucm.edu.co\\\/extension-y-proyeccion-social\\\/estimulos\\\/#primaryimage\"},\"thumbnailUrl\":\"https:\\\/\\\/www.ucm.edu.co\\\/wp-content\\\/uploads\\\/2023\\\/04\\\/convocatoria-Premio-Hna-Maria-Aracely-Gutierrez-Escobar.jpg\",\"datePublished\":\"2021-03-11T11:53:43+00:00\",\"dateModified\":\"2024-04-25T12:57:06+00:00\",\"breadcrumb\":{\"@id\":\"https:\\\/\\\/www.ucm.edu.co\\\/extension-y-proyeccion-social\\\/estimulos\\\/#breadcrumb\"},\"inLanguage\":\"en-US\",\"potentialAction\":[{\"@type\":\"ReadAction\",\"target\":[\"https:\\\/\\\/www.ucm.edu.co\\\/extension-y-proyeccion-social\\\/estimulos\\\/\"]}]},{\"@type\":\"ImageObject\",\"inLanguage\":\"en-US\",\"@id\":\"https:\\\/\\\/www.ucm.edu.co\\\/extension-y-proyeccion-social\\\/estimulos\\\/#primaryimage\",\"url\":\"https:\\\/\\\/www.ucm.edu.co\\\/wp-content\\\/uploads\\\/2023\\\/04\\\/convocatoria-Premio-Hna-Maria-Aracely-Gutierrez-Escobar.jpg\",\"contentUrl\":\"https:\\\/\\\/www.ucm.edu.co\\\/wp-content\\\/uploads\\\/2023\\\/04\\\/convocatoria-Premio-Hna-Maria-Aracely-Gutierrez-Escobar.jpg\"},{\"@type\":\"BreadcrumbList\",\"@id\":\"https:\\\/\\\/www.ucm.edu.co\\\/extension-y-proyeccion-social\\\/estimulos\\\/#breadcrumb\",\"itemListElement\":[{\"@type\":\"ListItem\",\"position\":1,\"name\":\"Portada\",\"item\":\"https:\\\/\\\/www.ucm.edu.co\\\/\"},{\"@type\":\"ListItem\",\"position\":2,\"name\":\"Extensi\u00f3n y Proyecci\u00f3n Social\",\"item\":\"https:\\\/\\\/www.ucm.edu.co\\\/extension-y-proyeccion-social\\\/\"},{\"@type\":\"ListItem\",\"position\":3,\"name\":\"Est\u00edmulos\"}]},{\"@type\":\"WebSite\",\"@id\":\"https:\\\/\\\/www.ucm.edu.co\\\/#website\",\"url\":\"https:\\\/\\\/www.ucm.edu.co\\\/\",\"name\":\"UCM - Universidad Cat\u00f3lica de Manizales\",\"description\":\"Ven a ser quien quieres ser\",\"publisher\":{\"@id\":\"https:\\\/\\\/www.ucm.edu.co\\\/#organization\"},\"alternateName\":\"UCM\",\"potentialAction\":[{\"@type\":\"SearchAction\",\"target\":{\"@type\":\"EntryPoint\",\"urlTemplate\":\"https:\\\/\\\/www.ucm.edu.co\\\/?s={search_term_string}\"},\"query-input\":{\"@type\":\"PropertyValueSpecification\",\"valueRequired\":true,\"valueName\":\"search_term_string\"}}],\"inLanguage\":\"en-US\"},{\"@type\":\"Organization\",\"@id\":\"https:\\\/\\\/www.ucm.edu.co\\\/#organization\",\"name\":\"Universidad Cat\u00f3lica de Manizales\",\"alternateName\":\"UCM\",\"url\":\"https:\\\/\\\/www.ucm.edu.co\\\/\",\"logo\":{\"@type\":\"ImageObject\",\"inLanguage\":\"en-US\",\"@id\":\"https:\\\/\\\/www.ucm.edu.co\\\/#\\\/schema\\\/logo\\\/image\\\/\",\"url\":\"https:\\\/\\\/www.ucm.edu.co\\\/wp-content\\\/uploads\\\/2021\\\/03\\\/favicon_ucm.png\",\"contentUrl\":\"https:\\\/\\\/www.ucm.edu.co\\\/wp-content\\\/uploads\\\/2021\\\/03\\\/favicon_ucm.png\",\"width\":512,\"height\":512,\"caption\":\"Universidad Cat\u00f3lica de Manizales\"},\"image\":{\"@id\":\"https:\\\/\\\/www.ucm.edu.co\\\/#\\\/schema\\\/logo\\\/image\\\/\"},\"sameAs\":[\"https:\\\/\\\/www.facebook.com\\\/ucatolicamanizales\",\"https:\\\/\\\/x.com\\\/ucm_manizales\",\"https:\\\/\\\/www.instagram.com\\\/ucatolicamanizales\\\/\",\"https:\\\/\\\/co.linkedin.com\\\/school\\\/ucatolicamanizales\\\/\",\"https:\\\/\\\/www.youtube.com\\\/user\\\/UCMtelevision\"]}]}<\/script>\n<!-- \/ Yoast SEO plugin. -->","yoast_head_json":{"title":"Est\u00edmulos - UCM - Universidad Cat\u00f3lica de Manizales","robots":{"index":"index","follow":"follow","max-snippet":"max-snippet:-1","max-image-preview":"max-image-preview:large","max-video-preview":"max-video-preview:-1"},"canonical":"https:\/\/www.ucm.edu.co\/en\/extension-y-proyeccion-social\/estimulos\/","og_locale":"en_US","og_type":"article","og_title":"Est\u00edmulos - UCM - Universidad Cat\u00f3lica de Manizales","og_description":"Para fortalecer el compromiso y la responsabilidad social, la universidad promueve est\u00edmulos y reconocimientos a las expresiones y vivencias del perfil social UCM.","og_url":"https:\/\/www.ucm.edu.co\/en\/extension-y-proyeccion-social\/estimulos\/","og_site_name":"UCM - Universidad Cat\u00f3lica de Manizales","article_publisher":"https:\/\/www.facebook.com\/ucatolicamanizales","article_modified_time":"2024-04-25T12:57:06+00:00","og_image":[{"url":"https:\/\/www.ucm.edu.co\/wp-content\/uploads\/2023\/04\/convocatoria-Premio-Hna-Maria-Aracely-Gutierrez-Escobar.jpg","type":"","width":"","height":""}],"twitter_card":"summary_large_image","twitter_site":"@ucm_manizales","twitter_misc":{"Est. reading time":"2 minutes"},"schema":{"@context":"https:\/\/schema.org","@graph":[{"@type":"WebPage","@id":"https:\/\/www.ucm.edu.co\/extension-y-proyeccion-social\/estimulos\/","url":"https:\/\/www.ucm.edu.co\/extension-y-proyeccion-social\/estimulos\/","name":"Est\u00edmulos - UCM - Universidad Cat\u00f3lica de Manizales","isPartOf":{"@id":"https:\/\/www.ucm.edu.co\/#website"},"primaryImageOfPage":{"@id":"https:\/\/www.ucm.edu.co\/extension-y-proyeccion-social\/estimulos\/#primaryimage"},"image":{"@id":"https:\/\/www.ucm.edu.co\/extension-y-proyeccion-social\/estimulos\/#primaryimage"},"thumbnailUrl":"https:\/\/www.ucm.edu.co\/wp-content\/uploads\/2023\/04\/convocatoria-Premio-Hna-Maria-Aracely-Gutierrez-Escobar.jpg","datePublished":"2021-03-11T11:53:43+00:00","dateModified":"2024-04-25T12:57:06+00:00","breadcrumb":{"@id":"https:\/\/www.ucm.edu.co\/extension-y-proyeccion-social\/estimulos\/#breadcrumb"},"inLanguage":"en-US","potentialAction":[{"@type":"ReadAction","target":["https:\/\/www.ucm.edu.co\/extension-y-proyeccion-social\/estimulos\/"]}]},{"@type":"ImageObject","inLanguage":"en-US","@id":"https:\/\/www.ucm.edu.co\/extension-y-proyeccion-social\/estimulos\/#primaryimage","url":"https:\/\/www.ucm.edu.co\/wp-content\/uploads\/2023\/04\/convocatoria-Premio-Hna-Maria-Aracely-Gutierrez-Escobar.jpg","contentUrl":"https:\/\/www.ucm.edu.co\/wp-content\/uploads\/2023\/04\/convocatoria-Premio-Hna-Maria-Aracely-Gutierrez-Escobar.jpg"},{"@type":"BreadcrumbList","@id":"https:\/\/www.ucm.edu.co\/extension-y-proyeccion-social\/estimulos\/#breadcrumb","itemListElement":[{"@type":"ListItem","position":1,"name":"Portada","item":"https:\/\/www.ucm.edu.co\/"},{"@type":"ListItem","position":2,"name":"Extensi\u00f3n y Proyecci\u00f3n Social","item":"https:\/\/www.ucm.edu.co\/extension-y-proyeccion-social\/"},{"@type":"ListItem","position":3,"name":"Est\u00edmulos"}]},{"@type":"WebSite","@id":"https:\/\/www.ucm.edu.co\/#website","url":"https:\/\/www.ucm.edu.co\/","name":"UCM - Universidad Cat\u00f3lica de Manizales","description":"Ven a ser quien quieres ser","publisher":{"@id":"https:\/\/www.ucm.edu.co\/#organization"},"alternateName":"UCM","potentialAction":[{"@type":"SearchAction","target":{"@type":"EntryPoint","urlTemplate":"https:\/\/www.ucm.edu.co\/?s={search_term_string}"},"query-input":{"@type":"PropertyValueSpecification","valueRequired":true,"valueName":"search_term_string"}}],"inLanguage":"en-US"},{"@type":"Organization","@id":"https:\/\/www.ucm.edu.co\/#organization","name":"Universidad Cat\u00f3lica de Manizales","alternateName":"UCM","url":"https:\/\/www.ucm.edu.co\/","logo":{"@type":"ImageObject","inLanguage":"en-US","@id":"https:\/\/www.ucm.edu.co\/#\/schema\/logo\/image\/","url":"https:\/\/www.ucm.edu.co\/wp-content\/uploads\/2021\/03\/favicon_ucm.png","contentUrl":"https:\/\/www.ucm.edu.co\/wp-content\/uploads\/2021\/03\/favicon_ucm.png","width":512,"height":512,"caption":"Universidad Cat\u00f3lica de Manizales"},"image":{"@id":"https:\/\/www.ucm.edu.co\/#\/schema\/logo\/image\/"},"sameAs":["https:\/\/www.facebook.com\/ucatolicamanizales","https:\/\/x.com\/ucm_manizales","https:\/\/www.instagram.com\/ucatolicamanizales\/","https:\/\/co.linkedin.com\/school\/ucatolicamanizales\/","https:\/\/www.youtube.com\/user\/UCMtelevision"]}]}},"_links":{"self":[{"href":"https:\/\/www.ucm.edu.co\/en\/wp-json\/wp\/v2\/pages\/185196","targetHints":{"allow":["GET"]}}],"collection":[{"href":"https:\/\/www.ucm.edu.co\/en\/wp-json\/wp\/v2\/pages"}],"about":[{"href":"https:\/\/www.ucm.edu.co\/en\/wp-json\/wp\/v2\/types\/page"}],"author":[{"embeddable":true,"href":"https:\/\/www.ucm.edu.co\/en\/wp-json\/wp\/v2\/users\/8"}],"replies":[{"embeddable":true,"href":"https:\/\/www.ucm.edu.co\/en\/wp-json\/wp\/v2\/comments?post=185196"}],"version-history":[{"count":30,"href":"https:\/\/www.ucm.edu.co\/en\/wp-json\/wp\/v2\/pages\/185196\/revisions"}],"predecessor-version":[{"id":214841,"href":"https:\/\/www.ucm.edu.co\/en\/wp-json\/wp\/v2\/pages\/185196\/revisions\/214841"}],"up":[{"embeddable":true,"href":"https:\/\/www.ucm.edu.co\/en\/wp-json\/wp\/v2\/pages\/185122"}],"wp:attachment":[{"href":"https:\/\/www.ucm.edu.co\/en\/wp-json\/wp\/v2\/media?parent=185196"}],"curies":[{"name":"wp","href":"https:\/\/api.w.org\/{rel}","templated":true}]}}