{"id":185000,"date":"2021-03-04T10:42:30","date_gmt":"2021-03-04T15:42:30","guid":{"rendered":"https:\/\/www.ucm.edu.co\/?page_id=185000"},"modified":"2026-02-17T08:25:03","modified_gmt":"2026-02-17T13:25:03","slug":"ucm-espiritual","status":"publish","type":"page","link":"https:\/\/www.ucm.edu.co\/en\/bienestar\/ucm-espiritual\/","title":{"rendered":"Spiritual UCM"},"content":{"rendered":"<div class=\"wp-block-columns is-layout-flex wp-container-core-columns-is-layout-9d6595d7 wp-block-columns-is-layout-flex\">\n<div class=\"wp-block-column is-layout-flow wp-block-column-is-layout-flow\" style=\"flex-basis:60%\">\n<figure class=\"wp-block-embed is-type-video is-provider-youtube wp-block-embed-youtube wp-embed-aspect-16-9 wp-has-aspect-ratio\"><div class=\"wp-block-embed__wrapper\">\n<iframe loading=\"lazy\" title=\"Spiritual UCM\" width=\"1080\" height=\"608\" src=\"https:\/\/www.youtube.com\/embed\/wOfX99MPldg?feature=oembed\"  allow=\"accelerometer; autoplay; clipboard-write; encrypted-media; gyroscope; picture-in-picture; web-share\" referrerpolicy=\"strict-origin-when-cross-origin\" allowfullscreen><\/iframe>\n<\/div><\/figure>\n<\/div>\n\n\n\n<div class=\"wp-block-column is-vertically-aligned-center is-layout-flow wp-block-column-is-layout-flow\" style=\"flex-basis:40%\">\n<p><strong>Spiritual UCM<\/strong>\u00a0es el coraz\u00f3n de la vida universitaria donde se fortalece la fe, se cultiva la oraci\u00f3n y se viven los valores del Evangelio. Busca acompa\u00f1ar a cada integrante de la comunidad en su crecimiento personal y espiritual, ofreciendo espacios de encuentro con Dios, formaci\u00f3n, celebraciones lit\u00fargicas y acompa\u00f1amiento cercano.<\/p>\n<\/div>\n<\/div>\n\n\n\n<h2 class=\"wp-block-heading\">Campus Ministry<\/h2>\n\n\n\n<p>La\u00a0Pastoral Universitaria de la UCM<strong>\u00a0<\/strong>es un espacio de encuentro que integra la fe con la vida cotidiana y el camino acad\u00e9mico. Busca acompa\u00f1ar a cada persona en su proyecto de vida, inspirada en los valores del Evangelio y el carisma congregacional.<\/p>\n\n\n\n<p><strong>Services<\/strong><\/p>\n\n\n\n<ul class=\"wp-block-list listado_generico\">\n<li>Personalized attention to students and collaborators.\u00a0Come to the pastoral office, Monday through Friday from 7:30 a.m. to 6:30 p.m.<\/li>\n\n\n\n<li>Activities for members of the UCM community. To request a coexistence, write to the following e-mail: vicebienestar@ucm.edu.co<\/li>\n\n\n\n<li>Preparation for Eucharistic celebrations according to liturgical seasons and special dates<\/li>\n\n\n\n<li>Preparation for liturgical celebrations (recitation of the Holy Rosary and Christmas Novenas)<\/li>\n\n\n\n<li>Actividades de pastoral social en favor de las personas y comunidades m\u00e1s necesitadas.&nbsp;Si quieres vincularte en las actividades de Pastoral Social, comun\u00edcate a la extensi\u00f3n 2304 o ac\u00e9rcate a la oficina de Pastoral Universitaria.<\/li>\n\n\n\n<li>Misi\u00f3n al Pat\u00eda \u2013Cauca (Semana santa)\u00a0\u00bfQuieres ser misionero? \u00a1Pregunta en la oficina de la vicerrector\u00eda de Bienestar y pastoral Universitaria, como lo puedes ser! An\u00edmate y comparte tu alegr\u00eda con la comunidad del Pat\u00eda.<\/li>\n\n\n\n<li>Grupo de Pastoral\u00a0\u00bfQuieres pertenecer al Grupo de Pastoral UCM? Reuniones los viernes a las 11:00 a.m.<\/li>\n<\/ul>\n\n\n\n<h2 class=\"wp-block-heading\">Chaplaincy<\/h2>\n\n\n\n<p>La\u00a0Unidad de Capellan\u00eda de la UCM\u00a0es un espacio para encontrarnos, crecer en la fe y compartir la espiritualidad cristiana en medio de la vida universitaria. Queremos acompa\u00f1arte en tu camino, acerc\u00e1ndote a Dios a trav\u00e9s de la oraci\u00f3n, los Sacramentos, la formaci\u00f3n y el acompa\u00f1amiento espiritual.<\/p>\n\n\n\n<p><strong>Services<\/strong><\/p>\n\n\n\n<ul class=\"wp-block-list listado_generico\">\n<li>Eucharistic Celebrations.\u00a0Daily celebration of the Eucharist in the UCM Chapel.<br>Time: 11:15 a.m.<\/li>\n\n\n\n<li>Accompaniment in the Sacramental life (Preparation and celebration of sacraments) Enroll and receive the sacrament of Confirmation.<br>More information: Ext: 2101<\/li>\n\n\n\n<li>Personalized attention to students, collaborators and people of the environment<\/li>\n\n\n\n<li>Other liturgical celebrations on special dates<\/li>\n\n\n\n<li>Spiritual retreats<\/li>\n\n\n\n<li>Accompaniment, counseling and spiritual formation meetings<\/li>\n\n\n\n<li>Pastoral visits to students and collaborators<\/li>\n<\/ul>\n\n\n\n<div class=\"wp-block-pb-accordion-item c-accordion__item js-accordion-item no-js contenido_oculto\" data-initially-open=\"false\" data-click-to-close=\"true\" data-auto-close=\"true\" data-scroll=\"false\" data-scroll-offset=\"0\"><h2 id=\"at-1850000\" class=\"c-accordion__title js-accordion-controller\" role=\"button\">Campus Ministry<\/h2><div id=\"ac-1850000\" class=\"c-accordion__content\">\n<p>It is the unit in charge of promoting pastoral action that favors human-spiritual formation and the integration of faith, culture and life. It is a center of spaces and formative experiences framed in the principles of the gospel and the congregational charism.<\/p>\n\n\n\n<h3 class=\"wp-block-heading\">Objetive<\/h3>\n\n\n\n<p>Accompany the process of human-Christian formation of the university community, for the experience of values that strengthen and contribute to the harmonious development of the person.<\/p>\n\n\n\n<h3 class=\"wp-block-heading\">Services<\/h3>\n\n\n\n<ul class=\"wp-block-list listado_generico\">\n<li>Personalized attention to students and collaborators.\u00a0Come to the pastoral office, Monday through Friday from 7:30 a.m. to 6:30 p.m.<\/li>\n\n\n\n<li>Activities for members of the UCM community. To request a coexistence, write to the following e-mail: vicebienestar@ucm.edu.co<\/li>\n\n\n\n<li>Preparation for Eucharistic celebrations according to liturgical seasons and special dates<\/li>\n\n\n\n<li>Preparation for liturgical celebrations (recitation of the Holy Rosary and Christmas Novenas)<\/li>\n\n\n\n<li>Actividades de pastoral social en favor de las personas y comunidades m\u00e1s necesitadas.&nbsp;Si quieres vincularte en las actividades de Pastoral Social, comun\u00edcate a la extensi\u00f3n 2304 o ac\u00e9rcate a la oficina de Pastoral Universitaria.<\/li>\n\n\n\n<li>Misi\u00f3n al Pat\u00eda \u2013Cauca (Semana santa)\u00a0\u00bfQuieres ser misionero? \u00a1Pregunta en la oficina de la vicerrector\u00eda de Bienestar y pastoral Universitaria, como lo puedes ser! An\u00edmate y comparte tu alegr\u00eda con la comunidad del Pat\u00eda.<\/li>\n\n\n\n<li>Grupo de Pastoral\u00a0\u00bfQuieres pertenecer al Grupo de Pastoral UCM? Reuniones los viernes a las 11:00 a.m.<\/li>\n<\/ul>\n\n\n\n<h3 class=\"wp-block-heading\">Contact us:<\/h3>\n\n\n\n<p>Pastoral Coordination, phone 8933050 Ext. 2304<\/p>\n<\/div><\/div>\n\n\n\n<div style=\"height:5px\" aria-hidden=\"true\" class=\"wp-block-spacer\"><\/div>\n\n\n\n<div class=\"wp-block-pb-accordion-item c-accordion__item js-accordion-item no-js contenido_oculto\" data-initially-open=\"false\" data-click-to-close=\"true\" data-auto-close=\"true\" data-scroll=\"false\" data-scroll-offset=\"0\"><h2 id=\"at-1850001\" class=\"c-accordion__title js-accordion-controller\" role=\"button\">Chaplaincy<\/h2><div id=\"ac-1850001\" class=\"c-accordion__content\">\n<p>In coherence with the institutional philosophy and identity, it promotes and accompanies the person in the spiritual process and the reception of the sacraments, reminding him\/her that life finds its true meaning in Jesus Christ as the source of its full realization.&nbsp;<\/p>\n\n\n\n<h3 class=\"wp-block-heading\">Objetive<\/h3>\n\n\n\n<p>To offer the university community counseling, accompaniment, human and spiritual formation, reception of the sacraments, in order to increase a conscious experience of faith, which leads each person to assume his or her Christian commitments and service to others.<\/p>\n\n\n\n<h3 class=\"wp-block-heading\">Services<\/h3>\n\n\n\n<ul class=\"wp-block-list\">\n<li>Eucharistic Celebrations.\u00a0Daily celebration of the Eucharist in the UCM Chapel.<br>Time: 11:15 a.m.<\/li>\n\n\n\n<li>Accompaniment in the Sacramental life (Preparation and celebration of sacraments) Enroll and receive the sacrament of Confirmation.<br>More information: Ext: 2101<\/li>\n\n\n\n<li>Personalized attention to students, collaborators and people of the environment<\/li>\n\n\n\n<li>Other liturgical celebrations on special dates<\/li>\n\n\n\n<li>Spiritual retreats<\/li>\n\n\n\n<li>Accompaniment, counseling and spiritual formation meetings<\/li>\n\n\n\n<li>Pastoral visits to students and collaborators<\/li>\n<\/ul>\n\n\n\n<h3 class=\"wp-block-heading\">Contact us:<\/h3>\n\n\n\n<p>Chaplaincy, phone 8933050 Ext. 2101<\/p>\n<\/div><\/div>\n\n\n\n<div style=\"height:20px\" aria-hidden=\"true\" class=\"wp-block-spacer\"><\/div>","protected":false},"excerpt":{"rendered":"<p>UCM Espiritual\u00a0es el coraz\u00f3n de la vida universitaria donde se fortalece la fe, se cultiva la oraci\u00f3n y se viven los valores del Evangelio. Busca acompa\u00f1ar a cada integrante de [&hellip;]<\/p>\n","protected":false},"author":8,"featured_media":0,"parent":184982,"menu_order":406,"comment_status":"closed","ping_status":"closed","template":"","meta":{"_et_pb_use_builder":"off","_et_pb_old_content":"","_et_gb_content_width":"","content-type":"","_monsterinsights_skip_tracking":false,"_monsterinsights_sitenote_active":false,"_monsterinsights_sitenote_note":"","_monsterinsights_sitenote_category":0,"footnotes":""},"class_list":["post-185000","page","type-page","status-publish","hentry"],"yoast_head":"<!-- This site is optimized with the Yoast SEO plugin v27.5 - https:\/\/yoast.com\/product\/yoast-seo-wordpress\/ -->\n<title>UCM Espiritual - UCM - Universidad Cat\u00f3lica de Manizales<\/title>\n<meta name=\"robots\" content=\"index, follow, max-snippet:-1, max-image-preview:large, max-video-preview:-1\" \/>\n<link rel=\"canonical\" href=\"https:\/\/www.ucm.edu.co\/en\/bienestar\/ucm-espiritual\/\" \/>\n<meta property=\"og:locale\" content=\"en_US\" \/>\n<meta property=\"og:type\" content=\"article\" \/>\n<meta property=\"og:title\" content=\"UCM Espiritual - UCM - Universidad Cat\u00f3lica de Manizales\" \/>\n<meta property=\"og:description\" content=\"UCM Espiritual\u00a0es el coraz\u00f3n de la vida universitaria donde se fortalece la fe, se cultiva la oraci\u00f3n y se viven los valores del Evangelio. Busca acompa\u00f1ar a cada integrante de [&hellip;]\" \/>\n<meta property=\"og:url\" content=\"https:\/\/www.ucm.edu.co\/en\/bienestar\/ucm-espiritual\/\" \/>\n<meta property=\"og:site_name\" content=\"UCM - Universidad Cat\u00f3lica de Manizales\" \/>\n<meta property=\"article:publisher\" content=\"https:\/\/www.facebook.com\/ucatolicamanizales\" \/>\n<meta property=\"article:modified_time\" content=\"2026-02-17T13:25:03+00:00\" \/>\n<meta name=\"twitter:card\" content=\"summary_large_image\" \/>\n<meta name=\"twitter:site\" content=\"@ucm_manizales\" \/>\n<meta name=\"twitter:label1\" content=\"Est. reading time\" \/>\n\t<meta name=\"twitter:data1\" content=\"4 minutes\" \/>\n<script type=\"application\/ld+json\" class=\"yoast-schema-graph\">{\"@context\":\"https:\\\/\\\/schema.org\",\"@graph\":[{\"@type\":\"WebPage\",\"@id\":\"https:\\\/\\\/www.ucm.edu.co\\\/bienestar\\\/ucm-espiritual\\\/\",\"url\":\"https:\\\/\\\/www.ucm.edu.co\\\/bienestar\\\/ucm-espiritual\\\/\",\"name\":\"UCM Espiritual - UCM - Universidad Cat\u00f3lica de Manizales\",\"isPartOf\":{\"@id\":\"https:\\\/\\\/www.ucm.edu.co\\\/#website\"},\"datePublished\":\"2021-03-04T15:42:30+00:00\",\"dateModified\":\"2026-02-17T13:25:03+00:00\",\"breadcrumb\":{\"@id\":\"https:\\\/\\\/www.ucm.edu.co\\\/bienestar\\\/ucm-espiritual\\\/#breadcrumb\"},\"inLanguage\":\"en-US\",\"potentialAction\":[{\"@type\":\"ReadAction\",\"target\":[\"https:\\\/\\\/www.ucm.edu.co\\\/bienestar\\\/ucm-espiritual\\\/\"]}]},{\"@type\":\"BreadcrumbList\",\"@id\":\"https:\\\/\\\/www.ucm.edu.co\\\/bienestar\\\/ucm-espiritual\\\/#breadcrumb\",\"itemListElement\":[{\"@type\":\"ListItem\",\"position\":1,\"name\":\"Portada\",\"item\":\"https:\\\/\\\/www.ucm.edu.co\\\/\"},{\"@type\":\"ListItem\",\"position\":2,\"name\":\"Bienestar\",\"item\":\"https:\\\/\\\/www.ucm.edu.co\\\/bienestar\\\/\"},{\"@type\":\"ListItem\",\"position\":3,\"name\":\"UCM Espiritual\"}]},{\"@type\":\"WebSite\",\"@id\":\"https:\\\/\\\/www.ucm.edu.co\\\/#website\",\"url\":\"https:\\\/\\\/www.ucm.edu.co\\\/\",\"name\":\"UCM - Universidad Cat\u00f3lica de Manizales\",\"description\":\"Ven a ser quien quieres ser\",\"publisher\":{\"@id\":\"https:\\\/\\\/www.ucm.edu.co\\\/#organization\"},\"alternateName\":\"UCM\",\"potentialAction\":[{\"@type\":\"SearchAction\",\"target\":{\"@type\":\"EntryPoint\",\"urlTemplate\":\"https:\\\/\\\/www.ucm.edu.co\\\/?s={search_term_string}\"},\"query-input\":{\"@type\":\"PropertyValueSpecification\",\"valueRequired\":true,\"valueName\":\"search_term_string\"}}],\"inLanguage\":\"en-US\"},{\"@type\":\"Organization\",\"@id\":\"https:\\\/\\\/www.ucm.edu.co\\\/#organization\",\"name\":\"Universidad Cat\u00f3lica de Manizales\",\"alternateName\":\"UCM\",\"url\":\"https:\\\/\\\/www.ucm.edu.co\\\/\",\"logo\":{\"@type\":\"ImageObject\",\"inLanguage\":\"en-US\",\"@id\":\"https:\\\/\\\/www.ucm.edu.co\\\/#\\\/schema\\\/logo\\\/image\\\/\",\"url\":\"https:\\\/\\\/www.ucm.edu.co\\\/wp-content\\\/uploads\\\/2021\\\/03\\\/favicon_ucm.png\",\"contentUrl\":\"https:\\\/\\\/www.ucm.edu.co\\\/wp-content\\\/uploads\\\/2021\\\/03\\\/favicon_ucm.png\",\"width\":512,\"height\":512,\"caption\":\"Universidad Cat\u00f3lica de Manizales\"},\"image\":{\"@id\":\"https:\\\/\\\/www.ucm.edu.co\\\/#\\\/schema\\\/logo\\\/image\\\/\"},\"sameAs\":[\"https:\\\/\\\/www.facebook.com\\\/ucatolicamanizales\",\"https:\\\/\\\/x.com\\\/ucm_manizales\",\"https:\\\/\\\/www.instagram.com\\\/ucatolicamanizales\\\/\",\"https:\\\/\\\/co.linkedin.com\\\/school\\\/ucatolicamanizales\\\/\",\"https:\\\/\\\/www.youtube.com\\\/user\\\/UCMtelevision\"]}]}<\/script>\n<!-- \/ Yoast SEO plugin. -->","yoast_head_json":{"title":"UCM Espiritual - UCM - Universidad Cat\u00f3lica de Manizales","robots":{"index":"index","follow":"follow","max-snippet":"max-snippet:-1","max-image-preview":"max-image-preview:large","max-video-preview":"max-video-preview:-1"},"canonical":"https:\/\/www.ucm.edu.co\/en\/bienestar\/ucm-espiritual\/","og_locale":"en_US","og_type":"article","og_title":"UCM Espiritual - UCM - Universidad Cat\u00f3lica de Manizales","og_description":"UCM Espiritual\u00a0es el coraz\u00f3n de la vida universitaria donde se fortalece la fe, se cultiva la oraci\u00f3n y se viven los valores del Evangelio. Busca acompa\u00f1ar a cada integrante de [&hellip;]","og_url":"https:\/\/www.ucm.edu.co\/en\/bienestar\/ucm-espiritual\/","og_site_name":"UCM - Universidad Cat\u00f3lica de Manizales","article_publisher":"https:\/\/www.facebook.com\/ucatolicamanizales","article_modified_time":"2026-02-17T13:25:03+00:00","twitter_card":"summary_large_image","twitter_site":"@ucm_manizales","twitter_misc":{"Est. reading time":"4 minutes"},"schema":{"@context":"https:\/\/schema.org","@graph":[{"@type":"WebPage","@id":"https:\/\/www.ucm.edu.co\/bienestar\/ucm-espiritual\/","url":"https:\/\/www.ucm.edu.co\/bienestar\/ucm-espiritual\/","name":"UCM Espiritual - UCM - Universidad Cat\u00f3lica de Manizales","isPartOf":{"@id":"https:\/\/www.ucm.edu.co\/#website"},"datePublished":"2021-03-04T15:42:30+00:00","dateModified":"2026-02-17T13:25:03+00:00","breadcrumb":{"@id":"https:\/\/www.ucm.edu.co\/bienestar\/ucm-espiritual\/#breadcrumb"},"inLanguage":"en-US","potentialAction":[{"@type":"ReadAction","target":["https:\/\/www.ucm.edu.co\/bienestar\/ucm-espiritual\/"]}]},{"@type":"BreadcrumbList","@id":"https:\/\/www.ucm.edu.co\/bienestar\/ucm-espiritual\/#breadcrumb","itemListElement":[{"@type":"ListItem","position":1,"name":"Portada","item":"https:\/\/www.ucm.edu.co\/"},{"@type":"ListItem","position":2,"name":"Bienestar","item":"https:\/\/www.ucm.edu.co\/bienestar\/"},{"@type":"ListItem","position":3,"name":"UCM Espiritual"}]},{"@type":"WebSite","@id":"https:\/\/www.ucm.edu.co\/#website","url":"https:\/\/www.ucm.edu.co\/","name":"UCM - Universidad Cat\u00f3lica de Manizales","description":"Ven a ser quien quieres ser","publisher":{"@id":"https:\/\/www.ucm.edu.co\/#organization"},"alternateName":"UCM","potentialAction":[{"@type":"SearchAction","target":{"@type":"EntryPoint","urlTemplate":"https:\/\/www.ucm.edu.co\/?s={search_term_string}"},"query-input":{"@type":"PropertyValueSpecification","valueRequired":true,"valueName":"search_term_string"}}],"inLanguage":"en-US"},{"@type":"Organization","@id":"https:\/\/www.ucm.edu.co\/#organization","name":"Universidad Cat\u00f3lica de Manizales","alternateName":"UCM","url":"https:\/\/www.ucm.edu.co\/","logo":{"@type":"ImageObject","inLanguage":"en-US","@id":"https:\/\/www.ucm.edu.co\/#\/schema\/logo\/image\/","url":"https:\/\/www.ucm.edu.co\/wp-content\/uploads\/2021\/03\/favicon_ucm.png","contentUrl":"https:\/\/www.ucm.edu.co\/wp-content\/uploads\/2021\/03\/favicon_ucm.png","width":512,"height":512,"caption":"Universidad Cat\u00f3lica de Manizales"},"image":{"@id":"https:\/\/www.ucm.edu.co\/#\/schema\/logo\/image\/"},"sameAs":["https:\/\/www.facebook.com\/ucatolicamanizales","https:\/\/x.com\/ucm_manizales","https:\/\/www.instagram.com\/ucatolicamanizales\/","https:\/\/co.linkedin.com\/school\/ucatolicamanizales\/","https:\/\/www.youtube.com\/user\/UCMtelevision"]}]}},"_links":{"self":[{"href":"https:\/\/www.ucm.edu.co\/en\/wp-json\/wp\/v2\/pages\/185000","targetHints":{"allow":["GET"]}}],"collection":[{"href":"https:\/\/www.ucm.edu.co\/en\/wp-json\/wp\/v2\/pages"}],"about":[{"href":"https:\/\/www.ucm.edu.co\/en\/wp-json\/wp\/v2\/types\/page"}],"author":[{"embeddable":true,"href":"https:\/\/www.ucm.edu.co\/en\/wp-json\/wp\/v2\/users\/8"}],"replies":[{"embeddable":true,"href":"https:\/\/www.ucm.edu.co\/en\/wp-json\/wp\/v2\/comments?post=185000"}],"version-history":[{"count":19,"href":"https:\/\/www.ucm.edu.co\/en\/wp-json\/wp\/v2\/pages\/185000\/revisions"}],"predecessor-version":[{"id":232280,"href":"https:\/\/www.ucm.edu.co\/en\/wp-json\/wp\/v2\/pages\/185000\/revisions\/232280"}],"up":[{"embeddable":true,"href":"https:\/\/www.ucm.edu.co\/en\/wp-json\/wp\/v2\/pages\/184982"}],"wp:attachment":[{"href":"https:\/\/www.ucm.edu.co\/en\/wp-json\/wp\/v2\/media?parent=185000"}],"curies":[{"name":"wp","href":"https:\/\/api.w.org\/{rel}","templated":true}]}}