{"id":184884,"date":"2021-03-04T07:28:30","date_gmt":"2021-03-04T12:28:30","guid":{"rendered":"https:\/\/www.ucm.edu.co\/?page_id=184884"},"modified":"2022-07-19T11:51:20","modified_gmt":"2022-07-19T16:51:20","slug":"semilleros-de-investigacion","status":"publish","type":"page","link":"https:\/\/www.ucm.edu.co\/en\/semilleros-de-investigacion\/","title":{"rendered":"Research Seminars"},"content":{"rendered":"<p>The Catholic University of Manizales is committed to the integral formation of its students through quality and innovation processes that contribute to social and cultural transformation. For this reason, one of its educational development strategies are the research seedbeds, academic spaces that seek the dissemination and circulation of knowledge among UCM students and that allow them to generate a culture of research along with their training cycle in the areas of health, environmental, business, administration, architecture, undergraduate, among others. Below, you will find the active seedbeds at UCM.<\/p>\n\n\n\n<div style=\"height:20px\" aria-hidden=\"true\" class=\"wp-block-spacer\"><\/div>\n\n\n<div class=\"contenedor_elementos_apilables isotope\">\n\t<div class=\"elemento_apilable texto_azul_cuatro fondo_gris_uno enlace\" data-enlace=\"https:\/\/www.ucm.edu.co\/en\/semillero_inv\/semillero-ecos-ii\/\">\n\t\t<div class=\"overlap_elemento_apilable\">\n\t\t<\/div>\n\t\t<div class=\"textos_elemento_apilable\">\n\t\t\t<h3><a  href=\"https:\/\/www.ucm.edu.co\/en\/semillero_inv\/semillero-ecos-ii\/\">Semillero ECOS II<\/a><\/h3>\n\t\t<\/div>\n\t\t<span class=\"texto_azul_uno texto_grande texto_bold\">+<\/span>\n\t<\/div>\n\t<div class=\"elemento_apilable texto_azul_cuatro fondo_gris_uno enlace\" data-enlace=\"https:\/\/www.ucm.edu.co\/en\/semillero_inv\/semillero-ciudad-y-territorio\/\">\n\t\t<div class=\"overlap_elemento_apilable\">\n\t\t<\/div>\n\t\t<div class=\"textos_elemento_apilable\">\n\t\t\t<h3><a  href=\"https:\/\/www.ucm.edu.co\/en\/semillero_inv\/semillero-ciudad-y-territorio\/\">Semillero Ciudad y Territorio<\/a><\/h3>\n\t\t<\/div>\n\t\t<span class=\"texto_azul_uno texto_grande texto_bold\">+<\/span>\n\t<\/div>\n\t<div class=\"elemento_apilable texto_azul_cuatro fondo_gris_uno enlace\" data-enlace=\"https:\/\/www.ucm.edu.co\/en\/semillero_inv\/semillero-geeco\/\">\n\t\t<div class=\"overlap_elemento_apilable\">\n\t\t<\/div>\n\t\t<div class=\"textos_elemento_apilable\">\n\t\t\t<h3><a  href=\"https:\/\/www.ucm.edu.co\/en\/semillero_inv\/semillero-geeco\/\">Semillero GEECO<\/a><\/h3>\n\t\t<\/div>\n\t\t<span class=\"texto_azul_uno texto_grande texto_bold\">+<\/span>\n\t<\/div>\n\t<div class=\"elemento_apilable texto_azul_cuatro fondo_gris_uno enlace\" data-enlace=\"https:\/\/www.ucm.edu.co\/en\/semillero_inv\/semillero-tecnologias-avanzadas-de-saneamiento-ambiental-tasa\/\">\n\t\t<div class=\"overlap_elemento_apilable\">\n\t\t<\/div>\n\t\t<div class=\"textos_elemento_apilable\">\n\t\t\t<h3><a  href=\"https:\/\/www.ucm.edu.co\/en\/semillero_inv\/semillero-tecnologias-avanzadas-de-saneamiento-ambiental-tasa\/\">Semillero Tecnolog\u00edas Avanzadas de Saneamiento Ambiental (TASA)<\/a><\/h3>\n\t\t<\/div>\n\t\t<span class=\"texto_azul_uno texto_grande texto_bold\">+<\/span>\n\t<\/div>\n\t<div class=\"elemento_apilable texto_azul_cuatro fondo_gris_uno enlace\" data-enlace=\"https:\/\/www.ucm.edu.co\/en\/semillero_inv\/semillero-de-produccion-y-consumo-sostenible\/\">\n\t\t<div class=\"overlap_elemento_apilable\">\n\t\t<\/div>\n\t\t<div class=\"textos_elemento_apilable\">\n\t\t\t<h3><a  href=\"https:\/\/www.ucm.edu.co\/en\/semillero_inv\/semillero-de-produccion-y-consumo-sostenible\/\">Semillero de Producci\u00f3n y Consumo Sostenible<\/a><\/h3>\n\t\t<\/div>\n\t\t<span class=\"texto_azul_uno texto_grande texto_bold\">+<\/span>\n\t<\/div>\n\t<div class=\"elemento_apilable texto_azul_cuatro fondo_gris_uno enlace\" data-enlace=\"https:\/\/www.ucm.edu.co\/en\/semillero_inv\/semillero-en-gestion-integral-del-patrimonio-hidrico-giph\/\">\n\t\t<div class=\"overlap_elemento_apilable\">\n\t\t<\/div>\n\t\t<div class=\"textos_elemento_apilable\">\n\t\t\t<h3><a  href=\"https:\/\/www.ucm.edu.co\/en\/semillero_inv\/semillero-en-gestion-integral-del-patrimonio-hidrico-giph\/\">Semillero en Gesti\u00f3n Integral del Patrimonio H\u00eddrico (GIPH)<\/a><\/h3>\n\t\t<\/div>\n\t\t<span class=\"texto_azul_uno texto_grande texto_bold\">+<\/span>\n\t<\/div>\n\t<div class=\"elemento_apilable texto_azul_cuatro fondo_gris_uno enlace\" data-enlace=\"https:\/\/www.ucm.edu.co\/en\/semillero_inv\/semillero-ecosistemas-estrategicos\/\">\n\t\t<div class=\"overlap_elemento_apilable\">\n\t\t<\/div>\n\t\t<div class=\"textos_elemento_apilable\">\n\t\t\t<h3><a  href=\"https:\/\/www.ucm.edu.co\/en\/semillero_inv\/semillero-ecosistemas-estrategicos\/\">Semillero Ecosistemas Estrat\u00e9gicos<\/a><\/h3>\n\t\t<\/div>\n\t\t<span class=\"texto_azul_uno texto_grande texto_bold\">+<\/span>\n\t<\/div>\n\t<div class=\"elemento_apilable texto_azul_cuatro fondo_gris_uno enlace\" data-enlace=\"https:\/\/www.ucm.edu.co\/en\/semillero_inv\/semillero-en-tecnologias-de-la-geoinformacion\/\">\n\t\t<div class=\"overlap_elemento_apilable\">\n\t\t<\/div>\n\t\t<div class=\"textos_elemento_apilable\">\n\t\t\t<h3><a  href=\"https:\/\/www.ucm.edu.co\/en\/semillero_inv\/semillero-en-tecnologias-de-la-geoinformacion\/\">Semillero en Tecnolog\u00edas de la Geoinformaci\u00f3n<\/a><\/h3>\n\t\t<\/div>\n\t\t<span class=\"texto_azul_uno texto_grande texto_bold\">+<\/span>\n\t<\/div>\n\t<div class=\"elemento_apilable texto_azul_cuatro fondo_gris_uno enlace\" data-enlace=\"https:\/\/www.ucm.edu.co\/en\/semillero_inv\/semillero-elite\/\">\n\t\t<div class=\"overlap_elemento_apilable\">\n\t\t<\/div>\n\t\t<div class=\"textos_elemento_apilable\">\n\t\t\t<h3><a  href=\"https:\/\/www.ucm.edu.co\/en\/semillero_inv\/semillero-elite\/\">Semillero Elite<\/a><\/h3>\n\t\t<\/div>\n\t\t<span class=\"texto_azul_uno texto_grande texto_bold\">+<\/span>\n\t<\/div>\n\t<div class=\"elemento_apilable texto_azul_cuatro fondo_gris_uno enlace\" data-enlace=\"https:\/\/www.ucm.edu.co\/en\/semillero_inv\/semilleros-en-turismo-accesible-e-inclusivo-social-sita\/\">\n\t\t<div class=\"overlap_elemento_apilable\">\n\t\t<\/div>\n\t\t<div class=\"textos_elemento_apilable\">\n\t\t\t<h3><a  href=\"https:\/\/www.ucm.edu.co\/en\/semillero_inv\/semilleros-en-turismo-accesible-e-inclusivo-social-sita\/\">Semilleros en turismo accesible e inclusivo social (SITA)<\/a><\/h3>\n\t\t<\/div>\n\t\t<span class=\"texto_azul_uno texto_grande texto_bold\">+<\/span>\n\t<\/div>\n\t<div class=\"elemento_apilable texto_azul_cuatro fondo_gris_uno enlace\" data-enlace=\"https:\/\/www.ucm.edu.co\/en\/semillero_inv\/semillero-sorgen\/\">\n\t\t<div class=\"overlap_elemento_apilable\">\n\t\t<\/div>\n\t\t<div class=\"textos_elemento_apilable\">\n\t\t\t<h3><a  href=\"https:\/\/www.ucm.edu.co\/en\/semillero_inv\/semillero-sorgen\/\">Semillero SORGEN<\/a><\/h3>\n\t\t<\/div>\n\t\t<span class=\"texto_azul_uno texto_grande texto_bold\">+<\/span>\n\t<\/div>\n\t<div class=\"elemento_apilable texto_azul_cuatro fondo_gris_uno enlace\" data-enlace=\"https:\/\/www.ucm.edu.co\/en\/semillero_inv\/semillero-akunyajaa\/\">\n\t\t<div class=\"overlap_elemento_apilable\">\n\t\t<\/div>\n\t\t<div class=\"textos_elemento_apilable\">\n\t\t\t<h3><a  href=\"https:\/\/www.ucm.edu.co\/en\/semillero_inv\/semillero-akunyajaa\/\">Semillero Akunyajaa<\/a><\/h3>\n\t\t<\/div>\n\t\t<span class=\"texto_azul_uno texto_grande texto_bold\">+<\/span>\n\t<\/div>\n\t<div class=\"elemento_apilable texto_azul_cuatro fondo_gris_uno enlace\" data-enlace=\"https:\/\/www.ucm.edu.co\/en\/semillero_inv\/semillero-proyeccion-en-investigacion-social-aplicada-atulaa\/\">\n\t\t<div class=\"overlap_elemento_apilable\">\n\t\t<\/div>\n\t\t<div class=\"textos_elemento_apilable\">\n\t\t\t<h3><a  href=\"https:\/\/www.ucm.edu.co\/en\/semillero_inv\/semillero-proyeccion-en-investigacion-social-aplicada-atulaa\/\">Semillero Proyecci\u00f3n en investigaci\u00f3n social aplicada (ATULAA)<\/a><\/h3>\n\t\t<\/div>\n\t\t<span class=\"texto_azul_uno texto_grande texto_bold\">+<\/span>\n\t<\/div>\n\t<div class=\"elemento_apilable texto_azul_cuatro fondo_gris_uno enlace\" data-enlace=\"https:\/\/www.ucm.edu.co\/en\/semillero_inv\/semillero-en-micologia-clinica\/\">\n\t\t<div class=\"overlap_elemento_apilable\">\n\t\t<\/div>\n\t\t<div class=\"textos_elemento_apilable\">\n\t\t\t<h3><a  href=\"https:\/\/www.ucm.edu.co\/en\/semillero_inv\/semillero-en-micologia-clinica\/\">Semillero en Micolog\u00eda Cl\u00ednica<\/a><\/h3>\n\t\t<\/div>\n\t\t<span class=\"texto_azul_uno texto_grande texto_bold\">+<\/span>\n\t<\/div>\n\t<div class=\"elemento_apilable texto_azul_cuatro fondo_gris_uno enlace\" data-enlace=\"https:\/\/www.ucm.edu.co\/en\/semillero_inv\/semillero-de-enfermedades-infecciosas-sedein\/\">\n\t\t<div class=\"overlap_elemento_apilable\">\n\t\t<\/div>\n\t\t<div class=\"textos_elemento_apilable\">\n\t\t\t<h3><a  href=\"https:\/\/www.ucm.edu.co\/en\/semillero_inv\/semillero-de-enfermedades-infecciosas-sedein\/\">Semillero de Enfermedades Infecciosas (SEDEIN)<\/a><\/h3>\n\t\t<\/div>\n\t\t<span class=\"texto_azul_uno texto_grande texto_bold\">+<\/span>\n\t<\/div>\n\t<div class=\"elemento_apilable texto_azul_cuatro fondo_gris_uno enlace\" data-enlace=\"https:\/\/www.ucm.edu.co\/en\/semillero_inv\/semillero-telarana-del-conocimiento\/\">\n\t\t<div class=\"overlap_elemento_apilable\">\n\t\t<\/div>\n\t\t<div class=\"textos_elemento_apilable\">\n\t\t\t<h3><a  href=\"https:\/\/www.ucm.edu.co\/en\/semillero_inv\/semillero-telarana-del-conocimiento\/\">Semillero Telara\u00f1a del conocimiento<\/a><\/h3>\n\t\t<\/div>\n\t\t<span class=\"texto_azul_uno texto_grande texto_bold\">+<\/span>\n\t<\/div>\n\t<div class=\"elemento_apilable texto_azul_cuatro fondo_gris_uno enlace\" data-enlace=\"https:\/\/www.ucm.edu.co\/en\/semillero_inv\/semillero-alejandria\/\">\n\t\t<div class=\"overlap_elemento_apilable\">\n\t\t<\/div>\n\t\t<div class=\"textos_elemento_apilable\">\n\t\t\t<h3><a  href=\"https:\/\/www.ucm.edu.co\/en\/semillero_inv\/semillero-alejandria\/\">Semillero Alejandr\u00eda<\/a><\/h3>\n\t\t<\/div>\n\t\t<span class=\"texto_azul_uno texto_grande texto_bold\">+<\/span>\n\t<\/div>\n\t<div class=\"elemento_apilable texto_azul_cuatro fondo_gris_uno enlace\" data-enlace=\"https:\/\/www.ucm.edu.co\/en\/semillero_inv\/semillero-de-simulacion-clinica-simulab\/\">\n\t\t<div class=\"overlap_elemento_apilable\">\n\t\t<\/div>\n\t\t<div class=\"textos_elemento_apilable\">\n\t\t\t<h3><a  href=\"https:\/\/www.ucm.edu.co\/en\/semillero_inv\/semillero-de-simulacion-clinica-simulab\/\">Semillero de Simulaci\u00f3n Cl\u00ednica (SIMULAB)<\/a><\/h3>\n\t\t<\/div>\n\t\t<span class=\"texto_azul_uno texto_grande texto_bold\">+<\/span>\n\t<\/div>\n\t<div class=\"elemento_apilable texto_azul_cuatro fondo_gris_uno enlace\" data-enlace=\"https:\/\/www.ucm.edu.co\/en\/semillero_inv\/semillero-gestar\/\">\n\t\t<div class=\"overlap_elemento_apilable\">\n\t\t<\/div>\n\t\t<div class=\"textos_elemento_apilable\">\n\t\t\t<h3><a  href=\"https:\/\/www.ucm.edu.co\/en\/semillero_inv\/semillero-gestar\/\">Semillero Gestar<\/a><\/h3>\n\t\t<\/div>\n\t\t<span class=\"texto_azul_uno texto_grande texto_bold\">+<\/span>\n\t<\/div>\n\t<div class=\"elemento_apilable texto_azul_cuatro fondo_gris_uno enlace\" data-enlace=\"https:\/\/www.ucm.edu.co\/en\/semillero_inv\/semillero-luminares\/\">\n\t\t<div class=\"overlap_elemento_apilable\">\n\t\t<\/div>\n\t\t<div class=\"textos_elemento_apilable\">\n\t\t\t<h3><a  href=\"https:\/\/www.ucm.edu.co\/en\/semillero_inv\/semillero-luminares\/\">Semillero Luminares<\/a><\/h3>\n\t\t<\/div>\n\t\t<span class=\"texto_azul_uno texto_grande texto_bold\">+<\/span>\n\t<\/div>\n\t<div class=\"elemento_apilable texto_azul_cuatro fondo_gris_uno enlace\" data-enlace=\"https:\/\/www.ucm.edu.co\/en\/semillero_inv\/semillero-gestion-del-cuidado\/\">\n\t\t<div class=\"overlap_elemento_apilable\">\n\t\t<\/div>\n\t\t<div class=\"textos_elemento_apilable\">\n\t\t\t<h3><a  href=\"https:\/\/www.ucm.edu.co\/en\/semillero_inv\/semillero-gestion-del-cuidado\/\">Semillero Gesti\u00f3n del Cuidado<\/a><\/h3>\n\t\t<\/div>\n\t\t<span class=\"texto_azul_uno texto_grande texto_bold\">+<\/span>\n\t<\/div>\n\t<div class=\"elemento_apilable texto_azul_cuatro fondo_gris_uno enlace\" data-enlace=\"https:\/\/www.ucm.edu.co\/en\/semillero_inv\/semillero-de-investigacion-de-microorganismos-en-alimentos-sima\/\">\n\t\t<div class=\"overlap_elemento_apilable\">\n\t\t<\/div>\n\t\t<div class=\"textos_elemento_apilable\">\n\t\t\t<h3><a  href=\"https:\/\/www.ucm.edu.co\/en\/semillero_inv\/semillero-de-investigacion-de-microorganismos-en-alimentos-sima\/\">Semillero de Investigaci\u00f3n de Microorganismos en Alimentos\u00a0(SIMA)\ufffc<\/a><\/h3>\n\t\t<\/div>\n\t\t<span class=\"texto_azul_uno texto_grande texto_bold\">+<\/span>\n\t<\/div>\n\t<div class=\"elemento_apilable texto_azul_cuatro fondo_gris_uno enlace\" data-enlace=\"https:\/\/www.ucm.edu.co\/en\/semillero_inv\/semillero-de-conservacion-de-hongos-y-bacterias-cohobac\/\">\n\t\t<div class=\"overlap_elemento_apilable\">\n\t\t<\/div>\n\t\t<div class=\"textos_elemento_apilable\">\n\t\t\t<h3><a  href=\"https:\/\/www.ucm.edu.co\/en\/semillero_inv\/semillero-de-conservacion-de-hongos-y-bacterias-cohobac\/\">Semillero de Conservaci\u00f3n de Hongos y Bacterias &#8211;  COHOBAC<\/a><\/h3>\n\t\t<\/div>\n\t\t<span class=\"texto_azul_uno texto_grande texto_bold\">+<\/span>\n\t<\/div>\n\t<div class=\"elemento_apilable texto_azul_cuatro fondo_gris_uno enlace\" data-enlace=\"https:\/\/www.ucm.edu.co\/en\/semillero_inv\/semillero-estudios-en-memoria-y-paz\/\">\n\t\t<div class=\"overlap_elemento_apilable\">\n\t\t<\/div>\n\t\t<div class=\"textos_elemento_apilable\">\n\t\t\t<h3><a  href=\"https:\/\/www.ucm.edu.co\/en\/semillero_inv\/semillero-estudios-en-memoria-y-paz\/\">Semillero Estudios en Memoria y Paz<\/a><\/h3>\n\t\t<\/div>\n\t\t<span class=\"texto_azul_uno texto_grande texto_bold\">+<\/span>\n\t<\/div>\n\t<div class=\"elemento_apilable texto_azul_cuatro fondo_gris_uno enlace\" data-enlace=\"https:\/\/www.ucm.edu.co\/en\/semillero_inv\/semillero-paisaje-espacio\/\">\n\t\t<div class=\"overlap_elemento_apilable\">\n\t\t<\/div>\n\t\t<div class=\"textos_elemento_apilable\">\n\t\t\t<h3><a  href=\"https:\/\/www.ucm.edu.co\/en\/semillero_inv\/semillero-paisaje-espacio\/\">Semillero Paisaje &#038; Espacio<\/a><\/h3>\n\t\t<\/div>\n\t\t<span class=\"texto_azul_uno texto_grande texto_bold\">+<\/span>\n\t<\/div>\n<\/div>","protected":false},"excerpt":{"rendered":"<p>La Universidad Cat\u00f3lica de Manizales propende por la formaci\u00f3n integral de sus estudiantes a partir de procesos de calidad e innovaci\u00f3n que contribuyan a la transformaci\u00f3n social y cultural. Por [&hellip;]<\/p>\n","protected":false},"author":8,"featured_media":0,"parent":0,"menu_order":411,"comment_status":"closed","ping_status":"closed","template":"","meta":{"_et_pb_use_builder":"off","_et_pb_old_content":"","_et_gb_content_width":"","content-type":"","_monsterinsights_skip_tracking":false,"_monsterinsights_sitenote_active":false,"_monsterinsights_sitenote_note":"","_monsterinsights_sitenote_category":0,"footnotes":""},"class_list":["post-184884","page","type-page","status-publish","hentry"],"yoast_head":"<!-- This site is optimized with the Yoast SEO plugin v27.4 - https:\/\/yoast.com\/product\/yoast-seo-wordpress\/ -->\n<title>Semilleros de investigaci\u00f3n - UCM - Universidad Cat\u00f3lica de Manizales<\/title>\n<meta name=\"robots\" content=\"index, follow, max-snippet:-1, max-image-preview:large, max-video-preview:-1\" \/>\n<link rel=\"canonical\" href=\"https:\/\/www.ucm.edu.co\/en\/semilleros-de-investigacion\/\" \/>\n<meta property=\"og:locale\" content=\"en_US\" \/>\n<meta property=\"og:type\" content=\"article\" \/>\n<meta property=\"og:title\" content=\"Semilleros de investigaci\u00f3n - UCM - Universidad Cat\u00f3lica de Manizales\" \/>\n<meta property=\"og:description\" content=\"La Universidad Cat\u00f3lica de Manizales propende por la formaci\u00f3n integral de sus estudiantes a partir de procesos de calidad e innovaci\u00f3n que contribuyan a la transformaci\u00f3n social y cultural. Por [&hellip;]\" \/>\n<meta property=\"og:url\" content=\"https:\/\/www.ucm.edu.co\/en\/semilleros-de-investigacion\/\" \/>\n<meta property=\"og:site_name\" content=\"UCM - Universidad Cat\u00f3lica de Manizales\" \/>\n<meta property=\"article:publisher\" content=\"https:\/\/www.facebook.com\/ucatolicamanizales\" \/>\n<meta property=\"article:modified_time\" content=\"2022-07-19T16:51:20+00:00\" \/>\n<meta name=\"twitter:card\" content=\"summary_large_image\" \/>\n<meta name=\"twitter:site\" content=\"@ucm_manizales\" \/>\n<meta name=\"twitter:label1\" content=\"Est. reading time\" \/>\n\t<meta name=\"twitter:data1\" content=\"1 minute\" \/>\n<script type=\"application\/ld+json\" class=\"yoast-schema-graph\">{\"@context\":\"https:\\\/\\\/schema.org\",\"@graph\":[{\"@type\":\"WebPage\",\"@id\":\"https:\\\/\\\/www.ucm.edu.co\\\/semilleros-de-investigacion\\\/\",\"url\":\"https:\\\/\\\/www.ucm.edu.co\\\/semilleros-de-investigacion\\\/\",\"name\":\"Semilleros de investigaci\u00f3n - UCM - Universidad Cat\u00f3lica de Manizales\",\"isPartOf\":{\"@id\":\"https:\\\/\\\/www.ucm.edu.co\\\/#website\"},\"datePublished\":\"2021-03-04T12:28:30+00:00\",\"dateModified\":\"2022-07-19T16:51:20+00:00\",\"breadcrumb\":{\"@id\":\"https:\\\/\\\/www.ucm.edu.co\\\/semilleros-de-investigacion\\\/#breadcrumb\"},\"inLanguage\":\"en-US\",\"potentialAction\":[{\"@type\":\"ReadAction\",\"target\":[\"https:\\\/\\\/www.ucm.edu.co\\\/semilleros-de-investigacion\\\/\"]}]},{\"@type\":\"BreadcrumbList\",\"@id\":\"https:\\\/\\\/www.ucm.edu.co\\\/semilleros-de-investigacion\\\/#breadcrumb\",\"itemListElement\":[{\"@type\":\"ListItem\",\"position\":1,\"name\":\"Portada\",\"item\":\"https:\\\/\\\/www.ucm.edu.co\\\/\"},{\"@type\":\"ListItem\",\"position\":2,\"name\":\"Semilleros de investigaci\u00f3n\"}]},{\"@type\":\"WebSite\",\"@id\":\"https:\\\/\\\/www.ucm.edu.co\\\/#website\",\"url\":\"https:\\\/\\\/www.ucm.edu.co\\\/\",\"name\":\"UCM - Universidad Cat\u00f3lica de Manizales\",\"description\":\"Ven a ser quien quieres ser\",\"publisher\":{\"@id\":\"https:\\\/\\\/www.ucm.edu.co\\\/#organization\"},\"alternateName\":\"UCM\",\"potentialAction\":[{\"@type\":\"SearchAction\",\"target\":{\"@type\":\"EntryPoint\",\"urlTemplate\":\"https:\\\/\\\/www.ucm.edu.co\\\/?s={search_term_string}\"},\"query-input\":{\"@type\":\"PropertyValueSpecification\",\"valueRequired\":true,\"valueName\":\"search_term_string\"}}],\"inLanguage\":\"en-US\"},{\"@type\":\"Organization\",\"@id\":\"https:\\\/\\\/www.ucm.edu.co\\\/#organization\",\"name\":\"Universidad Cat\u00f3lica de Manizales\",\"alternateName\":\"UCM\",\"url\":\"https:\\\/\\\/www.ucm.edu.co\\\/\",\"logo\":{\"@type\":\"ImageObject\",\"inLanguage\":\"en-US\",\"@id\":\"https:\\\/\\\/www.ucm.edu.co\\\/#\\\/schema\\\/logo\\\/image\\\/\",\"url\":\"https:\\\/\\\/www.ucm.edu.co\\\/wp-content\\\/uploads\\\/2021\\\/03\\\/favicon_ucm.png\",\"contentUrl\":\"https:\\\/\\\/www.ucm.edu.co\\\/wp-content\\\/uploads\\\/2021\\\/03\\\/favicon_ucm.png\",\"width\":512,\"height\":512,\"caption\":\"Universidad Cat\u00f3lica de Manizales\"},\"image\":{\"@id\":\"https:\\\/\\\/www.ucm.edu.co\\\/#\\\/schema\\\/logo\\\/image\\\/\"},\"sameAs\":[\"https:\\\/\\\/www.facebook.com\\\/ucatolicamanizales\",\"https:\\\/\\\/x.com\\\/ucm_manizales\",\"https:\\\/\\\/www.instagram.com\\\/ucatolicamanizales\\\/\",\"https:\\\/\\\/co.linkedin.com\\\/school\\\/ucatolicamanizales\\\/\",\"https:\\\/\\\/www.youtube.com\\\/user\\\/UCMtelevision\"]}]}<\/script>\n<!-- \/ Yoast SEO plugin. -->","yoast_head_json":{"title":"Semilleros de investigaci\u00f3n - UCM - Universidad Cat\u00f3lica de Manizales","robots":{"index":"index","follow":"follow","max-snippet":"max-snippet:-1","max-image-preview":"max-image-preview:large","max-video-preview":"max-video-preview:-1"},"canonical":"https:\/\/www.ucm.edu.co\/en\/semilleros-de-investigacion\/","og_locale":"en_US","og_type":"article","og_title":"Semilleros de investigaci\u00f3n - UCM - Universidad Cat\u00f3lica de Manizales","og_description":"La Universidad Cat\u00f3lica de Manizales propende por la formaci\u00f3n integral de sus estudiantes a partir de procesos de calidad e innovaci\u00f3n que contribuyan a la transformaci\u00f3n social y cultural. Por [&hellip;]","og_url":"https:\/\/www.ucm.edu.co\/en\/semilleros-de-investigacion\/","og_site_name":"UCM - Universidad Cat\u00f3lica de Manizales","article_publisher":"https:\/\/www.facebook.com\/ucatolicamanizales","article_modified_time":"2022-07-19T16:51:20+00:00","twitter_card":"summary_large_image","twitter_site":"@ucm_manizales","twitter_misc":{"Est. reading time":"1 minute"},"schema":{"@context":"https:\/\/schema.org","@graph":[{"@type":"WebPage","@id":"https:\/\/www.ucm.edu.co\/semilleros-de-investigacion\/","url":"https:\/\/www.ucm.edu.co\/semilleros-de-investigacion\/","name":"Semilleros de investigaci\u00f3n - UCM - Universidad Cat\u00f3lica de Manizales","isPartOf":{"@id":"https:\/\/www.ucm.edu.co\/#website"},"datePublished":"2021-03-04T12:28:30+00:00","dateModified":"2022-07-19T16:51:20+00:00","breadcrumb":{"@id":"https:\/\/www.ucm.edu.co\/semilleros-de-investigacion\/#breadcrumb"},"inLanguage":"en-US","potentialAction":[{"@type":"ReadAction","target":["https:\/\/www.ucm.edu.co\/semilleros-de-investigacion\/"]}]},{"@type":"BreadcrumbList","@id":"https:\/\/www.ucm.edu.co\/semilleros-de-investigacion\/#breadcrumb","itemListElement":[{"@type":"ListItem","position":1,"name":"Portada","item":"https:\/\/www.ucm.edu.co\/"},{"@type":"ListItem","position":2,"name":"Semilleros de investigaci\u00f3n"}]},{"@type":"WebSite","@id":"https:\/\/www.ucm.edu.co\/#website","url":"https:\/\/www.ucm.edu.co\/","name":"UCM - Universidad Cat\u00f3lica de Manizales","description":"Ven a ser quien quieres ser","publisher":{"@id":"https:\/\/www.ucm.edu.co\/#organization"},"alternateName":"UCM","potentialAction":[{"@type":"SearchAction","target":{"@type":"EntryPoint","urlTemplate":"https:\/\/www.ucm.edu.co\/?s={search_term_string}"},"query-input":{"@type":"PropertyValueSpecification","valueRequired":true,"valueName":"search_term_string"}}],"inLanguage":"en-US"},{"@type":"Organization","@id":"https:\/\/www.ucm.edu.co\/#organization","name":"Universidad Cat\u00f3lica de Manizales","alternateName":"UCM","url":"https:\/\/www.ucm.edu.co\/","logo":{"@type":"ImageObject","inLanguage":"en-US","@id":"https:\/\/www.ucm.edu.co\/#\/schema\/logo\/image\/","url":"https:\/\/www.ucm.edu.co\/wp-content\/uploads\/2021\/03\/favicon_ucm.png","contentUrl":"https:\/\/www.ucm.edu.co\/wp-content\/uploads\/2021\/03\/favicon_ucm.png","width":512,"height":512,"caption":"Universidad Cat\u00f3lica de Manizales"},"image":{"@id":"https:\/\/www.ucm.edu.co\/#\/schema\/logo\/image\/"},"sameAs":["https:\/\/www.facebook.com\/ucatolicamanizales","https:\/\/x.com\/ucm_manizales","https:\/\/www.instagram.com\/ucatolicamanizales\/","https:\/\/co.linkedin.com\/school\/ucatolicamanizales\/","https:\/\/www.youtube.com\/user\/UCMtelevision"]}]}},"_links":{"self":[{"href":"https:\/\/www.ucm.edu.co\/en\/wp-json\/wp\/v2\/pages\/184884","targetHints":{"allow":["GET"]}}],"collection":[{"href":"https:\/\/www.ucm.edu.co\/en\/wp-json\/wp\/v2\/pages"}],"about":[{"href":"https:\/\/www.ucm.edu.co\/en\/wp-json\/wp\/v2\/types\/page"}],"author":[{"embeddable":true,"href":"https:\/\/www.ucm.edu.co\/en\/wp-json\/wp\/v2\/users\/8"}],"replies":[{"embeddable":true,"href":"https:\/\/www.ucm.edu.co\/en\/wp-json\/wp\/v2\/comments?post=184884"}],"version-history":[{"count":5,"href":"https:\/\/www.ucm.edu.co\/en\/wp-json\/wp\/v2\/pages\/184884\/revisions"}],"predecessor-version":[{"id":202322,"href":"https:\/\/www.ucm.edu.co\/en\/wp-json\/wp\/v2\/pages\/184884\/revisions\/202322"}],"wp:attachment":[{"href":"https:\/\/www.ucm.edu.co\/en\/wp-json\/wp\/v2\/media?parent=184884"}],"curies":[{"name":"wp","href":"https:\/\/api.w.org\/{rel}","templated":true}]}}