{"id":93,"date":"2023-01-31T15:20:31","date_gmt":"2023-01-31T20:20:31","guid":{"rendered":"https:\/\/www.ucm.edu.co\/autoevaluacion-reacreditacion\/?page_id=93"},"modified":"2023-09-02T13:12:30","modified_gmt":"2023-09-02T18:12:30","slug":"factor-5-old","status":"publish","type":"page","link":"https:\/\/www.ucm.edu.co\/autoevaluacion-reacreditacion\/factor-5-old\/","title":{"rendered":"Factor 5 Old"},"content":{"rendered":"\n<div class=\"wp-block-themepunch-revslider revslider\" data-modal=\"false\" data-slidertitle=\"Factor 5\" style=\"\">\n\t\t\t\t<p class=\"rs-p-wp-fix\"><\/p>\n\t\t\t\t<sr7-module data-alias=\"factor-1-13\" data-id=\"13\" id=\"SR7_13_1\" class=\"rs-respect-topbar rs-ov-hidden\" data-version=\"6.7.40\">\n\t\t\t\t\t<sr7-adjuster><\/sr7-adjuster>\n\t\t\t\t\t<sr7-content>\n\t\t\t\t\t\t<sr7-slide id=\"SR7_13_1-26\" data-key=\"26\">\n\t\t\t\t\t\t\t<sr7-bg id=\"SR7_13_1-26-169\" class=\"sr7-layer\"><noscript><img decoding=\"async\" src=\"https:\/\/www.ucm.edu.co\/autoevaluacion-reacreditacion\/wp-content\/uploads\/2023\/01\/background-factores.jpg\" alt=\"\" title=\"background-factores\"><\/noscript><\/sr7-bg>\n\t\t\t\t\t\t\t<sr7-txt id=\"SR7_13_1-26-3\" class=\"sr7-layer\">Juicio Global de Calidad:<span style=\"font-family: 'Ayer Poster Bold', Arial, sans-serif !important; font-weight:900;\"> 4.80\/5 <\/span> <br \/>\n<\/sr7-txt>\n\t\t\t\t\t\t\t<sr7-txt id=\"SR7_13_1-26-4\" class=\"sr7-layer\"><span style =\"color: #5bc5f2;\">30<\/span> programas acad\u00e9micos<br \/>\n<span style =\"color: #5bc5f2;\">12<\/span> pregrados<br \/>\n<span style =\"color: #5bc5f2;\">18<\/span> posgrados<\/sr7-txt>\n\t\t\t\t\t\t\t<sr7-txt id=\"SR7_13_1-26-12\" class=\"sr7-layer\">Oferta pertinente<\/sr7-txt>\n\t\t\t\t\t\t\t<sr7-txt id=\"SR7_13_1-26-14\" class=\"sr7-layer\"><span style=\"font-family: 'Ayer Poster Bold', Arial, sans-serif !important; font-weight:900;\">Factor 5. <\/span> Estructura y procesos acad\u00e9micos<\/sr7-txt>\n\t\t\t\t\t\t\t<sr7-txt id=\"SR7_13_1-26-15\" class=\"sr7-layer\">|<\/sr7-txt>\n\t\t\t\t\t\t\t<sr7-txt id=\"SR7_13_1-26-16\" class=\"sr7-layer\">2018<\/sr7-txt>\n\t\t\t\t\t\t\t<sr7-txt id=\"SR7_13_1-26-39\" class=\"sr7-layer\">2022<\/sr7-txt>\n\t\t\t\t\t\t\t<sr7-txt id=\"SR7_13_1-26-40\" class=\"sr7-layer\">|<\/sr7-txt>\n\t\t\t\t\t\t\t<sr7-txt id=\"SR7_13_1-26-41\" class=\"sr7-layer\"><span style =\"color: #5bc5f2;\">36<\/span> programas acad\u00e9micos<br \/>\n<span style =\"color: #5bc5f2;\">12<\/span> pregrados <br \/>\n<span style =\"color: #5bc5f2;\">24<\/span> posgrados<\/sr7-txt>\n\t\t\t\t\t\t\t<sr7-txt id=\"SR7_13_1-26-42\" class=\"sr7-layer\">II<\/sr7-txt>\n\t\t\t\t\t\t\t<sr7-txt id=\"SR7_13_1-26-44\" class=\"sr7-layer\"><span style =\"color: #5bc5f2;\">Presencia en 9 centros tutoriales:<\/span><br \/>\nManizales, Cali, Tulu\u00e1, C\u00facuta, Medell\u00edn, Pitalito, Pasto,<br \/>\nPopay\u00e1n y Bucaramanga<\/sr7-txt>\n\t\t\t\t\t\t\t<sr7-txt id=\"SR7_13_1-26-45\" class=\"sr7-layer\">Presencia nacional<\/sr7-txt>\n\t\t\t\t\t\t\t<sr7-txt id=\"SR7_13_1-26-161\" class=\"sr7-layer\">I<\/sr7-txt>\n\t\t\t\t\t\t<\/sr7-slide>\n\t\t\t\t\t\t<sr7-slide id=\"SR7_13_1-27\" data-key=\"27\">\n\t\t\t\t\t\t\t<sr7-bg id=\"SR7_13_1-27-194\" class=\"sr7-layer\"><noscript><img decoding=\"async\" src=\"https:\/\/www.ucm.edu.co\/autoevaluacion-reacreditacion\/wp-content\/uploads\/2023\/01\/background-factores.jpg\" alt=\"\" title=\"background-factores\"><\/noscript><\/sr7-bg>\n\t\t\t\t\t\t\t<sr7-txt id=\"SR7_13_1-27-26\" class=\"sr7-layer\">Juicio Global de Calidad:<span style=\"font-family: 'Ayer Poster Bold', Arial, sans-serif !important; font-weight:900;\"> 4.80\/5 <\/span> <br \/>\n<\/sr7-txt>\n\t\t\t\t\t\t\t<sr7-txt id=\"SR7_13_1-27-27\" class=\"sr7-layer\">IV<\/sr7-txt>\n\t\t\t\t\t\t\t<sr7-txt id=\"SR7_13_1-27-29\" class=\"sr7-layer\"><span style =\"color: #5bc5f2;\">9<\/span> posgrados nuevos<\/sr7-txt>\n\t\t\t\t\t\t\t<sr7-txt id=\"SR7_13_1-27-30\" class=\"sr7-layer\">Programas nuevos<\/sr7-txt>\n\t\t\t\t\t\t\t<sr7-txt id=\"SR7_13_1-27-31\" class=\"sr7-layer\">|<\/sr7-txt>\n\t\t\t\t\t\t\t<sr7-txt id=\"SR7_13_1-27-35\" class=\"sr7-layer\">2018 \/<br \/>\n2022<\/sr7-txt>\n\t\t\t\t\t\t\t<sr7-txt id=\"SR7_13_1-27-36\" class=\"sr7-layer\"><span style=\"font-family: 'Ayer Poster Bold', Arial, sans-serif !important; font-weight:900;\">Factor 5. <\/span> Estructura y procesos acad\u00e9micos<\/sr7-txt>\n\t\t\t\t\t\t\t<sr7-txt id=\"SR7_13_1-27-37\" class=\"sr7-layer\"><span style =\"color: #5bc5f2;\">15<\/span> programas nuevos en proceso<br \/>\n      \u2022 3 Pregrados<br \/>\n      \u2022 4 T\u00e9cnicos y Tecnol\u00f3gicos<br \/>\n      \u2022 3 Especializaciones<br \/>\n      \u2022 4 Maestr\u00edas<br \/>\n      \u2022 1 Doctorado<\/sr7-txt>\n\t\t\t\t\t\t\t<sr7-txt id=\"SR7_13_1-27-149\" class=\"sr7-layer\"><span style =\"color: #5bc5f2;\">18<\/span> programas<\/sr7-txt>\n\t\t\t\t\t\t\t<sr7-txt id=\"SR7_13_1-27-150\" class=\"sr7-layer\">Renovaci\u00f3n de registro calificado<\/sr7-txt>\n\t\t\t\t\t\t\t<sr7-txt id=\"SR7_13_1-27-151\" class=\"sr7-layer\">|<\/sr7-txt>\n\t\t\t\t\t\t\t<sr7-txt id=\"SR7_13_1-27-152\" class=\"sr7-layer\">2018 \/<br \/>\n2022<\/sr7-txt>\n\t\t\t\t\t\t\t<sr7-txt id=\"SR7_13_1-27-193\" class=\"sr7-layer\">III<\/sr7-txt>\n\t\t\t\t\t\t<\/sr7-slide>\n\t\t\t\t\t\t<sr7-slide id=\"SR7_13_1-98\" data-key=\"98\">\n\t\t\t\t\t\t\t<sr7-txt id=\"SR7_13_1-98-10\" class=\"sr7-layer\"><i class=\"material-icons\" style =\"font-size: 16px;\" >add<\/i>  Factores<\/sr7-txt>\n\t\t\t\t\t\t\t<sr7-txt id=\"SR7_13_1-98-17\" class=\"sr7-layer\">Anterior<\/sr7-txt>\n\t\t\t\t\t\t\t<sr7-txt id=\"SR7_13_1-98-18\" class=\"sr7-layer\"> <i class=\"fa-chevron-left\"><\/i><\/sr7-txt>\n\t\t\t\t\t\t\t<sr7-txt id=\"SR7_13_1-98-20\" class=\"sr7-layer\">Anterior<\/sr7-txt>\n\t\t\t\t\t\t\t<sr7-txt id=\"SR7_13_1-98-24\" class=\"sr7-layer\">Siguiente<\/sr7-txt>\n\t\t\t\t\t\t\t<sr7-txt id=\"SR7_13_1-98-33\" class=\"sr7-layer\">Siguiente<\/sr7-txt>\n\t\t\t\t\t\t\t<sr7-txt id=\"SR7_13_1-98-34\" class=\"sr7-layer\"> <i class=\"fa-chevron-right\"><\/i><\/sr7-txt>\n\t\t\t\t\t\t\t<a id=\"SR7_13_1-98-162\" class=\"sr7-layer\" href=\"https:\/\/www.ucm.edu.co\/autoevaluacion-reacreditacion\/factor-11\" target=\"_self\">Factor  XI<\/a>\n\t\t\t\t\t\t\t<a id=\"SR7_13_1-98-164\" class=\"sr7-layer\" href=\"https:\/\/www.ucm.edu.co\/autoevaluacion-reacreditacion\/factor-5\" target=\"_self\">Factor  V<\/a>\n\t\t\t\t\t\t\t<a id=\"SR7_13_1-98-166\" class=\"sr7-layer\" href=\"https:\/\/www.ucm.edu.co\/autoevaluacion-reacreditacion\/factor-10\" target=\"_self\">Factor  X<\/a>\n\t\t\t\t\t\t\t<a id=\"SR7_13_1-98-167\" class=\"sr7-layer\" href=\"https:\/\/www.ucm.edu.co\/autoevaluacion-reacreditacion\/factor-4\" target=\"_self\">Factor  IV<\/a>\n\t\t\t\t\t\t\t<a id=\"SR7_13_1-98-171\" class=\"sr7-layer\" href=\"https:\/\/www.ucm.edu.co\/autoevaluacion-reacreditacion\/factor-3\" target=\"_self\">Factor  III<\/a>\n\t\t\t\t\t\t\t<a id=\"SR7_13_1-98-173\" class=\"sr7-layer\" href=\"https:\/\/www.ucm.edu.co\/autoevaluacion-reacreditacion\/factor-2\" target=\"_self\">Factor  II<\/a>\n\t\t\t\t\t\t\t<a id=\"SR7_13_1-98-175\" class=\"sr7-layer\" href=\"https:\/\/www.ucm.edu.co\/autoevaluacion-reacreditacion\/factor-1\/\" target=\"_self\">Factor I<\/a>\n\t\t\t\t\t\t\t<a id=\"SR7_13_1-98-177\" class=\"sr7-layer\" href=\"https:\/\/www.ucm.edu.co\/autoevaluacion-reacreditacion\/factor-6\" target=\"_self\">Factor  VI<\/a>\n\t\t\t\t\t\t\t<a id=\"SR7_13_1-98-180\" class=\"sr7-layer\" href=\"https:\/\/www.ucm.edu.co\/autoevaluacion-reacreditacion\/factor-7\" target=\"_self\">Factor  VII<\/a>\n\t\t\t\t\t\t\t<a id=\"SR7_13_1-98-181\" class=\"sr7-layer\" href=\"https:\/\/www.ucm.edu.co\/autoevaluacion-reacreditacion\/factor-8\" target=\"_self\">Factor  VIII<\/a>\n\t\t\t\t\t\t\t<a id=\"SR7_13_1-98-183\" class=\"sr7-layer\" href=\"https:\/\/www.ucm.edu.co\/autoevaluacion-reacreditacion\/factor-9\" target=\"_self\">Factor  IX<\/a>\n\t\t\t\t\t\t\t<a id=\"SR7_13_1-98-186\" class=\"sr7-layer\" href=\"https:\/\/www.ucm.edu.co\/autoevaluacion-reacreditacion\/factor-12\" target=\"_self\">Factor  XII<\/a>\n\t\t\t\t\t\t<\/sr7-slide>\n\t\t\t\t\t<\/sr7-content>\n\t\t\t\t\t<image_lists style=\"display:none\">\n\t\t\t\t\t\t<img data-src=\"\/\/www.ucm.edu.co\/autoevaluacion-reacreditacion\/wp-content\/uploads\/2023\/01\/background-factores.jpg\" data-libid=\"109\" data-lib=\"medialibrary\" title=\"background-factores\" width=\"0\" height=\"0\" data-dbsrc=\"Ly93d3cudWNtLmVkdS5jby9hdXRvZXZhbHVhY2lvbi1yZWFjcmVkaXRhY2lvbi93cC1jb250ZW50L3VwbG9hZHMvMjAyMy8wMS9iYWNrZ3JvdW5kLWZhY3RvcmVzLmpwZw==\"\/>\n\t\t\t\t\t\t<img data-src=\"\/\/www.ucm.edu.co\/autoevaluacion-reacreditacion\/wp-content\/uploads\/2023\/01\/constelacion_01.png\" data-libid=\"58\" data-lib=\"medialibrary\" title=\"constelacion_01\" width=\"0\" height=\"0\" data-dbsrc=\"Ly93d3cudWNtLmVkdS5jby9hdXRvZXZhbHVhY2lvbi1yZWFjcmVkaXRhY2lvbi93cC1jb250ZW50L3VwbG9hZHMvMjAyMy8wMS9jb25zdGVsYWNpb25fMDEucG5n\"\/>\n\t\t\t\t\t\t<img data-src=\"\/\/www.ucm.edu.co\/autoevaluacion-reacreditacion\/wp-content\/uploads\/2023\/02\/logo_socializacion_autoevaluacion_reacreditacion_ucm.png\" data-libid=\"168\" data-lib=\"medialibrary\" title=\"logo_socializacion_autoevaluacion_reacreditacion_ucm\" width=\"0\" height=\"0\" data-dbsrc=\"Ly93d3cudWNtLmVkdS5jby9hdXRvZXZhbHVhY2lvbi1yZWFjcmVkaXRhY2lvbi93cC1jb250ZW50L3VwbG9hZHMvMjAyMy8wMi9sb2dvX3NvY2lhbGl6YWNpb25fYXV0b2V2YWx1YWNpb25fcmVhY3JlZGl0YWNpb25fdWNtLnBuZw==\"\/>\n\t\t\t\t\t\t<img loading=\"lazy\" data-src=\"\/\/www.ucm.edu.co\/autoevaluacion-reacreditacion\/wp-content\/uploads\/2023\/02\/factor_05_akademos.png\" data-libid=\"174\" data-lib=\"medialibrary\" title=\"factor_05_akademos\" width=\"0\" height=\"0\" data-dbsrc=\"Ly93d3cudWNtLmVkdS5jby9hdXRvZXZhbHVhY2lvbi1yZWFjcmVkaXRhY2lvbi93cC1jb250ZW50L3VwbG9hZHMvMjAyMy8wMi9mYWN0b3JfMDVfYWthZGVtb3MucG5n\"\/>\n\t\t\t\t\t<\/image_lists>\n\t\t\t\t<\/sr7-module>\n\t\t\t\t<script>\n\t\t\t\t\tSR7.PMH ??={}; SR7.PMH[\"SR7_13_1\"] = {cn:100,state:false,fn: function() { if (_tpt!==undefined && _tpt.prepareModuleHeight !== undefined) {  _tpt.prepareModuleHeight({id:\"SR7_13_1\",el:[900,900,768,960,720],type:'standard',shdw:'0',gh:[900,900,768,960,720],gw:[1240,1240,1024,778,480],vpt:['100px&#039;,&#039;100px&#039;,&#039;100px&#039;,&#039;100px&#039;,&#039;100px'],size:{fullWidth:true, fullHeight:true},fho:'#masthead,',mh:'0',onh:0,onw:0,bg:{color:'{\"type\":\"solid\",\"orig\":\"#000000\",\"string\":\"rgba(0, 0, 0, 1)\"}'}});   SR7.PMH[\"SR7_13_1\"].state=true;} else if(SR7.PMH[\"SR7_13_1\"].cn-->0)\tsetTimeout( SR7.PMH[\"SR7_13_1\"].fn,19);}};SR7.PMH[\"SR7_13_1\" ].fn();\n\t\t\t\t<\/script>\n<\/div>\n","protected":false},"excerpt":{"rendered":"","protected":false},"author":1,"featured_media":0,"parent":0,"menu_order":0,"comment_status":"closed","ping_status":"closed","template":"..\/public\/views\/revslider-page-template.php","meta":{"_monsterinsights_skip_tracking":false,"_monsterinsights_sitenote_active":false,"_monsterinsights_sitenote_note":"","_monsterinsights_sitenote_category":0,"site-sidebar-layout":"default","site-content-layout":"","ast-site-content-layout":"default","site-content-style":"default","site-sidebar-style":"default","ast-global-header-display":"","ast-banner-title-visibility":"","ast-main-header-display":"","ast-hfb-above-header-display":"","ast-hfb-below-header-display":"","ast-hfb-mobile-header-display":"","site-post-title":"","ast-breadcrumbs-content":"","ast-featured-img":"","footer-sml-layout":"","ast-disable-related-posts":"","theme-transparent-header-meta":"","adv-header-id-meta":"","stick-header-meta":"","header-above-stick-meta":"","header-main-stick-meta":"","header-below-stick-meta":"","astra-migrate-meta-layouts":"default","ast-page-background-enabled":"default","ast-page-background-meta":{"desktop":{"background-color":"var(--ast-global-color-4)","background-image":"","background-repeat":"repeat","background-position":"center center","background-size":"auto","background-attachment":"scroll","background-type":"","background-media":"","overlay-type":"","overlay-color":"","overlay-opacity":"","overlay-gradient":""},"tablet":{"background-color":"","background-image":"","background-repeat":"repeat","background-position":"center center","background-size":"auto","background-attachment":"scroll","background-type":"","background-media":"","overlay-type":"","overlay-color":"","overlay-opacity":"","overlay-gradient":""},"mobile":{"background-color":"","background-image":"","background-repeat":"repeat","background-position":"center center","background-size":"auto","background-attachment":"scroll","background-type":"","background-media":"","overlay-type":"","overlay-color":"","overlay-opacity":"","overlay-gradient":""}},"ast-content-background-meta":{"desktop":{"background-color":"var(--ast-global-color-5)","background-image":"","background-repeat":"repeat","background-position":"center center","background-size":"auto","background-attachment":"scroll","background-type":"","background-media":"","overlay-type":"","overlay-color":"","overlay-opacity":"","overlay-gradient":""},"tablet":{"background-color":"var(--ast-global-color-5)","background-image":"","background-repeat":"repeat","background-position":"center center","background-size":"auto","background-attachment":"scroll","background-type":"","background-media":"","overlay-type":"","overlay-color":"","overlay-opacity":"","overlay-gradient":""},"mobile":{"background-color":"var(--ast-global-color-5)","background-image":"","background-repeat":"repeat","background-position":"center center","background-size":"auto","background-attachment":"scroll","background-type":"","background-media":"","overlay-type":"","overlay-color":"","overlay-opacity":"","overlay-gradient":""}},"footnotes":""},"class_list":["post-93","page","type-page","status-publish","hentry"],"_links":{"self":[{"href":"https:\/\/www.ucm.edu.co\/autoevaluacion-reacreditacion\/wp-json\/wp\/v2\/pages\/93","targetHints":{"allow":["GET"]}}],"collection":[{"href":"https:\/\/www.ucm.edu.co\/autoevaluacion-reacreditacion\/wp-json\/wp\/v2\/pages"}],"about":[{"href":"https:\/\/www.ucm.edu.co\/autoevaluacion-reacreditacion\/wp-json\/wp\/v2\/types\/page"}],"author":[{"embeddable":true,"href":"https:\/\/www.ucm.edu.co\/autoevaluacion-reacreditacion\/wp-json\/wp\/v2\/users\/1"}],"replies":[{"embeddable":true,"href":"https:\/\/www.ucm.edu.co\/autoevaluacion-reacreditacion\/wp-json\/wp\/v2\/comments?post=93"}],"version-history":[{"count":3,"href":"https:\/\/www.ucm.edu.co\/autoevaluacion-reacreditacion\/wp-json\/wp\/v2\/pages\/93\/revisions"}],"predecessor-version":[{"id":1149,"href":"https:\/\/www.ucm.edu.co\/autoevaluacion-reacreditacion\/wp-json\/wp\/v2\/pages\/93\/revisions\/1149"}],"wp:attachment":[{"href":"https:\/\/www.ucm.edu.co\/autoevaluacion-reacreditacion\/wp-json\/wp\/v2\/media?parent=93"}],"curies":[{"name":"wp","href":"https:\/\/api.w.org\/{rel}","templated":true}]}}